{"id":749807,"date":"2025-03-03T22:28:46","date_gmt":"2025-03-03T21:28:46","guid":{"rendered":"https:\/\/stoic-curie.212-227-153-4.plesk.page\/producto\/arcas-frigorificas-portateis-icey-tek-hd-70l-vermelho\/"},"modified":"2026-02-25T00:28:09","modified_gmt":"2026-02-25T00:28:09","slug":"arcas-frigorificas-portateis-icey-tek-hd-70l-vermelho","status":"publish","type":"product","link":"https:\/\/stoic-curie.212-227-153-4.plesk.page\/pt\/product\/arcas-frigorificas-portateis-icey-tek-hd-70l-vermelho\/","title":{"rendered":"Geladeiras Port\u00e1teis Icey-Tek HD 70lt Vermelha"},"content":{"rendered":"<p>Geladeiras Port\u00e1teis Icey-Tek HD 70lt Vermelha &#8211; <\/p>\n<p style=\"color: rgb(34, 34, 34); font-family: Arial, Helvetica, sans-serif; font-size: small;\">O cooler de 70L destaca-se como nosso modelo mais vendido, tornando-se uma op\u00e7\u00e3o fant\u00e1stica para sua compra inicial. Seu design alongado \u00e9 perfeito para excurs\u00f5es de pesca de tamanho m\u00e9dio, oferecendo amplo espa\u00e7o para alimentos e suprimentos adequados para 2 a 3 pessoas durante um final de semana. Ele se encaixa convenientemente no porta-malas da maioria dos ve\u00edculos ou pode ser colocado no banco de tr\u00e1s ou na ca\u00e7amba da sua picape.<\/p>\n<p style=\"color: rgb(34, 34, 34); font-family: Arial, Helvetica, sans-serif; font-size: small;\">Nossos coolers Icey-Tek s\u00e3o projetados tanto para atividades profissionais quanto de lazer, garantindo a melhor preserva\u00e7\u00e3o de peixes e alimentos. Com seu isolamento denso, conseguem manter temperaturas frias por v\u00e1rios dias. Cada cooler vem equipado com dois furos roscados de 1 polegada com tampas, que podem servir como viveiro para peixes. Constru\u00eddos para durabilidade, esses coolers possuem dobradi\u00e7as robustas moldadas por inje\u00e7\u00e3o e fechos de elast\u00f4mero termopl\u00e1stico, permitindo que tamb\u00e9m funcionem como assentos.<\/p>\n<p style=\"color: rgb(34, 34, 34); font-family: Arial, Helvetica, sans-serif; font-size: small;\">Os modelos de 160L e 260L s\u00e3o projetados com uma tampa dividida de abertura dupla para maior conveni\u00eancia.<\/p>\n<p style=\"color: rgb(34, 34, 34); font-family: Arial, Helvetica, sans-serif; font-size: small;\">Cada cooler de 70L inclui tr\u00eas dobradi\u00e7as moldadas por inje\u00e7\u00e3o ultra-resistentes que param um pouco al\u00e9m de 90 graus, eliminando a necessidade de cordas para manter as tampas abertas.<\/p>\n<p style=\"color: rgb(34, 34, 34); font-family: Arial, Helvetica, sans-serif; font-size: small;\">A espessura das paredes varia de 80 mm na tampa, onde o isolamento \u00e9 vital, a 40 mm a 45 mm na base e laterais. Essa constru\u00e7\u00e3o oferece excepcional isolamento t\u00e9rmico sem aumentar significativamente o peso.<\/p>\n<p style=\"color: rgb(34, 34, 34); font-family: Arial, Helvetica, sans-serif; font-size: small;\"><strong>Dimens\u00f5es Externas:<\/strong><\/p>\n<ul style=\"color: rgb(34, 34, 34); font-family: Arial, Helvetica, sans-serif; font-size: small;\">\n<li>Comprimento: 855 mm<\/li>\n<li>Altura: 445 mm<\/li>\n<li>Largura: 435 mm<\/li>\n<\/ul>\n<p style=\"color: rgb(34, 34, 34); font-family: Arial, Helvetica, sans-serif; font-size: small;\"><strong>Dimens\u00f5es Internas:<\/strong><\/p>\n<ul style=\"color: rgb(34, 34, 34); font-family: Arial, Helvetica, sans-serif; font-size: small;\">\n<li>Comprimento: 695 mm<\/li>\n<li>Altura: 320 mm<\/li>\n<li>Largura: 310 mm<\/li>\n<\/ul>\n<p style=\"color: rgb(34, 34, 34); font-family: Arial, Helvetica, sans-serif; font-size: small;\"><strong>Peso:<\/strong>&nbsp;12,5 kg<br \/><strong>Altura da Tampa Quando Aberta:<\/strong>&nbsp;875 mm<br \/><strong>Borda da Tampa:<\/strong>&nbsp;28 mm<\/p>\n","protected":false},"excerpt":{"rendered":"<p>Geladeiras Port\u00e1teis Icey-Tek HD 70lt Vermelha &#8211; O cooler de 70L destaca-se como nosso modelo mais vendido, tornando-se uma op\u00e7\u00e3o<\/p>\n","protected":false},"featured_media":5944736,"comment_status":"open","ping_status":"closed","template":"","meta":[],"product_brand":[3007],"product_cat":[2130,1933],"product_tag":[],"class_list":{"0":"post-749807","1":"product","2":"type-product","3":"status-publish","4":"has-post-thumbnail","6":"product_brand-icey-tek-pt","7":"product_cat-acessorios-para-pesca","8":"product_cat-caixas-termicas","10":"first","11":"instock","12":"shipping-taxable","13":"purchasable","14":"product-type-simple"},"_links":{"self":[{"href":"https:\/\/stoic-curie.212-227-153-4.plesk.page\/pt\/wp-json\/wp\/v2\/product\/749807","targetHints":{"allow":["GET"]}}],"collection":[{"href":"https:\/\/stoic-curie.212-227-153-4.plesk.page\/pt\/wp-json\/wp\/v2\/product"}],"about":[{"href":"https:\/\/stoic-curie.212-227-153-4.plesk.page\/pt\/wp-json\/wp\/v2\/types\/product"}],"replies":[{"embeddable":true,"href":"https:\/\/stoic-curie.212-227-153-4.plesk.page\/pt\/wp-json\/wp\/v2\/comments?post=749807"}],"version-history":[{"count":0,"href":"https:\/\/stoic-curie.212-227-153-4.plesk.page\/pt\/wp-json\/wp\/v2\/product\/749807\/revisions"}],"wp:featuredmedia":[{"embeddable":true,"href":"https:\/\/stoic-curie.212-227-153-4.plesk.page\/pt\/wp-json\/wp\/v2\/media\/5944736"}],"wp:attachment":[{"href":"https:\/\/stoic-curie.212-227-153-4.plesk.page\/pt\/wp-json\/wp\/v2\/media?parent=749807"}],"wp:term":[{"taxonomy":"product_brand","embeddable":true,"href":"https:\/\/stoic-curie.212-227-153-4.plesk.page\/pt\/wp-json\/wp\/v2\/product_brand?post=749807"},{"taxonomy":"product_cat","embeddable":true,"href":"https:\/\/stoic-curie.212-227-153-4.plesk.page\/pt\/wp-json\/wp\/v2\/product_cat?post=749807"},{"taxonomy":"product_tag","embeddable":true,"href":"https:\/\/stoic-curie.212-227-153-4.plesk.page\/pt\/wp-json\/wp\/v2\/product_tag?post=749807"}],"curies":[{"name":"wp","href":"https:\/\/api.w.org\/{rel}","templated":true}]}}