{"id":749808,"date":"2025-03-03T22:28:46","date_gmt":"2025-03-03T21:28:46","guid":{"rendered":"https:\/\/stoic-curie.212-227-153-4.plesk.page\/producto\/arcas-frigorificas-portateis-icey-tek-hd-90l-vermelho\/"},"modified":"2026-02-25T00:28:09","modified_gmt":"2026-02-25T00:28:09","slug":"arcas-frigorificas-portateis-icey-tek-hd-90l-vermelho","status":"publish","type":"product","link":"https:\/\/stoic-curie.212-227-153-4.plesk.page\/pt\/product\/arcas-frigorificas-portateis-icey-tek-hd-90l-vermelho\/","title":{"rendered":"Geladeiras Port\u00e1teis Icey-Tek HD 90lt Vermelha"},"content":{"rendered":"<p>Geladeiras Port\u00e1teis Icey-Tek HD 90lt Vermelha &#8211; <\/p>\n<p style=\"color: rgb(34, 34, 34); font-family: Arial, Helvetica, sans-serif; font-size: small;\">Apresentamos as coolers Icey-Tek, fabricadas com orgulho na Austr\u00e1lia e meticulosamente projetadas para profissionais que buscam solu\u00e7\u00f5es de armazenamento confi\u00e1veis para peixes e alimentos. Estas coolers s\u00e3o projetadas com isolamento denso, garantindo que o conte\u00fado permane\u00e7a frio por longos per\u00edodos, otimizando assim a preserva\u00e7\u00e3o da sua pescaria. Cada cooler \u00e9 equipado com dois orif\u00edcios com rosca de 1 polegada, com tampas, tornando-os ideais para uso como viveiro de peixes.<\/p>\n<p style=\"color: rgb(34, 34, 34); font-family: Arial, Helvetica, sans-serif; font-size: small;\">Constru\u00eddas para durabilidade, as coolers Icey-Tek apresentam dobradi\u00e7as robustas moldadas por inje\u00e7\u00e3o e fechos de elast\u00f4mero termopl\u00e1stico, permitindo que elas sirvam tamb\u00e9m como assentos. Os modelos de 160 litros e 260 litros s\u00e3o projetados com uma tampa de dupla abertura, enquanto o modelo de 90 litros \u00e9 bastante popular, rivalizando de perto com a vers\u00e3o de 70 litros. Essas capacidades maiores s\u00e3o especialmente adequadas para fam\u00edlias de pescadores entusiastas e campistas. Embora possam n\u00e3o caber no porta-malas da maioria dos ve\u00edculos, podem ser acomodadas confortavelmente no banco de tr\u00e1s de um sed\u00e3 ou na parte traseira de uma caminhonete. Estas coolers s\u00e3o capazes de acomodar peixes pel\u00e1gicos de tamanho m\u00e9dio e grandes peixes de recife, tornando-as ideais para excurs\u00f5es de pesca, bem como para armazenar alimentos e bebidas durante acampamentos ou escapadas de fim de semana. Al\u00e9m disso, s\u00e3o uma excelente adi\u00e7\u00e3o \u00e0 sua casa para churrascos e reuni\u00f5es sociais, permitindo que voc\u00ea mantenha v\u00e1rias caixas de bebidas frias sem ocupar espa\u00e7o na sua geladeira.<\/p>\n<p style=\"color: rgb(34, 34, 34); font-family: Arial, Helvetica, sans-serif; font-size: small;\">Cada cooler de 90 litros \u00e9 projetado com tr\u00eas dobradi\u00e7as de alta resist\u00eancia moldadas por inje\u00e7\u00e3o que abrem al\u00e9m de 90 graus, eliminando a necessidade de cordas para segurar as tampas na posi\u00e7\u00e3o aberta.<\/p>\n<p style=\"color: rgb(34, 34, 34); font-family: Arial, Helvetica, sans-serif; font-size: small;\">A espessura das paredes das coolers varia, com a tampa medindo 80 mm, onde o isolamento \u00e9 primordial, e a base e as laterais variando entre 40 mm a 45 mm. Este design cuidadoso proporciona excepcional isolamento t\u00e9rmico enquanto mant\u00e9m um peso manej\u00e1vel.<\/p>\n<p style=\"color: rgb(34, 34, 34); font-family: Arial, Helvetica, sans-serif; font-size: small;\"><strong>Dimens\u00f5es Externas:<\/strong><\/p>\n<ul style=\"color: rgb(34, 34, 34); font-family: Arial, Helvetica, sans-serif; font-size: small;\">\n<li>Comprimento: 925 mm<\/li>\n<li>Altura: 480 mm<\/li>\n<li>Largura: 470 mm<\/li>\n<\/ul>\n<p style=\"color: rgb(34, 34, 34); font-family: Arial, Helvetica, sans-serif; font-size: small;\"><strong>Dimens\u00f5es Internas:<\/strong><\/p>\n<ul style=\"color: rgb(34, 34, 34); font-family: Arial, Helvetica, sans-serif; font-size: small;\">\n<li>Comprimento: 770 mm<\/li>\n<li>Altura: 345 mm<\/li>\n<li>Largura: 340 mm<\/li>\n<\/ul>\n<p style=\"color: rgb(34, 34, 34); font-family: Arial, Helvetica, sans-serif; font-size: small;\"><strong>Peso:<\/strong>&nbsp;14 kg<br \/><strong>Altura da Tampa Quando Aberta:<\/strong>&nbsp;935 mm<br \/><strong>Borda da Tampa:<\/strong>&nbsp;38 mm<\/p>\n","protected":false},"excerpt":{"rendered":"<p>Geladeiras Port\u00e1teis Icey-Tek HD 90lt Vermelha &#8211; Apresentamos as coolers Icey-Tek, fabricadas com orgulho na Austr\u00e1lia e meticulosamente projetadas para<\/p>\n","protected":false},"featured_media":5944736,"comment_status":"open","ping_status":"closed","template":"","meta":[],"product_brand":[3007],"product_cat":[2130,1933],"product_tag":[],"class_list":{"0":"post-749808","1":"product","2":"type-product","3":"status-publish","4":"has-post-thumbnail","6":"product_brand-icey-tek-pt","7":"product_cat-acessorios-para-pesca","8":"product_cat-caixas-termicas","10":"first","11":"instock","12":"shipping-taxable","13":"purchasable","14":"product-type-simple"},"_links":{"self":[{"href":"https:\/\/stoic-curie.212-227-153-4.plesk.page\/pt\/wp-json\/wp\/v2\/product\/749808","targetHints":{"allow":["GET"]}}],"collection":[{"href":"https:\/\/stoic-curie.212-227-153-4.plesk.page\/pt\/wp-json\/wp\/v2\/product"}],"about":[{"href":"https:\/\/stoic-curie.212-227-153-4.plesk.page\/pt\/wp-json\/wp\/v2\/types\/product"}],"replies":[{"embeddable":true,"href":"https:\/\/stoic-curie.212-227-153-4.plesk.page\/pt\/wp-json\/wp\/v2\/comments?post=749808"}],"version-history":[{"count":0,"href":"https:\/\/stoic-curie.212-227-153-4.plesk.page\/pt\/wp-json\/wp\/v2\/product\/749808\/revisions"}],"wp:featuredmedia":[{"embeddable":true,"href":"https:\/\/stoic-curie.212-227-153-4.plesk.page\/pt\/wp-json\/wp\/v2\/media\/5944736"}],"wp:attachment":[{"href":"https:\/\/stoic-curie.212-227-153-4.plesk.page\/pt\/wp-json\/wp\/v2\/media?parent=749808"}],"wp:term":[{"taxonomy":"product_brand","embeddable":true,"href":"https:\/\/stoic-curie.212-227-153-4.plesk.page\/pt\/wp-json\/wp\/v2\/product_brand?post=749808"},{"taxonomy":"product_cat","embeddable":true,"href":"https:\/\/stoic-curie.212-227-153-4.plesk.page\/pt\/wp-json\/wp\/v2\/product_cat?post=749808"},{"taxonomy":"product_tag","embeddable":true,"href":"https:\/\/stoic-curie.212-227-153-4.plesk.page\/pt\/wp-json\/wp\/v2\/product_tag?post=749808"}],"curies":[{"name":"wp","href":"https:\/\/api.w.org\/{rel}","templated":true}]}}