{"id":749810,"date":"2025-03-03T22:28:47","date_gmt":"2025-03-03T21:28:47","guid":{"rendered":"https:\/\/stoic-curie.212-227-153-4.plesk.page\/producto\/arcas-frigorificas-portateis-icey-tek-azuis-70l\/"},"modified":"2026-02-25T00:28:09","modified_gmt":"2026-02-25T00:28:09","slug":"arcas-frigorificas-portateis-icey-tek-azuis-70l","status":"publish","type":"product","link":"https:\/\/stoic-curie.212-227-153-4.plesk.page\/pt\/product\/arcas-frigorificas-portateis-icey-tek-azuis-70l\/","title":{"rendered":"Cooler Port\u00e1til Icey-Tek HD 70lt Azul"},"content":{"rendered":"<p>Cooler Port\u00e1til Icey-Tek HD 70lt Azul &#8211; <\/p>\n<p style=\"color: rgb(34, 34, 34); font-family: Arial, Helvetica, sans-serif; font-size: small;\">A caixa de gelo de 70L \u00e9 o nosso modelo principal e uma excelente escolha para sua primeira aquisi\u00e7\u00e3o de um cooler. Seu design alongado \u00e9 ideal para passeios de pesca de tamanho m\u00e9dio, oferecendo amplo espa\u00e7o para provis\u00f5es e suprimentos adequados para 2 a 3 pessoas durante um final de semana. Ela pode ser facilmente colocada no porta-malas da maioria dos ve\u00edculos ou posicionada no banco de tr\u00e1s ou na ca\u00e7amba da sua caminhonete.<\/p>\n<p style=\"color: rgb(34, 34, 34); font-family: Arial, Helvetica, sans-serif; font-size: small;\">Nossos coolers Icey-Tek s\u00e3o meticulosamente projetados tanto para atividades profissionais quanto recreativas, garantindo a preserva\u00e7\u00e3o ideal de peixes e alimentos. Com sua densa isolamento, esses coolers conseguem manter temperaturas frias por v\u00e1rios dias. Cada unidade \u00e9 equipada com dois furos roscados de 1 polegada com tampas, que podem servir como um viveiro para peixes. Constru\u00eddos para durabilidade, esses coolers apresentam dobradi\u00e7as robustas injetadas e fechos de elast\u00f4mero termopl\u00e1stico, permitindo que tamb\u00e9m sejam usados como assentos.<\/p>\n<p style=\"color: rgb(34, 34, 34); font-family: Arial, Helvetica, sans-serif; font-size: small;\">Os modelos de 160L e 260L s\u00e3o projetados com uma tampa dividida de dupla abertura para maior comodidade.<\/p>\n<p style=\"color: rgb(34, 34, 34); font-family: Arial, Helvetica, sans-serif; font-size: small;\">Cada caixa de gelo de 70L \u00e9 equipada com tr\u00eas dobradi\u00e7as injetadas de alta resist\u00eancia que travam um pouco al\u00e9m de 90 graus, eliminando a necessidade de cordas para segurar as tampas abertas.<\/p>\n<p style=\"color: rgb(34, 34, 34); font-family: Arial, Helvetica, sans-serif; font-size: small;\">A espessura da parede varia de 80 mm na tampa, onde o isolamento \u00e9 crucial, a 40 mm a 45 mm na base e nas laterais. Essa constru\u00e7\u00e3o oferece uma excepcional isola\u00e7\u00e3o t\u00e9rmica sem aumentar significativamente o peso total.<\/p>\n<p style=\"color: rgb(34, 34, 34); font-family: Arial, Helvetica, sans-serif; font-size: small;\"><strong>Dimens\u00f5es Externas:<\/strong><\/p>\n<ul style=\"color: rgb(34, 34, 34); font-family: Arial, Helvetica, sans-serif; font-size: small;\">\n<li>Comprimento: 855 mm<\/li>\n<li>Altura: 445 mm<\/li>\n<li>Largura: 435 mm<\/li>\n<\/ul>\n<p style=\"color: rgb(34, 34, 34); font-family: Arial, Helvetica, sans-serif; font-size: small;\"><strong>Dimens\u00f5es Internas:<\/strong><\/p>\n<ul style=\"color: rgb(34, 34, 34); font-family: Arial, Helvetica, sans-serif; font-size: small;\">\n<li>Comprimento: 695 mm<\/li>\n<li>Altura: 320 mm<\/li>\n<li>Largura: 310 mm<\/li>\n<\/ul>\n<p style=\"color: rgb(34, 34, 34); font-family: Arial, Helvetica, sans-serif; font-size: small;\"><strong>Peso:<\/strong>&nbsp;12,5 kg<br \/><strong>Altura da Tampa Quando Aberta:<\/strong>&nbsp;875 mm<br \/><strong>Lateral da Tampa:<\/strong>&nbsp;28 mm<\/p>\n","protected":false},"excerpt":{"rendered":"<p>Cooler Port\u00e1til Icey-Tek HD 70lt Azul &#8211; A caixa de gelo de 70L \u00e9 o nosso modelo principal e uma<\/p>\n","protected":false},"featured_media":5944738,"comment_status":"open","ping_status":"closed","template":"","meta":[],"product_brand":[3007],"product_cat":[2130,1933],"product_tag":[],"class_list":{"0":"post-749810","1":"product","2":"type-product","3":"status-publish","4":"has-post-thumbnail","6":"product_brand-icey-tek-pt","7":"product_cat-acessorios-para-pesca","8":"product_cat-caixas-termicas","10":"first","11":"instock","12":"shipping-taxable","13":"purchasable","14":"product-type-simple"},"_links":{"self":[{"href":"https:\/\/stoic-curie.212-227-153-4.plesk.page\/pt\/wp-json\/wp\/v2\/product\/749810","targetHints":{"allow":["GET"]}}],"collection":[{"href":"https:\/\/stoic-curie.212-227-153-4.plesk.page\/pt\/wp-json\/wp\/v2\/product"}],"about":[{"href":"https:\/\/stoic-curie.212-227-153-4.plesk.page\/pt\/wp-json\/wp\/v2\/types\/product"}],"replies":[{"embeddable":true,"href":"https:\/\/stoic-curie.212-227-153-4.plesk.page\/pt\/wp-json\/wp\/v2\/comments?post=749810"}],"version-history":[{"count":0,"href":"https:\/\/stoic-curie.212-227-153-4.plesk.page\/pt\/wp-json\/wp\/v2\/product\/749810\/revisions"}],"wp:featuredmedia":[{"embeddable":true,"href":"https:\/\/stoic-curie.212-227-153-4.plesk.page\/pt\/wp-json\/wp\/v2\/media\/5944738"}],"wp:attachment":[{"href":"https:\/\/stoic-curie.212-227-153-4.plesk.page\/pt\/wp-json\/wp\/v2\/media?parent=749810"}],"wp:term":[{"taxonomy":"product_brand","embeddable":true,"href":"https:\/\/stoic-curie.212-227-153-4.plesk.page\/pt\/wp-json\/wp\/v2\/product_brand?post=749810"},{"taxonomy":"product_cat","embeddable":true,"href":"https:\/\/stoic-curie.212-227-153-4.plesk.page\/pt\/wp-json\/wp\/v2\/product_cat?post=749810"},{"taxonomy":"product_tag","embeddable":true,"href":"https:\/\/stoic-curie.212-227-153-4.plesk.page\/pt\/wp-json\/wp\/v2\/product_tag?post=749810"}],"curies":[{"name":"wp","href":"https:\/\/api.w.org\/{rel}","templated":true}]}}