{"id":749812,"date":"2025-03-03T22:28:47","date_gmt":"2025-03-03T21:28:47","guid":{"rendered":"https:\/\/stoic-curie.212-227-153-4.plesk.page\/producto\/passadico-em-fibra-de-carbono-200x38cm\/"},"modified":"2026-02-25T00:28:09","modified_gmt":"2026-02-25T00:28:09","slug":"passadico-em-fibra-de-carbono-200x38cm","status":"publish","type":"product","link":"https:\/\/stoic-curie.212-227-153-4.plesk.page\/pt\/product\/passadico-em-fibra-de-carbono-200x38cm\/","title":{"rendered":"Passadi\u00e7o em Fibra de Carbono 200x38cm"},"content":{"rendered":"<p>Passadi\u00e7o em Fibra de Carbono 200x38cm &#8211; <\/p>\n<p style=\"color: rgb(34, 34, 34); font-family: Arial, Helvetica, sans-serif; font-size: small;\">Apresentamos nosso passadi\u00e7o de fibra de carbono, medindo 200&#215;38 cm. Este passadi\u00e7o \u00e9 excepcionalmente leve e dur\u00e1vel, fabricado a partir de uma \u00fanica pe\u00e7a de fibra de carbono e comp\u00f3sito de pol\u00edmero. Ele \u00e9 projetado sem nenhuma liga\u00e7\u00e3o, o que aumenta sua resist\u00eancia e confiabilidade. O passadi\u00e7o vem completo com um pino e um soquete de montagem embutido para instala\u00e7\u00e3o simples.<\/p>\n<p style=\"color: rgb(34, 34, 34); font-family: Arial, Helvetica, sans-serif; font-size: small;\">Este passadi\u00e7o flutua e \u00e9 resistente \u00e0 ferrugem e a danos UV, tornando-o perfeito para uso prolongado ao ar livre. Sua superf\u00edcie antiderrapante garante seguran\u00e7a, enquanto a fita protetora el\u00e1stica nas laterais ajuda a prevenir arranh\u00f5es durante a opera\u00e7\u00e3o.<\/p>\n<p style=\"color: rgb(34, 34, 34); font-family: Arial, Helvetica, sans-serif; font-size: small;\">O modelo 200 pode flexionar cerca de 2,5 cm para cada 100 kg de peso aplicado, e pesa apenas 7,4 kg. Ele inclui um pino macho, rodas montadas em um robusto chassis e olhos de cais para trapezistas e cordas. O passadi\u00e7o apresenta um acabamento em fibra de carbono protegido contra UV, combinado com uma superf\u00edcie antiderrapante cinza para maior seguran\u00e7a.<\/p>\n<p style=\"color: rgb(34, 34, 34); font-family: Arial, Helvetica, sans-serif; font-size: small;\">Especifica\u00e7\u00f5es:<\/p>\n<ul style=\"color: rgb(34, 34, 34); font-family: Arial, Helvetica, sans-serif; font-size: small;\">\n<li>Comprimento: 200 cm<\/li>\n<li>Largura: 38 cm<\/li>\n<li>Peso total: 7,4 kg<\/li>\n<li>Carga m\u00e1xima: 350 kg<\/li>\n<\/ul>\n<p style=\"color: rgb(34, 34, 34); font-family: Arial, Helvetica, sans-serif; font-size: small;\">Inclu\u00eddo com o passadi\u00e7o est\u00e3o rodas para uso no cais, um bloco de borracha para o lado do barco e olhais para trap\u00e9zio e cordas. A superf\u00edcie de fibra de carbono de alto brilho possui um revestimento transparente anti-UV, garantindo tanto apelo visual quanto desempenho duradouro. A superf\u00edcie de borracha antiderrapante cinza claro melhora a seguran\u00e7a e a estabilidade durante o uso.<\/p>\n","protected":false},"excerpt":{"rendered":"<p>Passadi\u00e7o em Fibra de Carbono 200x38cm &#8211; Apresentamos nosso passadi\u00e7o de fibra de carbono, medindo 200&#215;38 cm. Este passadi\u00e7o \u00e9<\/p>\n","protected":false},"featured_media":5944743,"comment_status":"open","ping_status":"closed","template":"","meta":[],"product_brand":[3492],"product_cat":[1899],"product_tag":[],"class_list":{"0":"post-749812","1":"product","2":"type-product","3":"status-publish","4":"has-post-thumbnail","6":"product_brand-trem-pt","7":"product_cat-pranchas-de-embarque","9":"first","10":"instock","11":"shipping-taxable","12":"purchasable","13":"product-type-simple"},"_links":{"self":[{"href":"https:\/\/stoic-curie.212-227-153-4.plesk.page\/pt\/wp-json\/wp\/v2\/product\/749812","targetHints":{"allow":["GET"]}}],"collection":[{"href":"https:\/\/stoic-curie.212-227-153-4.plesk.page\/pt\/wp-json\/wp\/v2\/product"}],"about":[{"href":"https:\/\/stoic-curie.212-227-153-4.plesk.page\/pt\/wp-json\/wp\/v2\/types\/product"}],"replies":[{"embeddable":true,"href":"https:\/\/stoic-curie.212-227-153-4.plesk.page\/pt\/wp-json\/wp\/v2\/comments?post=749812"}],"version-history":[{"count":0,"href":"https:\/\/stoic-curie.212-227-153-4.plesk.page\/pt\/wp-json\/wp\/v2\/product\/749812\/revisions"}],"wp:featuredmedia":[{"embeddable":true,"href":"https:\/\/stoic-curie.212-227-153-4.plesk.page\/pt\/wp-json\/wp\/v2\/media\/5944743"}],"wp:attachment":[{"href":"https:\/\/stoic-curie.212-227-153-4.plesk.page\/pt\/wp-json\/wp\/v2\/media?parent=749812"}],"wp:term":[{"taxonomy":"product_brand","embeddable":true,"href":"https:\/\/stoic-curie.212-227-153-4.plesk.page\/pt\/wp-json\/wp\/v2\/product_brand?post=749812"},{"taxonomy":"product_cat","embeddable":true,"href":"https:\/\/stoic-curie.212-227-153-4.plesk.page\/pt\/wp-json\/wp\/v2\/product_cat?post=749812"},{"taxonomy":"product_tag","embeddable":true,"href":"https:\/\/stoic-curie.212-227-153-4.plesk.page\/pt\/wp-json\/wp\/v2\/product_tag?post=749812"}],"curies":[{"name":"wp","href":"https:\/\/api.w.org\/{rel}","templated":true}]}}