{"id":749815,"date":"2025-03-03T22:28:48","date_gmt":"2025-03-03T21:28:48","guid":{"rendered":"https:\/\/stoic-curie.212-227-153-4.plesk.page\/producto\/kit-de-anodos-de-aluminio-martyr-para-mercury-f30-f40-f60-hp\/"},"modified":"2026-02-25T00:28:10","modified_gmt":"2026-02-25T00:28:10","slug":"kit-de-anodos-de-aluminio-martyr-para-mercury-f30-f40-f60-hp","status":"publish","type":"product","link":"https:\/\/stoic-curie.212-227-153-4.plesk.page\/pt\/product\/kit-de-anodos-de-aluminio-martyr-para-mercury-f30-f40-f60-hp\/","title":{"rendered":"Kit de \u00c2nodos de Alum\u00ednio Martyr para Mercury F30-F40-F60 HP"},"content":{"rendered":"<p>Kit de \u00c2nodos de Alum\u00ednio Martyr para Mercury F30-F40-F60 HP &#8211; <\/p>\n<p>Kit de \u00e2nodo de liga de alum\u00ednio M2 &#8220;Tipo Genu\u00edno&#8221; da Martyr para Mercury F30-F40-F60 HP. <br \/>\u2022 Protege 50% mais do que \u00e2nodos de zinco tradicionais <br \/>\u2022 Pesa 50% menos que \u00e2nodos de zinco tradicionais<\/p>\n","protected":false},"excerpt":{"rendered":"<p>Kit de \u00c2nodos de Alum\u00ednio Martyr para Mercury F30-F40-F60 HP &#8211; Kit de \u00e2nodo de liga de alum\u00ednio M2 &#8220;Tipo<\/p>\n","protected":false},"featured_media":5944755,"comment_status":"open","ping_status":"closed","template":"","meta":[],"product_brand":[2237,3127],"product_cat":[2102],"product_tag":[],"class_list":{"0":"post-749815","1":"product","2":"type-product","3":"status-publish","4":"has-post-thumbnail","6":"product_brand-martyr","7":"product_brand-martyr-pt","8":"product_cat-pecas-para-motores-fora-de-bordo-mercury-e-mariner","10":"first","11":"instock","12":"shipping-taxable","13":"purchasable","14":"product-type-simple"},"_links":{"self":[{"href":"https:\/\/stoic-curie.212-227-153-4.plesk.page\/pt\/wp-json\/wp\/v2\/product\/749815","targetHints":{"allow":["GET"]}}],"collection":[{"href":"https:\/\/stoic-curie.212-227-153-4.plesk.page\/pt\/wp-json\/wp\/v2\/product"}],"about":[{"href":"https:\/\/stoic-curie.212-227-153-4.plesk.page\/pt\/wp-json\/wp\/v2\/types\/product"}],"replies":[{"embeddable":true,"href":"https:\/\/stoic-curie.212-227-153-4.plesk.page\/pt\/wp-json\/wp\/v2\/comments?post=749815"}],"version-history":[{"count":0,"href":"https:\/\/stoic-curie.212-227-153-4.plesk.page\/pt\/wp-json\/wp\/v2\/product\/749815\/revisions"}],"wp:featuredmedia":[{"embeddable":true,"href":"https:\/\/stoic-curie.212-227-153-4.plesk.page\/pt\/wp-json\/wp\/v2\/media\/5944755"}],"wp:attachment":[{"href":"https:\/\/stoic-curie.212-227-153-4.plesk.page\/pt\/wp-json\/wp\/v2\/media?parent=749815"}],"wp:term":[{"taxonomy":"product_brand","embeddable":true,"href":"https:\/\/stoic-curie.212-227-153-4.plesk.page\/pt\/wp-json\/wp\/v2\/product_brand?post=749815"},{"taxonomy":"product_cat","embeddable":true,"href":"https:\/\/stoic-curie.212-227-153-4.plesk.page\/pt\/wp-json\/wp\/v2\/product_cat?post=749815"},{"taxonomy":"product_tag","embeddable":true,"href":"https:\/\/stoic-curie.212-227-153-4.plesk.page\/pt\/wp-json\/wp\/v2\/product_tag?post=749815"}],"curies":[{"name":"wp","href":"https:\/\/api.w.org\/{rel}","templated":true}]}}