{"id":749818,"date":"2025-03-03T22:28:49","date_gmt":"2025-03-03T21:28:49","guid":{"rendered":"https:\/\/stoic-curie.212-227-153-4.plesk.page\/producto\/trava-inoxidavel-para-escotilhas-97-x-80mm-com-chave\/"},"modified":"2026-02-25T00:28:10","modified_gmt":"2026-02-25T00:28:10","slug":"trava-inoxidavel-para-escotilhas-97-x-80mm-com-chave","status":"publish","type":"product","link":"https:\/\/stoic-curie.212-227-153-4.plesk.page\/pt\/product\/trava-inoxidavel-para-escotilhas-97-x-80mm-com-chave\/","title":{"rendered":"Trava inoxid\u00e1vel para escotilhas 97 x 80mm com chave"},"content":{"rendered":"<p>Trava inoxid\u00e1vel para escotilhas 97 x 80mm com chave &#8211; O fecho de escotilha em a\u00e7o inoxid\u00e1vel AISI 316 \u00e9 \u00e0 prova d&#8217;\u00e1gua. A al\u00e7a com mola garante um funcionamento silencioso. Fixa\u00e7\u00f5es ocultas.<\/p>\n","protected":false},"excerpt":{"rendered":"<p>Trava inoxid\u00e1vel para escotilhas 97 x 80mm com chave &#8211; O fecho de escotilha em a\u00e7o inoxid\u00e1vel AISI 316 \u00e9<\/p>\n","protected":false},"featured_media":5944758,"comment_status":"open","ping_status":"closed","template":"","meta":[],"product_brand":[3137],"product_cat":[1995,1974],"product_tag":[],"class_list":{"0":"post-749818","1":"product","2":"type-product","3":"status-publish","4":"has-post-thumbnail","6":"product_brand-masterlock-pt","7":"product_cat-fechaduras","8":"product_cat-trincos","10":"first","11":"instock","12":"shipping-taxable","13":"purchasable","14":"product-type-simple"},"_links":{"self":[{"href":"https:\/\/stoic-curie.212-227-153-4.plesk.page\/pt\/wp-json\/wp\/v2\/product\/749818","targetHints":{"allow":["GET"]}}],"collection":[{"href":"https:\/\/stoic-curie.212-227-153-4.plesk.page\/pt\/wp-json\/wp\/v2\/product"}],"about":[{"href":"https:\/\/stoic-curie.212-227-153-4.plesk.page\/pt\/wp-json\/wp\/v2\/types\/product"}],"replies":[{"embeddable":true,"href":"https:\/\/stoic-curie.212-227-153-4.plesk.page\/pt\/wp-json\/wp\/v2\/comments?post=749818"}],"version-history":[{"count":0,"href":"https:\/\/stoic-curie.212-227-153-4.plesk.page\/pt\/wp-json\/wp\/v2\/product\/749818\/revisions"}],"wp:featuredmedia":[{"embeddable":true,"href":"https:\/\/stoic-curie.212-227-153-4.plesk.page\/pt\/wp-json\/wp\/v2\/media\/5944758"}],"wp:attachment":[{"href":"https:\/\/stoic-curie.212-227-153-4.plesk.page\/pt\/wp-json\/wp\/v2\/media?parent=749818"}],"wp:term":[{"taxonomy":"product_brand","embeddable":true,"href":"https:\/\/stoic-curie.212-227-153-4.plesk.page\/pt\/wp-json\/wp\/v2\/product_brand?post=749818"},{"taxonomy":"product_cat","embeddable":true,"href":"https:\/\/stoic-curie.212-227-153-4.plesk.page\/pt\/wp-json\/wp\/v2\/product_cat?post=749818"},{"taxonomy":"product_tag","embeddable":true,"href":"https:\/\/stoic-curie.212-227-153-4.plesk.page\/pt\/wp-json\/wp\/v2\/product_tag?post=749818"}],"curies":[{"name":"wp","href":"https:\/\/api.w.org\/{rel}","templated":true}]}}