{"id":749819,"date":"2025-03-03T22:28:50","date_gmt":"2025-03-03T21:28:50","guid":{"rendered":"https:\/\/stoic-curie.212-227-153-4.plesk.page\/producto\/rule-98b-reservatorio-de-agua-cinzenta-com-bomba-de-800-gph-12v\/"},"modified":"2026-02-25T00:28:10","modified_gmt":"2026-02-25T00:28:10","slug":"rule-98b-reservatorio-de-agua-cinzenta-com-bomba-de-800-gph-12v","status":"publish","type":"product","link":"https:\/\/stoic-curie.212-227-153-4.plesk.page\/pt\/product\/rule-98b-reservatorio-de-agua-cinzenta-com-bomba-de-800-gph-12v\/","title":{"rendered":"Rule 98B Reservat\u00f3rio de \u00e1gua cinzenta com bomba de 800 GPH 12v"},"content":{"rendered":"<p>Rule 98B Reservat\u00f3rio de \u00e1gua cinzenta com bomba de 800 GPH 12v &#8211; Novo sistema de dreno de chuveiro totalmente autom\u00e1tico e f\u00e1cil de instalar, equipado com: tampa com encaixe para evitar respingos indesejados de \u00e1gua, bomba de alta capacidade (800 GPH \/ 3028 LPH) para lidar com a \u00e1gua cinza que chega, interruptor de flutuador, v\u00e1lvula de retens\u00e3o para evitar o refluxo e evitar a fuga de odores desagrad\u00e1veis. Montado com o sistema Fast Fix: tampa, bomba, filtro e interruptor de flutuador podem ser removidos e consertados sem ferramentas. Inclu\u00eddo no pacote: 1 conector de mangueira roscado de 3\/4&#8243; (19mm), 1 (25mm), 1 de 1-1\/8&#8243; (29mm) para entradas e trilhos de montagem.<\/p>\n","protected":false},"excerpt":{"rendered":"<p>Rule 98B Reservat\u00f3rio de \u00e1gua cinzenta com bomba de 800 GPH 12v &#8211; Novo sistema de dreno de chuveiro totalmente<\/p>\n","protected":false},"featured_media":5944760,"comment_status":"open","ping_status":"closed","template":"","meta":[],"product_brand":[3327],"product_cat":[1939,1943],"product_tag":[],"class_list":{"0":"post-749819","1":"product","2":"type-product","3":"status-publish","4":"has-post-thumbnail","6":"product_brand-rule-pt","7":"product_cat-chuveiros","8":"product_cat-sistema-de-aguas-cinzentas","10":"first","11":"instock","12":"shipping-taxable","13":"purchasable","14":"product-type-simple"},"_links":{"self":[{"href":"https:\/\/stoic-curie.212-227-153-4.plesk.page\/pt\/wp-json\/wp\/v2\/product\/749819","targetHints":{"allow":["GET"]}}],"collection":[{"href":"https:\/\/stoic-curie.212-227-153-4.plesk.page\/pt\/wp-json\/wp\/v2\/product"}],"about":[{"href":"https:\/\/stoic-curie.212-227-153-4.plesk.page\/pt\/wp-json\/wp\/v2\/types\/product"}],"replies":[{"embeddable":true,"href":"https:\/\/stoic-curie.212-227-153-4.plesk.page\/pt\/wp-json\/wp\/v2\/comments?post=749819"}],"version-history":[{"count":0,"href":"https:\/\/stoic-curie.212-227-153-4.plesk.page\/pt\/wp-json\/wp\/v2\/product\/749819\/revisions"}],"wp:featuredmedia":[{"embeddable":true,"href":"https:\/\/stoic-curie.212-227-153-4.plesk.page\/pt\/wp-json\/wp\/v2\/media\/5944760"}],"wp:attachment":[{"href":"https:\/\/stoic-curie.212-227-153-4.plesk.page\/pt\/wp-json\/wp\/v2\/media?parent=749819"}],"wp:term":[{"taxonomy":"product_brand","embeddable":true,"href":"https:\/\/stoic-curie.212-227-153-4.plesk.page\/pt\/wp-json\/wp\/v2\/product_brand?post=749819"},{"taxonomy":"product_cat","embeddable":true,"href":"https:\/\/stoic-curie.212-227-153-4.plesk.page\/pt\/wp-json\/wp\/v2\/product_cat?post=749819"},{"taxonomy":"product_tag","embeddable":true,"href":"https:\/\/stoic-curie.212-227-153-4.plesk.page\/pt\/wp-json\/wp\/v2\/product_tag?post=749819"}],"curies":[{"name":"wp","href":"https:\/\/api.w.org\/{rel}","templated":true}]}}