{"id":749821,"date":"2025-03-03T22:28:50","date_gmt":"2025-03-03T21:28:50","guid":{"rendered":"https:\/\/stoic-curie.212-227-153-4.plesk.page\/producto\/casaco-helly-hansen-pier-3-0-vermelho-tamanho-xxl\/"},"modified":"2026-02-25T00:28:10","modified_gmt":"2026-02-25T00:28:10","slug":"casaco-helly-hansen-pier-3-0-vermelho-tamanho-xxl","status":"publish","type":"product","link":"https:\/\/stoic-curie.212-227-153-4.plesk.page\/pt\/product\/casaco-helly-hansen-pier-3-0-vermelho-tamanho-xxl\/","title":{"rendered":"Casaco Helly Hansen Pier 3.0 Vermelho &#8211; Tamanho XXL"},"content":{"rendered":"<p>Casaco Helly Hansen Pier 3.0 Vermelho &#8211; Tamanho XXL &#8211; <\/p>\n<p>A jaqueta Helly Hansen Pier 3.0 \u00e9 ideal para qualquer atividade costeira ou n\u00e1utica. Com a fabrica\u00e7\u00e3o HellyTech Performance de 2 camadas, possui um tratamento de Repel\u00eancia Dura \u00e0 \u00c1gua (DWR), sendo imperme\u00e1vel, \u00e0 prova de vento e respir\u00e1vel. Com costuras totalmente seladas, forro de malha de secagem r\u00e1pida, aba de prote\u00e7\u00e3o contra tempestades, punhos ajust\u00e1veis em dobro, barra e cintura ajust\u00e1veis, bolsos para aquecer as m\u00e3os, mangas articuladas, colarinho alto de fleece protetor, capuz ajust\u00e1vel de alta visibilidade EN471 e materiais refletivos que atendem \u00e0s normas Solas.<\/p>\n","protected":false},"excerpt":{"rendered":"<p>Casaco Helly Hansen Pier 3.0 Vermelho &#8211; Tamanho XXL &#8211; A jaqueta Helly Hansen Pier 3.0 \u00e9 ideal para qualquer<\/p>\n","protected":false},"featured_media":5944763,"comment_status":"open","ping_status":"closed","template":"","meta":[],"product_brand":[3002],"product_cat":[2144],"product_tag":[],"class_list":{"0":"post-749821","1":"product","2":"type-product","3":"status-publish","4":"has-post-thumbnail","6":"product_brand-helly-hansen-pt","7":"product_cat-vestuario-helly-hansen","9":"first","10":"instock","11":"shipping-taxable","12":"purchasable","13":"product-type-simple"},"_links":{"self":[{"href":"https:\/\/stoic-curie.212-227-153-4.plesk.page\/pt\/wp-json\/wp\/v2\/product\/749821","targetHints":{"allow":["GET"]}}],"collection":[{"href":"https:\/\/stoic-curie.212-227-153-4.plesk.page\/pt\/wp-json\/wp\/v2\/product"}],"about":[{"href":"https:\/\/stoic-curie.212-227-153-4.plesk.page\/pt\/wp-json\/wp\/v2\/types\/product"}],"replies":[{"embeddable":true,"href":"https:\/\/stoic-curie.212-227-153-4.plesk.page\/pt\/wp-json\/wp\/v2\/comments?post=749821"}],"version-history":[{"count":0,"href":"https:\/\/stoic-curie.212-227-153-4.plesk.page\/pt\/wp-json\/wp\/v2\/product\/749821\/revisions"}],"wp:featuredmedia":[{"embeddable":true,"href":"https:\/\/stoic-curie.212-227-153-4.plesk.page\/pt\/wp-json\/wp\/v2\/media\/5944763"}],"wp:attachment":[{"href":"https:\/\/stoic-curie.212-227-153-4.plesk.page\/pt\/wp-json\/wp\/v2\/media?parent=749821"}],"wp:term":[{"taxonomy":"product_brand","embeddable":true,"href":"https:\/\/stoic-curie.212-227-153-4.plesk.page\/pt\/wp-json\/wp\/v2\/product_brand?post=749821"},{"taxonomy":"product_cat","embeddable":true,"href":"https:\/\/stoic-curie.212-227-153-4.plesk.page\/pt\/wp-json\/wp\/v2\/product_cat?post=749821"},{"taxonomy":"product_tag","embeddable":true,"href":"https:\/\/stoic-curie.212-227-153-4.plesk.page\/pt\/wp-json\/wp\/v2\/product_tag?post=749821"}],"curies":[{"name":"wp","href":"https:\/\/api.w.org\/{rel}","templated":true}]}}