{"id":749830,"date":"2025-03-03T22:28:53","date_gmt":"2025-03-03T21:28:53","guid":{"rendered":"https:\/\/stoic-curie.212-227-153-4.plesk.page\/producto\/corrente-calibrada-em-aco-inoxidavel-12mm-x-100m-iso-4565\/"},"modified":"2026-02-25T00:28:10","modified_gmt":"2026-02-25T00:28:10","slug":"corrente-calibrada-em-aco-inoxidavel-12mm-x-100m-iso-4565","status":"publish","type":"product","link":"https:\/\/stoic-curie.212-227-153-4.plesk.page\/pt\/product\/corrente-calibrada-em-aco-inoxidavel-12mm-x-100m-iso-4565\/","title":{"rendered":"Corrente Calibrada em A\u00e7o Inoxid\u00e1vel 12mm x 100m"},"content":{"rendered":"<p>Corrente Calibrada em A\u00e7o Inoxid\u00e1vel 12mm x 100m &#8211; <\/p>\n<p>Corrente calibrada DIN766 316L em a\u00e7o inoxid\u00e1vel para molinetes. Produ\u00e7\u00e3o controlada de grau G40 com alta carga de ruptura. Nota: a carga de ruptura da corrente \u00e9 quatro vezes a carga de trabalho.<\/p>\n<p style=\"color: rgb(34, 34, 34); font-family: Arial, Helvetica, sans-serif; font-size: small;\">A corrente calibrada DIN 766, fabricada em a\u00e7o inoxid\u00e1vel A4-AISI 316, oferece maior durabilidade e resist\u00eancia para aplica\u00e7\u00f5es em moit\u00f5es. Especialmente projetada para uso marinho, esta corrente se destaca em manobras de \u00e2ncora e \u00e9 ideal para fixar b\u00f3ias, \u00e2ncoras e outros equipamentos em ambientes marinhos. Diferente das correntes de ferro e a\u00e7o tradicionais, as correntes de a\u00e7o inoxid\u00e1vel A4 apresentam resist\u00eancia excepcional \u00e0 corros\u00e3o, \u00e1gua salgada e \u00e1cidos, garantindo uma vida \u00fatil prolongada mesmo em condi\u00e7\u00f5es mar\u00edtimas adversas. Com sua not\u00e1vel estabilidade e alta carga de ruptura, esta corrente vers\u00e1til \u00e9 adequada para uma ampla gama de aplica\u00e7\u00f5es internas e externas. Est\u00e1 dispon\u00edvel em v\u00e1rios di\u00e2metros e \u00e9 vendida por metro, tornando-a uma excelente escolha para diversas necessidades n\u00e1uticas e al\u00e9m.<\/p>\n<p style=\"color: rgb(34, 34, 34); font-family: Arial, Helvetica, sans-serif; font-size: small;\"><strong>Corrente de Ancoragem em A\u00e7o Inoxid\u00e1vel G4: Fatos Chave, Caracter\u00edsticas e Vantagens<\/strong><\/p>\n<ul style=\"color: rgb(34, 34, 34); font-family: Arial, Helvetica, sans-serif; font-size: small;\">\n<li>Fabricado de acordo com as especifica\u00e7\u00f5es G4<\/li>\n<li>Calibrado segundo normas DIN 766<\/li>\n<li>Acabamento polido para melhorar a est\u00e9tica<\/li>\n<li>Tratado para fornecer resist\u00eancia adicional \u00e0 corros\u00e3o<\/li>\n<li>Ideal para ambientes com corros\u00e3o extrema, como \u00e1gua salgada<\/li>\n<li>Teste de carga realizado no final do processo de produ\u00e7\u00e3o<\/li>\n<li>Testado por lotes e certificado para garantia de qualidade<\/li>\n<\/ul>\n","protected":false},"excerpt":{"rendered":"<p>Corrente Calibrada em A\u00e7o Inoxid\u00e1vel 12mm x 100m &#8211; Corrente calibrada DIN766 316L em a\u00e7o inoxid\u00e1vel para molinetes. Produ\u00e7\u00e3o controlada<\/p>\n","protected":false},"featured_media":5937697,"comment_status":"open","ping_status":"closed","template":"","meta":[],"product_brand":[3087],"product_cat":[1979,1907],"product_tag":[],"class_list":{"0":"post-749830","1":"product","2":"type-product","3":"status-publish","4":"has-post-thumbnail","6":"product_brand-maggigroup-pt","7":"product_cat-corrente-em-aco-inoxidavel","8":"product_cat-corrente-em-aco-inoxidavel-calibrada","10":"first","11":"instock","12":"shipping-taxable","13":"purchasable","14":"product-type-simple"},"_links":{"self":[{"href":"https:\/\/stoic-curie.212-227-153-4.plesk.page\/pt\/wp-json\/wp\/v2\/product\/749830","targetHints":{"allow":["GET"]}}],"collection":[{"href":"https:\/\/stoic-curie.212-227-153-4.plesk.page\/pt\/wp-json\/wp\/v2\/product"}],"about":[{"href":"https:\/\/stoic-curie.212-227-153-4.plesk.page\/pt\/wp-json\/wp\/v2\/types\/product"}],"replies":[{"embeddable":true,"href":"https:\/\/stoic-curie.212-227-153-4.plesk.page\/pt\/wp-json\/wp\/v2\/comments?post=749830"}],"version-history":[{"count":0,"href":"https:\/\/stoic-curie.212-227-153-4.plesk.page\/pt\/wp-json\/wp\/v2\/product\/749830\/revisions"}],"wp:featuredmedia":[{"embeddable":true,"href":"https:\/\/stoic-curie.212-227-153-4.plesk.page\/pt\/wp-json\/wp\/v2\/media\/5937697"}],"wp:attachment":[{"href":"https:\/\/stoic-curie.212-227-153-4.plesk.page\/pt\/wp-json\/wp\/v2\/media?parent=749830"}],"wp:term":[{"taxonomy":"product_brand","embeddable":true,"href":"https:\/\/stoic-curie.212-227-153-4.plesk.page\/pt\/wp-json\/wp\/v2\/product_brand?post=749830"},{"taxonomy":"product_cat","embeddable":true,"href":"https:\/\/stoic-curie.212-227-153-4.plesk.page\/pt\/wp-json\/wp\/v2\/product_cat?post=749830"},{"taxonomy":"product_tag","embeddable":true,"href":"https:\/\/stoic-curie.212-227-153-4.plesk.page\/pt\/wp-json\/wp\/v2\/product_tag?post=749830"}],"curies":[{"name":"wp","href":"https:\/\/api.w.org\/{rel}","templated":true}]}}