{"id":749831,"date":"2025-03-03T22:28:53","date_gmt":"2025-03-03T21:28:53","guid":{"rendered":"https:\/\/stoic-curie.212-227-153-4.plesk.page\/producto\/corrente-calibrada-em-aco-inoxidavel-316-7-22mm-x-50m-din766\/"},"modified":"2026-02-25T00:28:10","modified_gmt":"2026-02-25T00:28:10","slug":"corrente-calibrada-em-aco-inoxidavel-316-7-22mm-x-50m-din766","status":"publish","type":"product","link":"https:\/\/stoic-curie.212-227-153-4.plesk.page\/pt\/product\/corrente-calibrada-em-aco-inoxidavel-316-7-22mm-x-50m-din766\/","title":{"rendered":"Corrente Calibrada em A\u00e7o Inoxid\u00e1vel 316 7mm x 50m DIN766"},"content":{"rendered":"<p>Corrente Calibrada em A\u00e7o Inoxid\u00e1vel 316 7mm x 50m DIN766 &#8211; <\/p>\n<p style=\"color: rgb(34, 34, 34); font-family: Arial, Helvetica, sans-serif; font-size: small;\"><strong>Cadena Calibrada em A\u00e7o Inoxid\u00e1vel 316L DIN766 para \u00c2ncoras<\/strong><\/p>\n<p style=\"color: rgb(34, 34, 34); font-family: Arial, Helvetica, sans-serif; font-size: small;\">Apresentamos a nossa cadeia calibrada em a\u00e7o inoxid\u00e1vel 316L DIN766, especialmente projetada para uso com \u00e2ncoras. Esta cadeia excepcional \u00e9 fabricada sob condi\u00e7\u00f5es rigorosas, garantindo que atende aos padr\u00f5es de grau G40. Esta conformidade garante uma carga de ruptura notavelmente alta, tornando-se uma escolha confi\u00e1vel para suas necessidades n\u00e1uticas.<\/p>\n<p style=\"color: rgb(34, 34, 34); font-family: Arial, Helvetica, sans-serif; font-size: small;\">\u00c9 crucial destacar que a carga de ruptura desta cadeia \u00e9 impressionantemente quatro vezes maior que sua carga de trabalho. Isso significa que voc\u00ea pode confiar nesta cadeia para lidar com tarefas exigentes com facilidade. Feita de a\u00e7o inoxid\u00e1vel 316, muitas vezes chamado de &#8220;de qualidade marinha&#8221;, este material \u00e9 excepcionalmente resistente ao desgaste, especialmente em ambientes \u00famidos e desafiadores. Portanto, \u00e9 particularmente adequada para aplica\u00e7\u00f5es ao ar livre, especialmente no setor n\u00e1utico, onde a durabilidade \u00e9 essencial.<\/p>\n<p style=\"color: rgb(34, 34, 34); font-family: Arial, Helvetica, sans-serif; font-size: small;\">Uma das caracter\u00edsticas not\u00e1veis desta cadeia s\u00e3o seus baixos requisitos de manuten\u00e7\u00e3o. \u00c9 altamente resistente \u00e0 ferrugem e corros\u00e3o, o que significa que voc\u00ea pode confiar em seu desempenho ao longo do tempo sem a necessidade de manuten\u00e7\u00e3o constante. Al\u00e9m disso, pode ser facilmente esterilizada ou limpa a vapor, e n\u00e3o h\u00e1 necessidade de pintura ou revestimentos protetores, tornando-a uma op\u00e7\u00e3o pr\u00e1tica para os usu\u00e1rios.<\/p>\n<p style=\"color: rgb(34, 34, 34); font-family: Arial, Helvetica, sans-serif; font-size: small;\">Esta cadeia comercial vers\u00e1til n\u00e3o \u00e9 apenas ideal para aplica\u00e7\u00f5es n\u00e1uticas, mas tamb\u00e9m \u00e9 adequada para uma ampla gama de usos. Pode ser utilizada em v\u00e1rios setores, incluindo aplica\u00e7\u00f5es dom\u00e9sticas, sa\u00fade, gastronomia, processamento de alimentos, arquitetura, abastecimento de \u00e1gua e fabrica\u00e7\u00e3o qu\u00edmica. Com sua constru\u00e7\u00e3o robusta e adaptabilidade, esta cadeia \u00e9 uma adi\u00e7\u00e3o valiosa a qualquer kit de ferramentas ou invent\u00e1rio de equipamentos.<\/p>\n","protected":false},"excerpt":{"rendered":"<p>Corrente Calibrada em A\u00e7o Inoxid\u00e1vel 316 7mm x 50m DIN766 &#8211; Cadena Calibrada em A\u00e7o Inoxid\u00e1vel 316L DIN766 para \u00c2ncoras<\/p>\n","protected":false},"featured_media":5944766,"comment_status":"open","ping_status":"closed","template":"","meta":[],"product_brand":[3087],"product_cat":[1907],"product_tag":[],"class_list":{"0":"post-749831","1":"product","2":"type-product","3":"status-publish","4":"has-post-thumbnail","6":"product_brand-maggigroup-pt","7":"product_cat-corrente-em-aco-inoxidavel-calibrada","9":"first","10":"instock","11":"shipping-taxable","12":"purchasable","13":"product-type-simple"},"_links":{"self":[{"href":"https:\/\/stoic-curie.212-227-153-4.plesk.page\/pt\/wp-json\/wp\/v2\/product\/749831","targetHints":{"allow":["GET"]}}],"collection":[{"href":"https:\/\/stoic-curie.212-227-153-4.plesk.page\/pt\/wp-json\/wp\/v2\/product"}],"about":[{"href":"https:\/\/stoic-curie.212-227-153-4.plesk.page\/pt\/wp-json\/wp\/v2\/types\/product"}],"replies":[{"embeddable":true,"href":"https:\/\/stoic-curie.212-227-153-4.plesk.page\/pt\/wp-json\/wp\/v2\/comments?post=749831"}],"version-history":[{"count":0,"href":"https:\/\/stoic-curie.212-227-153-4.plesk.page\/pt\/wp-json\/wp\/v2\/product\/749831\/revisions"}],"wp:featuredmedia":[{"embeddable":true,"href":"https:\/\/stoic-curie.212-227-153-4.plesk.page\/pt\/wp-json\/wp\/v2\/media\/5944766"}],"wp:attachment":[{"href":"https:\/\/stoic-curie.212-227-153-4.plesk.page\/pt\/wp-json\/wp\/v2\/media?parent=749831"}],"wp:term":[{"taxonomy":"product_brand","embeddable":true,"href":"https:\/\/stoic-curie.212-227-153-4.plesk.page\/pt\/wp-json\/wp\/v2\/product_brand?post=749831"},{"taxonomy":"product_cat","embeddable":true,"href":"https:\/\/stoic-curie.212-227-153-4.plesk.page\/pt\/wp-json\/wp\/v2\/product_cat?post=749831"},{"taxonomy":"product_tag","embeddable":true,"href":"https:\/\/stoic-curie.212-227-153-4.plesk.page\/pt\/wp-json\/wp\/v2\/product_tag?post=749831"}],"curies":[{"name":"wp","href":"https:\/\/api.w.org\/{rel}","templated":true}]}}