{"id":749832,"date":"2025-03-03T22:28:53","date_gmt":"2025-03-03T21:28:53","guid":{"rendered":"https:\/\/stoic-curie.212-227-153-4.plesk.page\/producto\/teddington-interruptor-de-aviso-de-alta-temperatura-3-8-bsp-99c\/"},"modified":"2026-02-25T00:28:10","modified_gmt":"2026-02-25T00:28:10","slug":"teddington-interruptor-de-aviso-de-alta-temperatura-3-8-bsp-99c","status":"publish","type":"product","link":"https:\/\/stoic-curie.212-227-153-4.plesk.page\/pt\/product\/teddington-interruptor-de-aviso-de-alta-temperatura-3-8-bsp-99c\/","title":{"rendered":"Teddington Interruptor de aviso de alta temperatura (3\/8&#8243; BSP \/ 99\u00b0C)"},"content":{"rendered":"<p>Teddington Interruptor de aviso de alta temperatura (3\/8&#8243; BSP \/ 99\u00b0C) &#8211; O interruptor de alta temperatura Teddington ativa-se quando a temperatura atinge aproximadamente 99 \u00b0C.\\n\\n<\/p>\n<h3>Especifica\u00e7\u00f5es<\/h3>\n<p>\\n<\/p>\n<table class=\"table\">\n<tbody>\\n<\/p>\n<tr>\\n<\/p>\n<td><strong>Altura<\/strong><\/td>\n<p>\\n<\/p>\n<td>69 mm no total<\/td>\n<p>\\n<\/tr>\n<p>\\n<\/p>\n<tr>\\n<\/p>\n<td><strong>Faixa de Temperatura<\/strong><\/td>\n<p>\\n<\/p>\n<td>99 \u00b0C<\/td>\n<p>\\n<\/tr>\n<p>\\n<\/p>\n<tr>\\n<\/p>\n<td><strong>Largura<\/strong><\/td>\n<p>\\n<\/p>\n<td>32 mm A\/F Hexagonal<\/td>\n<p>\\n<\/tr>\n<p>\\n<\/p>\n<tr>\\n<\/p>\n<td><strong>Marca<\/strong><\/td>\n<p>\\n<\/p>\n<td>Teddington<\/td>\n<p>\\n<\/tr>\n<p>\\n<\/p>\n<tr>\\n<\/p>\n<td><strong>Mudan\u00e7a de alarme para reinicializa\u00e7\u00e3o<\/strong><\/td>\n<p>\\n<\/p>\n<td>9 \u00b0C nom<\/td>\n<p>\\n<\/tr>\n<p>\\n<\/p>\n<tr>\\n<\/p>\n<td><strong>Conex\u00f5es<\/strong><\/td>\n<p>\\n<\/p>\n<td>3 x 6,30 mm x 0,08 mm terminais<\/td>\n<p>\\n<\/tr>\n<p>\\n<\/p>\n<tr>\\n<\/p>\n<td><strong>Faixa de alarme padr\u00e3o<\/strong><\/td>\n<p>\\n<\/p>\n<td>20 \u00b0C a 140 \u00b0C<\/td>\n<p>\\n<\/tr>\n<p>\\n<\/p>\n<tr>\\n<\/p>\n<td><strong>M\u00e1ximo sobrecarga<\/strong><\/td>\n<p>\\n<\/p>\n<td>25 \u00b0C acima do ponto de ajuste<\/td>\n<p>\\n<\/tr>\n<p>\\n<\/p>\n<tr>\\n<\/p>\n<td><strong>Tamanho da rosca<\/strong><\/td>\n<p>\\n<\/p>\n<td>3\/8&#8243; BSP Macho<\/td>\n<p>\\n<\/tr>\n<p>\\n<\/p>\n<tr>\\n<\/p>\n<td><strong>Toler\u00e2ncia<\/strong><\/td>\n<p>\\n<\/p>\n<td>20 \u00b0C a 109 \u00b0C +\/- 2 \u00b0C, 110 \u00b0C a 140 \u00b0C +\/- 3 \u00b0C<\/td>\n<p>\\n<\/tr>\n<p>\\n<\/tbody>\n<\/table>\n","protected":false},"excerpt":{"rendered":"<p>Teddington Interruptor de aviso de alta temperatura (3\/8&#8243; BSP \/ 99\u00b0C) &#8211; O interruptor de alta temperatura Teddington ativa-se quando<\/p>\n","protected":false},"featured_media":5944769,"comment_status":"open","ping_status":"closed","template":"","meta":[],"product_brand":[3227],"product_cat":[3911],"product_tag":[],"class_list":{"0":"post-749832","1":"product","2":"type-product","3":"status-publish","4":"has-post-thumbnail","6":"product_brand-orbitrade-marine-pt","7":"product_cat-accessories","9":"first","10":"instock","11":"shipping-taxable","12":"purchasable","13":"product-type-simple"},"_links":{"self":[{"href":"https:\/\/stoic-curie.212-227-153-4.plesk.page\/pt\/wp-json\/wp\/v2\/product\/749832","targetHints":{"allow":["GET"]}}],"collection":[{"href":"https:\/\/stoic-curie.212-227-153-4.plesk.page\/pt\/wp-json\/wp\/v2\/product"}],"about":[{"href":"https:\/\/stoic-curie.212-227-153-4.plesk.page\/pt\/wp-json\/wp\/v2\/types\/product"}],"replies":[{"embeddable":true,"href":"https:\/\/stoic-curie.212-227-153-4.plesk.page\/pt\/wp-json\/wp\/v2\/comments?post=749832"}],"version-history":[{"count":0,"href":"https:\/\/stoic-curie.212-227-153-4.plesk.page\/pt\/wp-json\/wp\/v2\/product\/749832\/revisions"}],"wp:featuredmedia":[{"embeddable":true,"href":"https:\/\/stoic-curie.212-227-153-4.plesk.page\/pt\/wp-json\/wp\/v2\/media\/5944769"}],"wp:attachment":[{"href":"https:\/\/stoic-curie.212-227-153-4.plesk.page\/pt\/wp-json\/wp\/v2\/media?parent=749832"}],"wp:term":[{"taxonomy":"product_brand","embeddable":true,"href":"https:\/\/stoic-curie.212-227-153-4.plesk.page\/pt\/wp-json\/wp\/v2\/product_brand?post=749832"},{"taxonomy":"product_cat","embeddable":true,"href":"https:\/\/stoic-curie.212-227-153-4.plesk.page\/pt\/wp-json\/wp\/v2\/product_cat?post=749832"},{"taxonomy":"product_tag","embeddable":true,"href":"https:\/\/stoic-curie.212-227-153-4.plesk.page\/pt\/wp-json\/wp\/v2\/product_tag?post=749832"}],"curies":[{"name":"wp","href":"https:\/\/api.w.org\/{rel}","templated":true}]}}