{"id":749834,"date":"2025-03-03T22:28:54","date_gmt":"2025-03-03T21:28:54","guid":{"rendered":"https:\/\/stoic-curie.212-227-153-4.plesk.page\/producto\/racor-visual-water-in-fuel-alarm-24v\/"},"modified":"2026-02-25T00:28:10","modified_gmt":"2026-02-25T00:28:10","slug":"racor-visual-water-in-fuel-alarm-24v","status":"publish","type":"product","link":"https:\/\/stoic-curie.212-227-153-4.plesk.page\/pt\/product\/racor-visual-water-in-fuel-alarm-24v\/","title":{"rendered":"Racor Visual Water in Fuel Alarm (24V)"},"content":{"rendered":"<p>Racor Visual Water in Fuel Alarm (24V) &#8211; <\/p>\n<div class=\"col-24 col-md-15\">\n<p>Unidade LED montada na superf\u00edcie que opera quando a \u00e1gua \u00e9 detectada na tigela de coleta. Mostra &#8216;LIGADO&#8217; verde quando em opera\u00e7\u00e3o, mudando para &#8216;DRENAR&#8217; vermelho quando a \u00e1gua \u00e9 detectada. Inclui uma fun\u00e7\u00e3o de autodiagn\u00f3stico ao ser ligado e prote\u00e7\u00e3o de circuito.<\/p>\n<p>O alarme de combust\u00edvel Racor \u00e9 fornecido com sonda (n\u00famero de pe\u00e7a ASAP 301333).<\/p>\n<p><style id=\"1\" name=\"Bold\" type=\"2\"><![CDATA[Aten\u00e7\u00e3o: Este dispositivo n\u00e3o \u00e9 para uso com gasolina.]]><\/style>\n<\/p>\n<\/div>\n<h3>Especifica\u00e7\u00f5es<\/h3>\n<table class=\"table\">\n<tbody>\n<tr>\n<td><strong>Amp\u00e8res<\/strong><\/td>\n<td>Consumo de energia: 10mA, Carga interna m\u00e1xima: 30mA<\/td>\n<\/tr>\n<tr>\n<td><strong>Altura<\/strong><\/td>\n<td>25mm (1&#8243;)<\/td>\n<\/tr>\n<tr>\n<td><strong>Voltagem<\/strong><\/td>\n<td>24V DC<\/td>\n<\/tr>\n<tr>\n<td><strong>Largura<\/strong><\/td>\n<td>51mm (2&#8243;)<\/td>\n<\/tr>\n<tr>\n<td><strong>Marca<\/strong><\/td>\n<td>Racor<\/td>\n<\/tr>\n<tr>\n<td><strong>Profundidade<\/strong><\/td>\n<td>38mm (1-1\/2&#8243;)<\/td>\n<\/tr>\n<\/tbody>\n<\/table>\n","protected":false},"excerpt":{"rendered":"<p>Racor Visual Water in Fuel Alarm (24V) &#8211; Unidade LED montada na superf\u00edcie que opera quando a \u00e1gua \u00e9 detectada<\/p>\n","protected":false},"featured_media":5944773,"comment_status":"open","ping_status":"closed","template":"","meta":[],"product_brand":[3247],"product_cat":[2084],"product_tag":[],"class_list":{"0":"post-749834","1":"product","2":"type-product","3":"status-publish","4":"has-post-thumbnail","6":"product_brand-parker-racor-pt","7":"product_cat-filtros-separadaores-de-agua-e-combustivel","9":"first","10":"instock","11":"shipping-taxable","12":"purchasable","13":"product-type-simple"},"_links":{"self":[{"href":"https:\/\/stoic-curie.212-227-153-4.plesk.page\/pt\/wp-json\/wp\/v2\/product\/749834","targetHints":{"allow":["GET"]}}],"collection":[{"href":"https:\/\/stoic-curie.212-227-153-4.plesk.page\/pt\/wp-json\/wp\/v2\/product"}],"about":[{"href":"https:\/\/stoic-curie.212-227-153-4.plesk.page\/pt\/wp-json\/wp\/v2\/types\/product"}],"replies":[{"embeddable":true,"href":"https:\/\/stoic-curie.212-227-153-4.plesk.page\/pt\/wp-json\/wp\/v2\/comments?post=749834"}],"version-history":[{"count":0,"href":"https:\/\/stoic-curie.212-227-153-4.plesk.page\/pt\/wp-json\/wp\/v2\/product\/749834\/revisions"}],"wp:featuredmedia":[{"embeddable":true,"href":"https:\/\/stoic-curie.212-227-153-4.plesk.page\/pt\/wp-json\/wp\/v2\/media\/5944773"}],"wp:attachment":[{"href":"https:\/\/stoic-curie.212-227-153-4.plesk.page\/pt\/wp-json\/wp\/v2\/media?parent=749834"}],"wp:term":[{"taxonomy":"product_brand","embeddable":true,"href":"https:\/\/stoic-curie.212-227-153-4.plesk.page\/pt\/wp-json\/wp\/v2\/product_brand?post=749834"},{"taxonomy":"product_cat","embeddable":true,"href":"https:\/\/stoic-curie.212-227-153-4.plesk.page\/pt\/wp-json\/wp\/v2\/product_cat?post=749834"},{"taxonomy":"product_tag","embeddable":true,"href":"https:\/\/stoic-curie.212-227-153-4.plesk.page\/pt\/wp-json\/wp\/v2\/product_tag?post=749834"}],"curies":[{"name":"wp","href":"https:\/\/api.w.org\/{rel}","templated":true}]}}