{"id":749835,"date":"2025-03-03T22:28:54","date_gmt":"2025-03-03T21:28:54","guid":{"rendered":"https:\/\/stoic-curie.212-227-153-4.plesk.page\/producto\/seaflow-stainless-steel-316-round-cockpit-drain-40mm\/"},"modified":"2026-02-25T00:28:10","modified_gmt":"2026-02-25T00:28:10","slug":"seaflow-stainless-steel-316-round-cockpit-drain-40mm","status":"publish","type":"product","link":"https:\/\/stoic-curie.212-227-153-4.plesk.page\/pt\/product\/seaflow-stainless-steel-316-round-cockpit-drain-40mm\/","title":{"rendered":"SeaFlow Stainless Steel 316 Round Cockpit Drain 40mm"},"content":{"rendered":"<p>SeaFlow Stainless Steel 316 Round Cockpit Drain 40mm &#8211; O dreno redondo para cockpit da Seaflow \u00e9 constru\u00eddo em a\u00e7o inoxid\u00e1vel marinho AISI 316. O dreno do cockpit tem um sistema de n\u00e3o retorno integrado que utiliza uma bola interna para evitar qualquer poss\u00edvel refluxo e uma grelha remov\u00edvel para facilitar a limpeza. O dreno redondo do cockpit mede 92 mm de di\u00e2metro e possui uma sa\u00edda de mangueira de 40 mm inclinada a 45 graus.<\/p>\n","protected":false},"excerpt":{"rendered":"<p>SeaFlow Stainless Steel 316 Round Cockpit Drain 40mm &#8211; O dreno redondo para cockpit da Seaflow \u00e9 constru\u00eddo em a\u00e7o<\/p>\n","protected":false},"featured_media":5944787,"comment_status":"open","ping_status":"closed","template":"","meta":[],"product_brand":[3357],"product_cat":[1954,1939],"product_tag":[],"class_list":{"0":"post-749835","1":"product","2":"type-product","3":"status-publish","4":"has-post-thumbnail","6":"product_brand-seaflow-pt","7":"product_cat-bujoes-de-drenagem","8":"product_cat-chuveiros","10":"first","11":"instock","12":"shipping-taxable","13":"purchasable","14":"product-type-simple"},"_links":{"self":[{"href":"https:\/\/stoic-curie.212-227-153-4.plesk.page\/pt\/wp-json\/wp\/v2\/product\/749835","targetHints":{"allow":["GET"]}}],"collection":[{"href":"https:\/\/stoic-curie.212-227-153-4.plesk.page\/pt\/wp-json\/wp\/v2\/product"}],"about":[{"href":"https:\/\/stoic-curie.212-227-153-4.plesk.page\/pt\/wp-json\/wp\/v2\/types\/product"}],"replies":[{"embeddable":true,"href":"https:\/\/stoic-curie.212-227-153-4.plesk.page\/pt\/wp-json\/wp\/v2\/comments?post=749835"}],"version-history":[{"count":0,"href":"https:\/\/stoic-curie.212-227-153-4.plesk.page\/pt\/wp-json\/wp\/v2\/product\/749835\/revisions"}],"wp:featuredmedia":[{"embeddable":true,"href":"https:\/\/stoic-curie.212-227-153-4.plesk.page\/pt\/wp-json\/wp\/v2\/media\/5944787"}],"wp:attachment":[{"href":"https:\/\/stoic-curie.212-227-153-4.plesk.page\/pt\/wp-json\/wp\/v2\/media?parent=749835"}],"wp:term":[{"taxonomy":"product_brand","embeddable":true,"href":"https:\/\/stoic-curie.212-227-153-4.plesk.page\/pt\/wp-json\/wp\/v2\/product_brand?post=749835"},{"taxonomy":"product_cat","embeddable":true,"href":"https:\/\/stoic-curie.212-227-153-4.plesk.page\/pt\/wp-json\/wp\/v2\/product_cat?post=749835"},{"taxonomy":"product_tag","embeddable":true,"href":"https:\/\/stoic-curie.212-227-153-4.plesk.page\/pt\/wp-json\/wp\/v2\/product_tag?post=749835"}],"curies":[{"name":"wp","href":"https:\/\/api.w.org\/{rel}","templated":true}]}}