{"id":749836,"date":"2025-03-03T22:28:55","date_gmt":"2025-03-03T21:28:55","guid":{"rendered":"https:\/\/stoic-curie.212-227-153-4.plesk.page\/producto\/seaflow-aco-inoxidavel-316-remocao-do-cockpit-mangueira-de-id-de-38mm\/"},"modified":"2026-02-25T00:28:10","modified_gmt":"2026-02-25T00:28:10","slug":"seaflow-aco-inoxidavel-316-remocao-do-cockpit-mangueira-de-id-de-38mm","status":"publish","type":"product","link":"https:\/\/stoic-curie.212-227-153-4.plesk.page\/pt\/product\/seaflow-aco-inoxidavel-316-remocao-do-cockpit-mangueira-de-id-de-38mm\/","title":{"rendered":"SeaFlow A\u00e7o inoxid\u00e1vel 316 Remo\u00e7\u00e3o do Cockpit (Mangueira de ID de 38mm)"},"content":{"rendered":"<p>SeaFlow A\u00e7o inoxid\u00e1vel 316 Remo\u00e7\u00e3o do Cockpit (Mangueira de ID de 38mm) &#8211; <\/p>\n<div class=\"col-24 col-md-15\">\n<p>O dreno oval para cockpit da Seaflow \u00e9 construido de a\u00e7o inoxid\u00e1vel de grau marinho AISI 316.<\/p>\n<p>O dreno do cockpit possui uma grelha remov\u00edvel que facilita a limpeza e a manuten\u00e7\u00e3o.<\/p>\n<p>O dreno de cockpit tem formato oval e mede 190 mm x 92 mm, com uma sa\u00edda de mangueira de 38 mm angulada a 90 graus.<\/p>\n<\/div>\n<h3>Especifica\u00e7\u00f5es<\/h3>\n<table class=\"table\">\n<tbody>\n<tr>\n<td><strong>Comprimento<\/strong><\/td>\n<td>190 mm x 92 mm (7-1\/2&#8243; x 3-5\/8&#8243;)<\/td>\n<\/tr>\n<tr>\n<td><strong>Marca<\/strong><\/td>\n<td>Seaflow<\/td>\n<\/tr>\n<tr>\n<td><strong>Tamanho da Pra\u00e7a da Mangueira<\/strong><\/td>\n<td>38 mm \/ 1-1\/2&#8243;<\/td>\n<\/tr>\n<tr>\n<td><strong>Constru\u00e7\u00e3o<\/strong><\/td>\n<td>A\u00e7o Inoxid\u00e1vel de Grau Marinho 316<\/td>\n<\/tr>\n<tr>\n<td><strong>Sa\u00edda da Mangueira<\/strong><\/td>\n<td>38 mm (1-1\/2&#8243;) (Com \u00e2ngulo de 90 graus)<\/td>\n<\/tr>\n<\/tbody>\n<\/table>\n","protected":false},"excerpt":{"rendered":"<p>SeaFlow A\u00e7o inoxid\u00e1vel 316 Remo\u00e7\u00e3o do Cockpit (Mangueira de ID de 38mm) &#8211; O dreno oval para cockpit da Seaflow<\/p>\n","protected":false},"featured_media":5944790,"comment_status":"open","ping_status":"closed","template":"","meta":[],"product_brand":[3357],"product_cat":[1954,1939],"product_tag":[],"class_list":{"0":"post-749836","1":"product","2":"type-product","3":"status-publish","4":"has-post-thumbnail","6":"product_brand-seaflow-pt","7":"product_cat-bujoes-de-drenagem","8":"product_cat-chuveiros","10":"first","11":"instock","12":"shipping-taxable","13":"purchasable","14":"product-type-simple"},"_links":{"self":[{"href":"https:\/\/stoic-curie.212-227-153-4.plesk.page\/pt\/wp-json\/wp\/v2\/product\/749836","targetHints":{"allow":["GET"]}}],"collection":[{"href":"https:\/\/stoic-curie.212-227-153-4.plesk.page\/pt\/wp-json\/wp\/v2\/product"}],"about":[{"href":"https:\/\/stoic-curie.212-227-153-4.plesk.page\/pt\/wp-json\/wp\/v2\/types\/product"}],"replies":[{"embeddable":true,"href":"https:\/\/stoic-curie.212-227-153-4.plesk.page\/pt\/wp-json\/wp\/v2\/comments?post=749836"}],"version-history":[{"count":0,"href":"https:\/\/stoic-curie.212-227-153-4.plesk.page\/pt\/wp-json\/wp\/v2\/product\/749836\/revisions"}],"wp:featuredmedia":[{"embeddable":true,"href":"https:\/\/stoic-curie.212-227-153-4.plesk.page\/pt\/wp-json\/wp\/v2\/media\/5944790"}],"wp:attachment":[{"href":"https:\/\/stoic-curie.212-227-153-4.plesk.page\/pt\/wp-json\/wp\/v2\/media?parent=749836"}],"wp:term":[{"taxonomy":"product_brand","embeddable":true,"href":"https:\/\/stoic-curie.212-227-153-4.plesk.page\/pt\/wp-json\/wp\/v2\/product_brand?post=749836"},{"taxonomy":"product_cat","embeddable":true,"href":"https:\/\/stoic-curie.212-227-153-4.plesk.page\/pt\/wp-json\/wp\/v2\/product_cat?post=749836"},{"taxonomy":"product_tag","embeddable":true,"href":"https:\/\/stoic-curie.212-227-153-4.plesk.page\/pt\/wp-json\/wp\/v2\/product_tag?post=749836"}],"curies":[{"name":"wp","href":"https:\/\/api.w.org\/{rel}","templated":true}]}}