{"id":749837,"date":"2025-03-03T22:28:55","date_gmt":"2025-03-03T21:28:55","guid":{"rendered":"https:\/\/stoic-curie.212-227-153-4.plesk.page\/producto\/enchedor-de-residuos-de-aco-inoxidavel-4dek-para-mangueira-de-38-mm\/"},"modified":"2026-02-25T00:28:10","modified_gmt":"2026-02-25T00:28:10","slug":"enchedor-de-residuos-de-aco-inoxidavel-4dek-para-mangueira-de-38-mm","status":"publish","type":"product","link":"https:\/\/stoic-curie.212-227-153-4.plesk.page\/pt\/product\/enchedor-de-residuos-de-aco-inoxidavel-4dek-para-mangueira-de-38-mm\/","title":{"rendered":"Enchedor de res\u00edduos de a\u00e7o inoxid\u00e1vel 4Dek para mangueira de 38 mm"},"content":{"rendered":"<p>Enchedor de res\u00edduos de a\u00e7o inoxid\u00e1vel 4Dek para mangueira de 38 mm &#8211; <\/p>\n<div class=\"col-24 col-md-15\">\n<p>A placa de deck de rejeitos 4Dek \u00e9 constru\u00edda de a\u00e7o inoxid\u00e1vel AISI316 polido e se adapta a mangueiras de 38 mm. Esta placa de deck de rejeitos possui uma tampa com al\u00e7a dobr\u00e1vel e tr\u00eas buracos de fixa\u00e7\u00e3o rebaixados.<\/p>\n<\/div>\n<h3>Especifica\u00e7\u00f5es<\/h3>\n<table class=\"table\">\n<tbody>\n<tr>\n<td><strong>Comprimento<\/strong><\/td>\n<td>90 mm<\/td>\n<\/tr>\n<tr>\n<td><strong>Marca<\/strong><\/td>\n<td>4Dek<\/td>\n<\/tr>\n<tr>\n<td><strong>Tamponamento do Deck<\/strong><\/td>\n<td>Rejeitos<\/td>\n<\/tr>\n<tr>\n<td><strong>Conex\u00e3o de mangueira de enchimento<\/strong><\/td>\n<td>38 mm \/ 1-1\/2&#8243;<\/td>\n<\/tr>\n<tr>\n<td><strong>Marca\u00e7\u00e3o<\/strong><\/td>\n<td>Rejeitos<\/td>\n<\/tr>\n<tr>\n<td><strong>Ventilado<\/strong><\/td>\n<td>N\u00e3o<\/td>\n<\/tr>\n<tr>\n<td><strong>\u00c2ngulo<\/strong><\/td>\n<td>Reto<\/td>\n<\/tr>\n<tr>\n<td><strong>PCD de furos de parafuso [Pitch Circle Diameter]<\/strong><\/td>\n<td>3 furos em 68 mm PCD<\/td>\n<\/tr>\n<tr>\n<td><strong>Constru\u00e7\u00e3o<\/strong><\/td>\n<td>A\u00e7o inoxid\u00e1vel polido ASIS 316<\/td>\n<\/tr>\n<tr>\n<td><strong>Di\u00e2metro<\/strong><\/td>\n<td>Total: 88 mm (3-1\/2&#8243;)<\/td>\n<\/tr>\n<tr>\n<td><strong>Dimens\u00f5es<\/strong><\/td>\n<td>Tamanho do recorte: 51 mm (2&#8243;)<\/td>\n<\/tr>\n<\/tbody>\n<\/table>\n","protected":false},"excerpt":{"rendered":"<p>Enchedor de res\u00edduos de a\u00e7o inoxid\u00e1vel 4Dek para mangueira de 38 mm &#8211; A placa de deck de rejeitos 4Dek<\/p>\n","protected":false},"featured_media":5944791,"comment_status":"open","ping_status":"closed","template":"","meta":[],"product_brand":[3237],"product_cat":[1936],"product_tag":[],"class_list":{"0":"post-749837","1":"product","2":"type-product","3":"status-publish","4":"has-post-thumbnail","6":"product_brand-osculati-pt","7":"product_cat-tanques-de-aguas-residuais","9":"first","10":"instock","11":"shipping-taxable","12":"purchasable","13":"product-type-simple"},"_links":{"self":[{"href":"https:\/\/stoic-curie.212-227-153-4.plesk.page\/pt\/wp-json\/wp\/v2\/product\/749837","targetHints":{"allow":["GET"]}}],"collection":[{"href":"https:\/\/stoic-curie.212-227-153-4.plesk.page\/pt\/wp-json\/wp\/v2\/product"}],"about":[{"href":"https:\/\/stoic-curie.212-227-153-4.plesk.page\/pt\/wp-json\/wp\/v2\/types\/product"}],"replies":[{"embeddable":true,"href":"https:\/\/stoic-curie.212-227-153-4.plesk.page\/pt\/wp-json\/wp\/v2\/comments?post=749837"}],"version-history":[{"count":0,"href":"https:\/\/stoic-curie.212-227-153-4.plesk.page\/pt\/wp-json\/wp\/v2\/product\/749837\/revisions"}],"wp:featuredmedia":[{"embeddable":true,"href":"https:\/\/stoic-curie.212-227-153-4.plesk.page\/pt\/wp-json\/wp\/v2\/media\/5944791"}],"wp:attachment":[{"href":"https:\/\/stoic-curie.212-227-153-4.plesk.page\/pt\/wp-json\/wp\/v2\/media?parent=749837"}],"wp:term":[{"taxonomy":"product_brand","embeddable":true,"href":"https:\/\/stoic-curie.212-227-153-4.plesk.page\/pt\/wp-json\/wp\/v2\/product_brand?post=749837"},{"taxonomy":"product_cat","embeddable":true,"href":"https:\/\/stoic-curie.212-227-153-4.plesk.page\/pt\/wp-json\/wp\/v2\/product_cat?post=749837"},{"taxonomy":"product_tag","embeddable":true,"href":"https:\/\/stoic-curie.212-227-153-4.plesk.page\/pt\/wp-json\/wp\/v2\/product_tag?post=749837"}],"curies":[{"name":"wp","href":"https:\/\/api.w.org\/{rel}","templated":true}]}}