{"id":749838,"date":"2025-03-03T22:28:55","date_gmt":"2025-03-03T21:28:55","guid":{"rendered":"https:\/\/stoic-curie.212-227-153-4.plesk.page\/producto\/mangueira-de-agua-john-guest-speedfit-15mm-x-25mt\/"},"modified":"2026-02-25T00:28:10","modified_gmt":"2026-02-25T00:28:10","slug":"mangueira-de-agua-john-guest-speedfit-15mm-x-25mt","status":"publish","type":"product","link":"https:\/\/stoic-curie.212-227-153-4.plesk.page\/pt\/product\/mangueira-de-agua-john-guest-speedfit-15mm-x-25mt\/","title":{"rendered":"Mangueira de \u00e1gua John Guest Speedfit 15mm x 25mt"},"content":{"rendered":"<p>Mangueira de \u00e1gua John Guest Speedfit 15mm x 25mt &#8211; <\/p>\n<div class=\"col-24 col-md-15\">\n<p>O tubo de barreira PEX Speedfit da John Guest tem um di\u00e2metro exterior de 15 mm e \u00e9 fornecido em uma bobina de 25 metros. O tubo \u00e9 adequado para aplica\u00e7\u00f5es de encanamento dom\u00e9stico de \u00e1gua quente e fria devido aos materiais sem chumbo e n\u00e3o t\u00f3xicos utilizados. O tubo PEX Speedfit possui uma constru\u00e7\u00e3o leve e flex\u00edvel de 5 camadas, sendo o centro uma barreira de oxig\u00eanio de cor azul que evita a entrada de ar no sistema, reduzindo assim o efeito de corros\u00e3o em componentes met\u00e1licos. Este tubo Speedfit tem uma baixa condutividade t\u00e9rmica, portanto, ao transportar \u00e1gua quente, o tubo \u00e9 mais frio e seguro ao toque.<\/p>\n<p>O tubo de barreira PEX Speedfit est\u00e1 em conformidade com a norma brit\u00e2nica BS7291: Parte 3: Classe S.<\/p>\n<p>Os inserts JG Speedfit devem ser utilizados ao utilizar conex\u00f5es Speedfit com este tubo.<\/p>\n<\/div>\n<h3>Especifica\u00e7\u00f5es<\/h3>\n<table class=\"table\">\n<tbody>\n<tr>\n<td><strong>Aprova\u00e7\u00f5es<\/strong><\/td>\n<td>Atende \u00e0 norma brit\u00e2nica BS7291: Parte 3: Classe S<\/td>\n<\/tr>\n<tr>\n<td><strong>Marca<\/strong><\/td>\n<td>JG Speedfit<\/td>\n<\/tr>\n<tr>\n<td><strong>Pa\u00eds de Origem<\/strong><\/td>\n<td>Reino Unido<\/td>\n<\/tr>\n<tr>\n<td><strong>Unidade de Venda<\/strong><\/td>\n<td>25 Metros<\/td>\n<\/tr>\n<tr>\n<td><strong>Constru\u00e7\u00e3o<\/strong><\/td>\n<td>PEX (Polietileno de Alta Densidade Reticulado (HDPE))<\/td>\n<\/tr>\n<tr>\n<td><strong>Di\u00e2metro<\/strong><\/td>\n<td>15 mm OD<\/td>\n<\/tr>\n<tr>\n<td><strong>Compatibilidade<\/strong><\/td>\n<td>Instala\u00e7\u00f5es de \u00e1gua quente e fria para uso dom\u00e9stico<\/td>\n<\/tr>\n<\/tbody>\n<\/table>\n","protected":false},"excerpt":{"rendered":"<p>Mangueira de \u00e1gua John Guest Speedfit 15mm x 25mt &#8211; O tubo de barreira PEX Speedfit da John Guest tem<\/p>\n","protected":false},"featured_media":5944795,"comment_status":"open","ping_status":"closed","template":"","meta":[],"product_brand":[3427],"product_cat":[1948,1942],"product_tag":[],"class_list":{"0":"post-749838","1":"product","2":"type-product","3":"status-publish","4":"has-post-thumbnail","6":"product_brand-speedfit-pt","7":"product_cat-acessorios-para-canalizacao-de-plastico","8":"product_cat-mangueiras-de-agua","10":"first","11":"instock","12":"shipping-taxable","13":"purchasable","14":"product-type-simple"},"_links":{"self":[{"href":"https:\/\/stoic-curie.212-227-153-4.plesk.page\/pt\/wp-json\/wp\/v2\/product\/749838","targetHints":{"allow":["GET"]}}],"collection":[{"href":"https:\/\/stoic-curie.212-227-153-4.plesk.page\/pt\/wp-json\/wp\/v2\/product"}],"about":[{"href":"https:\/\/stoic-curie.212-227-153-4.plesk.page\/pt\/wp-json\/wp\/v2\/types\/product"}],"replies":[{"embeddable":true,"href":"https:\/\/stoic-curie.212-227-153-4.plesk.page\/pt\/wp-json\/wp\/v2\/comments?post=749838"}],"version-history":[{"count":0,"href":"https:\/\/stoic-curie.212-227-153-4.plesk.page\/pt\/wp-json\/wp\/v2\/product\/749838\/revisions"}],"wp:featuredmedia":[{"embeddable":true,"href":"https:\/\/stoic-curie.212-227-153-4.plesk.page\/pt\/wp-json\/wp\/v2\/media\/5944795"}],"wp:attachment":[{"href":"https:\/\/stoic-curie.212-227-153-4.plesk.page\/pt\/wp-json\/wp\/v2\/media?parent=749838"}],"wp:term":[{"taxonomy":"product_brand","embeddable":true,"href":"https:\/\/stoic-curie.212-227-153-4.plesk.page\/pt\/wp-json\/wp\/v2\/product_brand?post=749838"},{"taxonomy":"product_cat","embeddable":true,"href":"https:\/\/stoic-curie.212-227-153-4.plesk.page\/pt\/wp-json\/wp\/v2\/product_cat?post=749838"},{"taxonomy":"product_tag","embeddable":true,"href":"https:\/\/stoic-curie.212-227-153-4.plesk.page\/pt\/wp-json\/wp\/v2\/product_tag?post=749838"}],"curies":[{"name":"wp","href":"https:\/\/api.w.org\/{rel}","templated":true}]}}