{"id":749839,"date":"2025-03-03T22:28:56","date_gmt":"2025-03-03T21:28:56","guid":{"rendered":"https:\/\/stoic-curie.212-227-153-4.plesk.page\/producto\/maestrini-chromed-brass-shell-tank-vent-com-gaze-2-bsp\/"},"modified":"2026-02-25T00:28:10","modified_gmt":"2026-02-25T00:28:10","slug":"maestrini-chromed-brass-shell-tank-vent-com-gaze-2-bsp","status":"publish","type":"product","link":"https:\/\/stoic-curie.212-227-153-4.plesk.page\/pt\/product\/maestrini-chromed-brass-shell-tank-vent-com-gaze-2-bsp\/","title":{"rendered":"Maestrini Chromed Brass Shell Tank Vent com gaze (2&#8243; BSP)"},"content":{"rendered":"<p>Maestrini Chromed Brass Shell Tank Vent com gaze (2&#8243; BSP) &#8211; <\/p>\n<div class=\"col-24 col-md-15\">\n<p>O ventil Maestrini para tanques \u00e9 feito de lat\u00e3o cromado e \u00e9 adequado para uso como ventila\u00e7\u00e3o de passagem em tanques de combust\u00edvel, tanques de \u00e1gua doce e tanques de reten\u00e7\u00e3o. O ventil com rosca vem completo com uma malha de a\u00e7o inoxid\u00e1vel \u00e0 prova de chama, al\u00e9m de uma porca e uma arruela de lat\u00e3o.<\/p>\n<\/div>\n<h3>Especifica\u00e7\u00f5es<\/h3>\n<table class=\"table\">\n<tbody>\n<tr>\n<td><strong>Comprimento<\/strong><\/td>\n<td>Total: 126mm, Rosca: 91.5mm<\/td>\n<\/tr>\n<tr>\n<td><strong>Marca<\/strong><\/td>\n<td>Maestrini<\/td>\n<\/tr>\n<tr>\n<td><strong>Pa\u00eds de Origem<\/strong><\/td>\n<td>It\u00e1lia<\/td>\n<\/tr>\n<tr>\n<td><strong>Extintor de Chamas<\/strong><\/td>\n<td>Sim<\/td>\n<\/tr>\n<tr>\n<td><strong>Constru\u00e7\u00e3o<\/strong><\/td>\n<td>Lat\u00e3o Cromado<\/td>\n<\/tr>\n<tr>\n<td><strong>Classifica\u00e7\u00e3o de Press\u00e3o<\/strong><\/td>\n<td>363 PSI (25 Bar)<\/td>\n<\/tr>\n<tr>\n<td><strong>Forma<\/strong><\/td>\n<td>Reto<\/td>\n<\/tr>\n<tr>\n<td><strong>Tamanho da Rosca<\/strong><\/td>\n<td>2&#8243; BSP Macho<\/td>\n<\/tr>\n<\/tbody>\n<\/table>\n","protected":false},"excerpt":{"rendered":"<p>Maestrini Chromed Brass Shell Tank Vent com gaze (2&#8243; BSP) &#8211; O ventil Maestrini para tanques \u00e9 feito de lat\u00e3o<\/p>\n","protected":false},"featured_media":5944807,"comment_status":"open","ping_status":"closed","template":"","meta":[],"product_brand":[3237],"product_cat":[1986,2087],"product_tag":[],"class_list":{"0":"post-749839","1":"product","2":"type-product","3":"status-publish","4":"has-post-thumbnail","6":"product_brand-osculati-pt","7":"product_cat-respiradores","8":"product_cat-tanques-de-combustivel","10":"first","11":"instock","12":"shipping-taxable","13":"purchasable","14":"product-type-simple"},"_links":{"self":[{"href":"https:\/\/stoic-curie.212-227-153-4.plesk.page\/pt\/wp-json\/wp\/v2\/product\/749839","targetHints":{"allow":["GET"]}}],"collection":[{"href":"https:\/\/stoic-curie.212-227-153-4.plesk.page\/pt\/wp-json\/wp\/v2\/product"}],"about":[{"href":"https:\/\/stoic-curie.212-227-153-4.plesk.page\/pt\/wp-json\/wp\/v2\/types\/product"}],"replies":[{"embeddable":true,"href":"https:\/\/stoic-curie.212-227-153-4.plesk.page\/pt\/wp-json\/wp\/v2\/comments?post=749839"}],"version-history":[{"count":0,"href":"https:\/\/stoic-curie.212-227-153-4.plesk.page\/pt\/wp-json\/wp\/v2\/product\/749839\/revisions"}],"wp:featuredmedia":[{"embeddable":true,"href":"https:\/\/stoic-curie.212-227-153-4.plesk.page\/pt\/wp-json\/wp\/v2\/media\/5944807"}],"wp:attachment":[{"href":"https:\/\/stoic-curie.212-227-153-4.plesk.page\/pt\/wp-json\/wp\/v2\/media?parent=749839"}],"wp:term":[{"taxonomy":"product_brand","embeddable":true,"href":"https:\/\/stoic-curie.212-227-153-4.plesk.page\/pt\/wp-json\/wp\/v2\/product_brand?post=749839"},{"taxonomy":"product_cat","embeddable":true,"href":"https:\/\/stoic-curie.212-227-153-4.plesk.page\/pt\/wp-json\/wp\/v2\/product_cat?post=749839"},{"taxonomy":"product_tag","embeddable":true,"href":"https:\/\/stoic-curie.212-227-153-4.plesk.page\/pt\/wp-json\/wp\/v2\/product_tag?post=749839"}],"curies":[{"name":"wp","href":"https:\/\/api.w.org\/{rel}","templated":true}]}}