{"id":749840,"date":"2025-03-03T22:28:56","date_gmt":"2025-03-03T21:28:56","guid":{"rendered":"https:\/\/stoic-curie.212-227-153-4.plesk.page\/producto\/engates-flexiveis-de-rd-910-002-para-4-engates-yanmar\/"},"modified":"2026-02-25T00:28:10","modified_gmt":"2026-02-25T00:28:10","slug":"engates-flexiveis-de-rd-910-002-para-4-engates-yanmar","status":"publish","type":"product","link":"https:\/\/stoic-curie.212-227-153-4.plesk.page\/pt\/product\/engates-flexiveis-de-rd-910-002-para-4-engates-yanmar\/","title":{"rendered":"Engates flex\u00edveis de R&#038;D 910-002 para 4 &#8221; engates Yanmar"},"content":{"rendered":"<p>Engates flex\u00edveis de R&#038;D 910-002 para 4 &#8221; engates Yanmar &#8211; Acoplamentos flex\u00edveis para eixos de h\u00e9lices de barcos. Fabricado pela R&#038;D Marine, o acoplamento flex\u00edvel se encaixa entre o acoplamento do eixo da h\u00e9lice do barco e o acoplamento de sa\u00edda da caixa de c\u00e2mbio. Este acoplamento flex\u00edvel consiste em um disco flex\u00edvel contornado moldado em um novo tipo de elast\u00f4mero de poli\u00e9ster, forte e resistente. O disco de acoplamento contornado fornece espa\u00e7o para as cabe\u00e7as dos parafusos e permite que o acoplamento se mova livremente para compensar qualquer desalinhamento tempor\u00e1rio do motor e do eixo da h\u00e9lice, causado pela flex\u00e3o da estrutura do barco ou movimento do motor em seus suportes de borracha. O empuxo para frente \u00e9 realizado em compress\u00e3o no disco de acoplamento entre os dois meios de acoplamento do eixo, e a for\u00e7a reversa tamb\u00e9m \u00e9 feita em compress\u00e3o no disco de acoplamento entre as duas correias de seguran\u00e7a. Uma caracter\u00edstica de seguran\u00e7a do acoplamento flex\u00edvel da s\u00e9rie R&#038;D 910 \u00e9 que, na improv\u00e1vel hip\u00f3tese de falha do disco de acoplamento, as correias de a\u00e7o tornam a conex\u00e3o segura e garantem que a tra\u00e7\u00e3o do eixo da h\u00e9lice seja mantida tanto para frente quanto para tr\u00e1s.<\/p>\n<p>**Dimens\u00f5es da Flange da Caixa de C\u00e2mbio**<\/p>\n<p>&#8211; Di\u00e2metro: 101,6 mm (4,00&#8243;)<br \/>\n&#8211; N\u00famero de parafusos da flange da caixa de c\u00e2mbio: 4<br \/>\n&#8211; Di\u00e2metro nominal do furo do parafuso de acoplamento: 10 mm (0,39&#8243;)<br \/>\n&#8211; PCD do parafuso: 78 mm (3,07&#8243;)<br \/>\n&#8211; Di\u00e2metro de registro do acoplamento: 50,0 mm (1,97&#8243;)<\/p>\n<p>**Detalhes do Acoplamento Flex\u00edvel**<\/p>\n<p>&#8211; Di\u00e2metro m\u00e1ximo do acoplamento: 114,3 mm (4,5&#8243;)<br \/>\n&#8211; Comprimento: 32,5 mm (1,28&#8243;)<br \/>\n&#8211; Di\u00e2metro do parafuso: M10<br \/>\n&#8211; Capacidade por 100 rpm: 2,24 kW 3HP<br \/>\n&#8211; Aplica\u00e7\u00f5es t\u00edpicas: Caixas de c\u00e2mbio Yanmar Kanzaki<br \/>\n&#8211; Propriedades el\u00e9tricas: Acoplamentos flex\u00edveis s\u00e3o, por padr\u00e3o, n\u00e3o condutivos<br \/>\n&#8211; Fita de aterramento: 807737<\/p>\n<p>**Especifica\u00e7\u00f5es**<\/p>\n<p>Aplica\u00e7\u00e3o: Caixas de c\u00e2mbio Yanmar Kanzaki<br \/>\nCapacidade: 3HP (2,24KW) por 100 rpm<br \/>\nComprimento: 1,28&#8243; (32,5 mm)<br \/>\nMarca: R&#038;D Marine<br \/>\nPCD do acoplamento: 3,07&#8243; \/ 78 mm<br \/>\nDi\u00e2metro de registro do acoplamento: 1,97&#8243; \/ 50 mm<br \/>\nDi\u00e2metro do acoplamento de sa\u00edda da caixa de c\u00e2mbio: 4,00&#8243; \/ 101,6 mm<br \/>\nN\u00famero de parafusos de fixa\u00e7\u00e3o: 4<br \/>\nPa\u00eds de origem: Reino Unido<br \/>\nModelo: 910-002<\/p>\n","protected":false},"excerpt":{"rendered":"<p>Engates flex\u00edveis de R&#038;D 910-002 para 4 &#8221; engates Yanmar &#8211; Acoplamentos flex\u00edveis para eixos de h\u00e9lices de barcos. Fabricado<\/p>\n","protected":false},"featured_media":5944809,"comment_status":"open","ping_status":"closed","template":"","meta":[],"product_brand":[3297],"product_cat":[2076],"product_tag":[],"class_list":{"0":"post-749840","1":"product","2":"type-product","3":"status-publish","4":"has-post-thumbnail","6":"product_brand-rd-marine-pt","7":"product_cat-amortecedores-e-acoplamentos","9":"first","10":"instock","11":"shipping-taxable","12":"purchasable","13":"product-type-simple"},"_links":{"self":[{"href":"https:\/\/stoic-curie.212-227-153-4.plesk.page\/pt\/wp-json\/wp\/v2\/product\/749840","targetHints":{"allow":["GET"]}}],"collection":[{"href":"https:\/\/stoic-curie.212-227-153-4.plesk.page\/pt\/wp-json\/wp\/v2\/product"}],"about":[{"href":"https:\/\/stoic-curie.212-227-153-4.plesk.page\/pt\/wp-json\/wp\/v2\/types\/product"}],"replies":[{"embeddable":true,"href":"https:\/\/stoic-curie.212-227-153-4.plesk.page\/pt\/wp-json\/wp\/v2\/comments?post=749840"}],"version-history":[{"count":0,"href":"https:\/\/stoic-curie.212-227-153-4.plesk.page\/pt\/wp-json\/wp\/v2\/product\/749840\/revisions"}],"wp:featuredmedia":[{"embeddable":true,"href":"https:\/\/stoic-curie.212-227-153-4.plesk.page\/pt\/wp-json\/wp\/v2\/media\/5944809"}],"wp:attachment":[{"href":"https:\/\/stoic-curie.212-227-153-4.plesk.page\/pt\/wp-json\/wp\/v2\/media?parent=749840"}],"wp:term":[{"taxonomy":"product_brand","embeddable":true,"href":"https:\/\/stoic-curie.212-227-153-4.plesk.page\/pt\/wp-json\/wp\/v2\/product_brand?post=749840"},{"taxonomy":"product_cat","embeddable":true,"href":"https:\/\/stoic-curie.212-227-153-4.plesk.page\/pt\/wp-json\/wp\/v2\/product_cat?post=749840"},{"taxonomy":"product_tag","embeddable":true,"href":"https:\/\/stoic-curie.212-227-153-4.plesk.page\/pt\/wp-json\/wp\/v2\/product_tag?post=749840"}],"curies":[{"name":"wp","href":"https:\/\/api.w.org\/{rel}","templated":true}]}}