{"id":749842,"date":"2025-03-03T22:28:57","date_gmt":"2025-03-03T21:28:57","guid":{"rendered":"https:\/\/stoic-curie.212-227-153-4.plesk.page\/producto\/engates-flexiveis-de-r-d-910-037-para-engates-de-caixa-de-velocidades-yanmar\/"},"modified":"2026-02-25T00:28:10","modified_gmt":"2026-02-25T00:28:10","slug":"engates-flexiveis-de-r-d-910-037-para-engates-de-caixa-de-velocidades-yanmar","status":"publish","type":"product","link":"https:\/\/stoic-curie.212-227-153-4.plesk.page\/pt\/product\/engates-flexiveis-de-r-d-910-037-para-engates-de-caixa-de-velocidades-yanmar\/","title":{"rendered":"Engates flex\u00edveis de R &#038; D 910-037 para engates de Caixa De Velocidades Yanmar"},"content":{"rendered":"<p>Engates flex\u00edveis de R &#038; D 910-037 para engates de Caixa De Velocidades Yanmar &#8211; Acoplamento flex\u00edvel para eixo de h\u00e9lice de barco. Fabricado pela R&#038;D Marine, o acoplamento flex\u00edvel se encaixa entre o acoplamento do eixo de h\u00e9lice do barco e o acoplamento de sa\u00edda da caixa de c\u00e2mbio Yanmar KM. Este acoplamento flex\u00edvel consiste em um disco flex\u00edvel contornado moldado em um novo elast\u00f4mero de poli\u00e9ster resistente, mas resiliente. O disco de acoplamento contornado proporciona espa\u00e7o para as cabe\u00e7as dos parafusos e permite que o acoplamento se flexione livremente para compensar quaisquer desalinhamentos tempor\u00e1rios do motor e do eixo do propulsor, devido \u00e0 flex\u00e3o da estrutura do barco ou ao movimento do motor em suas montagens de motor de borracha. O impulso para frente \u00e9 recebido em compress\u00e3o no disco de acoplamento entre os dois meios de acoplamento do eixo, e o impulso para tr\u00e1s \u00e9 novamente recebido em compress\u00e3o no disco de acoplamento entre as duas faixas de seguran\u00e7a. Um recurso de seguran\u00e7a dos acoplamentos flex\u00edveis da s\u00e9rie R&#038;D 910 \u00e9 que, na improv\u00e1vel hip\u00f3tese de uma falha do disco de acoplamento, as correias de a\u00e7o tornam o acoplamento seguro e garantem que o acionamento do eixo do propulsor seja mantido tanto para frente quanto para tr\u00e1s.<\/p>\n","protected":false},"excerpt":{"rendered":"<p>Engates flex\u00edveis de R &#038; D 910-037 para engates de Caixa De Velocidades Yanmar &#8211; Acoplamento flex\u00edvel para eixo de<\/p>\n","protected":false},"featured_media":5944811,"comment_status":"open","ping_status":"closed","template":"","meta":[],"product_brand":[3297],"product_cat":[2076,2103],"product_tag":[],"class_list":{"0":"post-749842","1":"product","2":"type-product","3":"status-publish","4":"has-post-thumbnail","6":"product_brand-rd-marine-pt","7":"product_cat-amortecedores-e-acoplamentos","8":"product_cat-pecas-para-motores-yanmar","10":"first","11":"instock","12":"shipping-taxable","13":"purchasable","14":"product-type-simple"},"_links":{"self":[{"href":"https:\/\/stoic-curie.212-227-153-4.plesk.page\/pt\/wp-json\/wp\/v2\/product\/749842","targetHints":{"allow":["GET"]}}],"collection":[{"href":"https:\/\/stoic-curie.212-227-153-4.plesk.page\/pt\/wp-json\/wp\/v2\/product"}],"about":[{"href":"https:\/\/stoic-curie.212-227-153-4.plesk.page\/pt\/wp-json\/wp\/v2\/types\/product"}],"replies":[{"embeddable":true,"href":"https:\/\/stoic-curie.212-227-153-4.plesk.page\/pt\/wp-json\/wp\/v2\/comments?post=749842"}],"version-history":[{"count":0,"href":"https:\/\/stoic-curie.212-227-153-4.plesk.page\/pt\/wp-json\/wp\/v2\/product\/749842\/revisions"}],"wp:featuredmedia":[{"embeddable":true,"href":"https:\/\/stoic-curie.212-227-153-4.plesk.page\/pt\/wp-json\/wp\/v2\/media\/5944811"}],"wp:attachment":[{"href":"https:\/\/stoic-curie.212-227-153-4.plesk.page\/pt\/wp-json\/wp\/v2\/media?parent=749842"}],"wp:term":[{"taxonomy":"product_brand","embeddable":true,"href":"https:\/\/stoic-curie.212-227-153-4.plesk.page\/pt\/wp-json\/wp\/v2\/product_brand?post=749842"},{"taxonomy":"product_cat","embeddable":true,"href":"https:\/\/stoic-curie.212-227-153-4.plesk.page\/pt\/wp-json\/wp\/v2\/product_cat?post=749842"},{"taxonomy":"product_tag","embeddable":true,"href":"https:\/\/stoic-curie.212-227-153-4.plesk.page\/pt\/wp-json\/wp\/v2\/product_tag?post=749842"}],"curies":[{"name":"wp","href":"https:\/\/api.w.org\/{rel}","templated":true}]}}