{"id":749844,"date":"2025-03-03T22:28:57","date_gmt":"2025-03-03T21:28:57","guid":{"rendered":"https:\/\/stoic-curie.212-227-153-4.plesk.page\/producto\/rolamento-do-eixo-de-prop-da-driveforce-jeanneau-25-x-40-x-120mm\/"},"modified":"2026-02-25T00:28:10","modified_gmt":"2026-02-25T00:28:10","slug":"rolamento-do-eixo-de-prop-da-driveforce-jeanneau-25-x-40-x-120mm","status":"publish","type":"product","link":"https:\/\/stoic-curie.212-227-153-4.plesk.page\/pt\/product\/rolamento-do-eixo-de-prop-da-driveforce-jeanneau-25-x-40-x-120mm\/","title":{"rendered":"Rolamento do eixo de prop da DriveForce Jeanneau (25 x 40 x 120mm)"},"content":{"rendered":"<p>Rolamento do eixo de prop da DriveForce Jeanneau (25 x 40 x 120mm) &#8211; Manga do rolamento de substitui\u00e7\u00e3o projetada para substituir o rolamento especial do eixo do propulsor montado em muitos barcos de vela Beneteau, Jeanneau e Dufour. Este rolamento \u00e9 fornecido completo com 2 parafusos de localiza\u00e7\u00e3o n\u00e3o met\u00e1licos. Este rolamento \u00e9 para um eixo de propulsor de 25 mm de di\u00e2metro e mede 40 mm de di\u00e2metro exterior x 120 mm de comprimento. (7,5 mm de espessura) <\/p>\n<h3>Especifica\u00e7\u00f5es<\/h3>\n<table class=\"table\">\n<tbody>\n<tr>\n<td><strong>Comprimento<\/strong><\/td>\n<td>120 mm<\/td>\n<\/tr>\n<tr>\n<td><strong>Marca<\/strong><\/td>\n<td>Drive Force<\/td>\n<\/tr>\n<tr>\n<td><strong>Tamanho do eixo<\/strong><\/td>\n<td>25 mm<\/td>\n<\/tr>\n<tr>\n<td><strong>Di\u00e2metro<\/strong><\/td>\n<td>OD: 40 mm<\/td>\n<\/tr>\n<tr>\n<td><strong>Espessura<\/strong><\/td>\n<td>7,5 mm<\/td>\n<\/tr>\n<\/tbody>\n<\/table>\n","protected":false},"excerpt":{"rendered":"<p>Rolamento do eixo de prop da DriveForce Jeanneau (25 x 40 x 120mm) &#8211; Manga do rolamento de substitui\u00e7\u00e3o projetada<\/p>\n","protected":false},"featured_media":5944819,"comment_status":"open","ping_status":"closed","template":"","meta":[],"product_brand":[2244,3227],"product_cat":[2099],"product_tag":[],"class_list":{"0":"post-749844","1":"product","2":"type-product","3":"status-publish","4":"has-post-thumbnail","6":"product_brand-orbitrade-marine","7":"product_brand-orbitrade-marine-pt","8":"product_cat-rolamentos-do-veio-de-propulsao","10":"first","11":"instock","12":"shipping-taxable","13":"purchasable","14":"product-type-simple"},"_links":{"self":[{"href":"https:\/\/stoic-curie.212-227-153-4.plesk.page\/pt\/wp-json\/wp\/v2\/product\/749844","targetHints":{"allow":["GET"]}}],"collection":[{"href":"https:\/\/stoic-curie.212-227-153-4.plesk.page\/pt\/wp-json\/wp\/v2\/product"}],"about":[{"href":"https:\/\/stoic-curie.212-227-153-4.plesk.page\/pt\/wp-json\/wp\/v2\/types\/product"}],"replies":[{"embeddable":true,"href":"https:\/\/stoic-curie.212-227-153-4.plesk.page\/pt\/wp-json\/wp\/v2\/comments?post=749844"}],"version-history":[{"count":0,"href":"https:\/\/stoic-curie.212-227-153-4.plesk.page\/pt\/wp-json\/wp\/v2\/product\/749844\/revisions"}],"wp:featuredmedia":[{"embeddable":true,"href":"https:\/\/stoic-curie.212-227-153-4.plesk.page\/pt\/wp-json\/wp\/v2\/media\/5944819"}],"wp:attachment":[{"href":"https:\/\/stoic-curie.212-227-153-4.plesk.page\/pt\/wp-json\/wp\/v2\/media?parent=749844"}],"wp:term":[{"taxonomy":"product_brand","embeddable":true,"href":"https:\/\/stoic-curie.212-227-153-4.plesk.page\/pt\/wp-json\/wp\/v2\/product_brand?post=749844"},{"taxonomy":"product_cat","embeddable":true,"href":"https:\/\/stoic-curie.212-227-153-4.plesk.page\/pt\/wp-json\/wp\/v2\/product_cat?post=749844"},{"taxonomy":"product_tag","embeddable":true,"href":"https:\/\/stoic-curie.212-227-153-4.plesk.page\/pt\/wp-json\/wp\/v2\/product_tag?post=749844"}],"curies":[{"name":"wp","href":"https:\/\/api.w.org\/{rel}","templated":true}]}}