{"id":749845,"date":"2025-03-03T22:28:57","date_gmt":"2025-03-03T21:28:57","guid":{"rendered":"https:\/\/stoic-curie.212-227-153-4.plesk.page\/producto\/rolamento-do-eixo-de-prop-jeanneau-beneteau-30-x-40-x-120mm\/"},"modified":"2026-02-25T00:28:10","modified_gmt":"2026-02-25T00:28:10","slug":"rolamento-do-eixo-de-prop-jeanneau-beneteau-30-x-40-x-120mm","status":"publish","type":"product","link":"https:\/\/stoic-curie.212-227-153-4.plesk.page\/pt\/product\/rolamento-do-eixo-de-prop-jeanneau-beneteau-30-x-40-x-120mm\/","title":{"rendered":"Rolamento do eixo de prop jeanneau beneteau (30 x 40 x 120mm)"},"content":{"rendered":"<p>Rolamento do eixo de prop jeanneau beneteau (30 x 40 x 120mm) &#8211; <\/p>\n<div class=\"col-24 col-md-15\">\n<p>O mancal de substitui\u00e7\u00e3o do eixo de propuls\u00e3o foi projetado para substituir o mancal especial do eixo do h\u00e9lice instalado em muitos barcos \u00e0 vela Beneteau, Jeanneau e Dufour. Este mancal \u00e9 fornecido completo com 2 parafusos de localiza\u00e7\u00e3o n\u00e3o met\u00e1licos.<\/p>\n<p>Este mancal \u00e9 para um eixo de propuls\u00e3o de 30 mm de di\u00e2metro e mede 40 mm de di\u00e2metro externo por 120 mm de comprimento (5 mm de espessura).<\/p>\n<\/div>\n<h3>Especifica\u00e7\u00f5es<\/h3>\n<table class=\"table\">\n<tbody>\n<tr>\n<td><strong>Comprimento<\/strong><\/td>\n<td>120mm<\/td>\n<\/tr>\n<tr>\n<td><strong>Fornecido com<\/strong><\/td>\n<td>Grub Screws<\/td>\n<\/tr>\n<tr>\n<td><strong>Marca<\/strong><\/td>\n<td>Drive Force<\/td>\n<\/tr>\n<tr>\n<td><strong>Tamanho do eixo<\/strong><\/td>\n<td>30mm<\/td>\n<\/tr>\n<tr>\n<td><strong>Di\u00e2metro<\/strong><\/td>\n<td>OD: 40mm<\/td>\n<\/tr>\n<tr>\n<td><strong>Espessura<\/strong><\/td>\n<td>5mm<\/td>\n<\/tr>\n<\/tbody>\n<\/table>\n","protected":false},"excerpt":{"rendered":"<p>Rolamento do eixo de prop jeanneau beneteau (30 x 40 x 120mm) &#8211; O mancal de substitui\u00e7\u00e3o do eixo de<\/p>\n","protected":false},"featured_media":5944820,"comment_status":"open","ping_status":"closed","template":"","meta":[],"product_brand":[3227],"product_cat":[2099],"product_tag":[],"class_list":{"0":"post-749845","1":"product","2":"type-product","3":"status-publish","4":"has-post-thumbnail","6":"product_brand-orbitrade-marine-pt","7":"product_cat-rolamentos-do-veio-de-propulsao","9":"first","10":"instock","11":"shipping-taxable","12":"purchasable","13":"product-type-simple"},"_links":{"self":[{"href":"https:\/\/stoic-curie.212-227-153-4.plesk.page\/pt\/wp-json\/wp\/v2\/product\/749845","targetHints":{"allow":["GET"]}}],"collection":[{"href":"https:\/\/stoic-curie.212-227-153-4.plesk.page\/pt\/wp-json\/wp\/v2\/product"}],"about":[{"href":"https:\/\/stoic-curie.212-227-153-4.plesk.page\/pt\/wp-json\/wp\/v2\/types\/product"}],"replies":[{"embeddable":true,"href":"https:\/\/stoic-curie.212-227-153-4.plesk.page\/pt\/wp-json\/wp\/v2\/comments?post=749845"}],"version-history":[{"count":0,"href":"https:\/\/stoic-curie.212-227-153-4.plesk.page\/pt\/wp-json\/wp\/v2\/product\/749845\/revisions"}],"wp:featuredmedia":[{"embeddable":true,"href":"https:\/\/stoic-curie.212-227-153-4.plesk.page\/pt\/wp-json\/wp\/v2\/media\/5944820"}],"wp:attachment":[{"href":"https:\/\/stoic-curie.212-227-153-4.plesk.page\/pt\/wp-json\/wp\/v2\/media?parent=749845"}],"wp:term":[{"taxonomy":"product_brand","embeddable":true,"href":"https:\/\/stoic-curie.212-227-153-4.plesk.page\/pt\/wp-json\/wp\/v2\/product_brand?post=749845"},{"taxonomy":"product_cat","embeddable":true,"href":"https:\/\/stoic-curie.212-227-153-4.plesk.page\/pt\/wp-json\/wp\/v2\/product_cat?post=749845"},{"taxonomy":"product_tag","embeddable":true,"href":"https:\/\/stoic-curie.212-227-153-4.plesk.page\/pt\/wp-json\/wp\/v2\/product_tag?post=749845"}],"curies":[{"name":"wp","href":"https:\/\/api.w.org\/{rel}","templated":true}]}}