{"id":749847,"date":"2025-03-03T22:28:58","date_gmt":"2025-03-03T21:28:58","guid":{"rendered":"https:\/\/stoic-curie.212-227-153-4.plesk.page\/producto\/rolamento-do-eixo-de-prop-jeanneau-beneteau-40-x-54-x-140mm\/"},"modified":"2026-02-25T00:28:10","modified_gmt":"2026-02-25T00:28:10","slug":"rolamento-do-eixo-de-prop-jeanneau-beneteau-40-x-54-x-140mm","status":"publish","type":"product","link":"https:\/\/stoic-curie.212-227-153-4.plesk.page\/pt\/product\/rolamento-do-eixo-de-prop-jeanneau-beneteau-40-x-54-x-140mm\/","title":{"rendered":"Rolamento do eixo de prop jeanneau beneteau (40 x 54 x 140mm)"},"content":{"rendered":"<p>Rolamento do eixo de prop jeanneau beneteau (40 x 54 x 140mm) &#8211; Manga de rolamento de substitui\u00e7\u00e3o projetada para substituir o rolamento especial do eixo do h\u00e9lice instalado em muitos veleiros Beneteau, Jeanneau e Dufour. Este rolamento \u00e9 fornecido completo com 2 parafusos de localiza\u00e7\u00e3o n\u00e3o met\u00e1licos. Este rolamento \u00e9 para um eixo de h\u00e9lice com di\u00e2metro de 40 mm e mede 54 mm de di\u00e2metro externo por 140 mm de comprimento (espessura de 7 mm).<\/p>\n","protected":false},"excerpt":{"rendered":"<p>Rolamento do eixo de prop jeanneau beneteau (40 x 54 x 140mm) &#8211; Manga de rolamento de substitui\u00e7\u00e3o projetada para<\/p>\n","protected":false},"featured_media":5944822,"comment_status":"open","ping_status":"closed","template":"","meta":[],"product_brand":[3227],"product_cat":[2099],"product_tag":[],"class_list":{"0":"post-749847","1":"product","2":"type-product","3":"status-publish","4":"has-post-thumbnail","6":"product_brand-orbitrade-marine-pt","7":"product_cat-rolamentos-do-veio-de-propulsao","9":"first","10":"instock","11":"shipping-taxable","12":"purchasable","13":"product-type-simple"},"_links":{"self":[{"href":"https:\/\/stoic-curie.212-227-153-4.plesk.page\/pt\/wp-json\/wp\/v2\/product\/749847","targetHints":{"allow":["GET"]}}],"collection":[{"href":"https:\/\/stoic-curie.212-227-153-4.plesk.page\/pt\/wp-json\/wp\/v2\/product"}],"about":[{"href":"https:\/\/stoic-curie.212-227-153-4.plesk.page\/pt\/wp-json\/wp\/v2\/types\/product"}],"replies":[{"embeddable":true,"href":"https:\/\/stoic-curie.212-227-153-4.plesk.page\/pt\/wp-json\/wp\/v2\/comments?post=749847"}],"version-history":[{"count":0,"href":"https:\/\/stoic-curie.212-227-153-4.plesk.page\/pt\/wp-json\/wp\/v2\/product\/749847\/revisions"}],"wp:featuredmedia":[{"embeddable":true,"href":"https:\/\/stoic-curie.212-227-153-4.plesk.page\/pt\/wp-json\/wp\/v2\/media\/5944822"}],"wp:attachment":[{"href":"https:\/\/stoic-curie.212-227-153-4.plesk.page\/pt\/wp-json\/wp\/v2\/media?parent=749847"}],"wp:term":[{"taxonomy":"product_brand","embeddable":true,"href":"https:\/\/stoic-curie.212-227-153-4.plesk.page\/pt\/wp-json\/wp\/v2\/product_brand?post=749847"},{"taxonomy":"product_cat","embeddable":true,"href":"https:\/\/stoic-curie.212-227-153-4.plesk.page\/pt\/wp-json\/wp\/v2\/product_cat?post=749847"},{"taxonomy":"product_tag","embeddable":true,"href":"https:\/\/stoic-curie.212-227-153-4.plesk.page\/pt\/wp-json\/wp\/v2\/product_tag?post=749847"}],"curies":[{"name":"wp","href":"https:\/\/api.w.org\/{rel}","templated":true}]}}