{"id":749848,"date":"2025-03-03T22:28:58","date_gmt":"2025-03-03T21:28:58","guid":{"rendered":"https:\/\/stoic-curie.212-227-153-4.plesk.page\/producto\/bomba-de-agua-jhonson-f35b-9\/"},"modified":"2026-02-25T00:28:10","modified_gmt":"2026-02-25T00:28:10","slug":"bomba-de-agua-jhonson-f35b-9","status":"publish","type":"product","link":"https:\/\/stoic-curie.212-227-153-4.plesk.page\/pt\/product\/bomba-de-agua-jhonson-f35b-9\/","title":{"rendered":"Bomba de \u00e1gua Jhonson F35B-9"},"content":{"rendered":"<p>Bomba de \u00e1gua Jhonson F35B-9 &#8211; A bomba Johnson 10-35157-3 \u00e9 uma bomba de \u00e1gua crua de impulsor flex\u00edvel, montada em flange e acionada por motor, destinada ao resfriamento de motores marinhos. A bomba de \u00e1gua Johnson se adapta a motores Volvo com flange e a motores Bukh DV 10 LME\/LSME, DV 10M, DV 10 ME\/SME, DV 20M e DV 24 ME\/SME. Esta bomba de resfriamento para motor possui um eixo apoiado em rolamentos com portas BSP f\u00eamea de 3\/8&#8243;. Impulsor de reposi\u00e7\u00e3o: JP-09-808B. Esta bomba de resfriamento de motor N\u00c3O vem com a junta O que se encaixa entre a bomba e o motor; esta junta O \u00e9 o nosso n\u00famero de pe\u00e7a JP-05-06-521, dispon\u00edvel abaixo. Pe\u00e7as de reposi\u00e7\u00e3o Johnson 10-35157-3: &#8230; Especifica\u00e7\u00f5es: S\u00e9rie: F35B-9, Tamanho: 3\/8&#8243;, Marca: Johnson, Constru\u00e7\u00e3o: Corpo de lat\u00e3o, Impulsor flex\u00edvel, Tipo de acionamento: Eixo, Modelo: 10-35157-3, Montagem: Montagem em flange, Kit de reparo: JP-09-45589, Impulsor de Reposi\u00e7\u00e3o: JP-09-808B, Substitui: 209788 Bomba de Rolamento Simples 10-35118-1, Entrada\/Sa\u00edda: 3\/8&#8243; BSP Feminino.<\/p>\n","protected":false},"excerpt":{"rendered":"<p>Bomba de \u00e1gua Jhonson F35B-9 &#8211; A bomba Johnson 10-35157-3 \u00e9 uma bomba de \u00e1gua crua de impulsor flex\u00edvel, montada<\/p>\n","protected":false},"featured_media":5944861,"comment_status":"open","ping_status":"closed","template":"","meta":[],"product_brand":[3047],"product_cat":[2096],"product_tag":[],"class_list":{"0":"post-749848","1":"product","2":"type-product","3":"status-publish","4":"has-post-thumbnail","6":"product_brand-johnson-marine-pt","7":"product_cat-bombas-de-arrefecimento-do-motor","9":"first","10":"instock","11":"shipping-taxable","12":"purchasable","13":"product-type-simple"},"_links":{"self":[{"href":"https:\/\/stoic-curie.212-227-153-4.plesk.page\/pt\/wp-json\/wp\/v2\/product\/749848","targetHints":{"allow":["GET"]}}],"collection":[{"href":"https:\/\/stoic-curie.212-227-153-4.plesk.page\/pt\/wp-json\/wp\/v2\/product"}],"about":[{"href":"https:\/\/stoic-curie.212-227-153-4.plesk.page\/pt\/wp-json\/wp\/v2\/types\/product"}],"replies":[{"embeddable":true,"href":"https:\/\/stoic-curie.212-227-153-4.plesk.page\/pt\/wp-json\/wp\/v2\/comments?post=749848"}],"version-history":[{"count":0,"href":"https:\/\/stoic-curie.212-227-153-4.plesk.page\/pt\/wp-json\/wp\/v2\/product\/749848\/revisions"}],"wp:featuredmedia":[{"embeddable":true,"href":"https:\/\/stoic-curie.212-227-153-4.plesk.page\/pt\/wp-json\/wp\/v2\/media\/5944861"}],"wp:attachment":[{"href":"https:\/\/stoic-curie.212-227-153-4.plesk.page\/pt\/wp-json\/wp\/v2\/media?parent=749848"}],"wp:term":[{"taxonomy":"product_brand","embeddable":true,"href":"https:\/\/stoic-curie.212-227-153-4.plesk.page\/pt\/wp-json\/wp\/v2\/product_brand?post=749848"},{"taxonomy":"product_cat","embeddable":true,"href":"https:\/\/stoic-curie.212-227-153-4.plesk.page\/pt\/wp-json\/wp\/v2\/product_cat?post=749848"},{"taxonomy":"product_tag","embeddable":true,"href":"https:\/\/stoic-curie.212-227-153-4.plesk.page\/pt\/wp-json\/wp\/v2\/product_tag?post=749848"}],"curies":[{"name":"wp","href":"https:\/\/api.w.org\/{rel}","templated":true}]}}