{"id":749849,"date":"2025-03-03T22:28:59","date_gmt":"2025-03-03T21:28:59","guid":{"rendered":"https:\/\/stoic-curie.212-227-153-4.plesk.page\/producto\/bomba-de-resfriamento-do-motor-montado-em-johnson-f7b-eixo-bsp-17mm\/"},"modified":"2026-02-25T00:28:10","modified_gmt":"2026-02-25T00:28:10","slug":"bomba-de-resfriamento-do-motor-montado-em-johnson-f7b-eixo-bsp-17mm","status":"publish","type":"product","link":"https:\/\/stoic-curie.212-227-153-4.plesk.page\/pt\/product\/bomba-de-resfriamento-do-motor-montado-em-johnson-f7b-eixo-bsp-17mm\/","title":{"rendered":"Bomba de resfriamento do motor montado em johnson F7B (eixo bsp \/ 17mm)"},"content":{"rendered":"<p>Bomba de resfriamento do motor montado em johnson F7B (eixo bsp \/ 17mm) &#8211; Bomba de refrigera\u00e7\u00e3o para motor marinho com impulsor flex\u00edvel da Johnson. Esta bomba Johnson F7B \u00e9 acionada por correia e montada no p\u00e9 com um eixo de 17 mm. \\n\\nPe\u00e7as de reposi\u00e7\u00e3o Johnson 10-24572-01:\\n\\n| Posi\u00e7\u00e3o | Pe\u00e7a de Reposi\u00e7\u00e3o | N\u00famero da Pe\u00e7a | Quantidade |\\n| &#8212; | &#8212; | &#8212; | &#8212; |\\n| 1 | Corpo | 01-24574-3 | 1 |\\n| 2 | Eixo | 01-46744 | 1 |\\n| 3 | Tampa de Extremidade | 01-46648-3 | 1 |\\n| 4 | Impulsor | 08-1028B | 1 |\\n| 5 | Cames | 01-42679 | 1 |\\n| 6 | Pino | 01-42400 | 1 |\\n| 7 | Placa de Desgaste | 01-46798-2 | 1 |\\n| 8 | Arruela | 01-45680 | 1 |\\n| 9 | Placa | 01-45047 | 1 |\\n| 10 | Espa\u00e7ador | 01-46009 | 1 |\\n| 11 | Parafuso | 0.0279.301 | 6 |\\n| 12 | Parafuso | 01-46794-01 | 1 |\\n| 13 | O-Ring | 0.2172.012 | 1 |\\n| 14 | O-Ring | 0.2173.402 | 1 |\\n| 15 | Rolamento de Esferas | 0.3437.742 | 2 |\\n| 16 | Selo Mec\u00e2nico | 0.2247.022 | 1 |\\n| 17 | Anel de Reten\u00e7\u00e3o | 0.0371.040 | 1 |\\n| 18 | Circlip Externo | 0.0370.017 | 1 |\\n| 19 | Circlip Externo | 0.0370.516 | 1 |\\n| 20 | Etiqueta | 01-46797 | 1 |\\n\\n**Especifica\u00e7\u00f5es**\\n| Fluxo | 107 LPM a 2000 RPM |\\n| Altura | 93 mm (3,7&#8243;) |\\n| Comprimento | 170 mm |\\n| S\u00e9rie | F7B-8 |\\n| Largura | 120 mm |\\n| Marca | Johnson |\\n| Di\u00e2metro | Eixo: 17 mm |\\n| Tipo de Acionamento | Acionamento por Correia |\\n| Impulsor Instalado | JP-09-1028B |\\n| Modelo | 10-24572-01 |\\n| Montagem | Montagem na Base |\\n| Entrada\/Sa\u00edda | 1&#8243; BSP F\u00eamea<\/p>\n","protected":false},"excerpt":{"rendered":"<p>Bomba de resfriamento do motor montado em johnson F7B (eixo bsp \/ 17mm) &#8211; Bomba de refrigera\u00e7\u00e3o para motor marinho<\/p>\n","protected":false},"featured_media":5944862,"comment_status":"open","ping_status":"closed","template":"","meta":[],"product_brand":[3047],"product_cat":[2096],"product_tag":[],"class_list":{"0":"post-749849","1":"product","2":"type-product","3":"status-publish","4":"has-post-thumbnail","6":"product_brand-johnson-marine-pt","7":"product_cat-bombas-de-arrefecimento-do-motor","9":"first","10":"instock","11":"shipping-taxable","12":"purchasable","13":"product-type-simple"},"_links":{"self":[{"href":"https:\/\/stoic-curie.212-227-153-4.plesk.page\/pt\/wp-json\/wp\/v2\/product\/749849","targetHints":{"allow":["GET"]}}],"collection":[{"href":"https:\/\/stoic-curie.212-227-153-4.plesk.page\/pt\/wp-json\/wp\/v2\/product"}],"about":[{"href":"https:\/\/stoic-curie.212-227-153-4.plesk.page\/pt\/wp-json\/wp\/v2\/types\/product"}],"replies":[{"embeddable":true,"href":"https:\/\/stoic-curie.212-227-153-4.plesk.page\/pt\/wp-json\/wp\/v2\/comments?post=749849"}],"version-history":[{"count":0,"href":"https:\/\/stoic-curie.212-227-153-4.plesk.page\/pt\/wp-json\/wp\/v2\/product\/749849\/revisions"}],"wp:featuredmedia":[{"embeddable":true,"href":"https:\/\/stoic-curie.212-227-153-4.plesk.page\/pt\/wp-json\/wp\/v2\/media\/5944862"}],"wp:attachment":[{"href":"https:\/\/stoic-curie.212-227-153-4.plesk.page\/pt\/wp-json\/wp\/v2\/media?parent=749849"}],"wp:term":[{"taxonomy":"product_brand","embeddable":true,"href":"https:\/\/stoic-curie.212-227-153-4.plesk.page\/pt\/wp-json\/wp\/v2\/product_brand?post=749849"},{"taxonomy":"product_cat","embeddable":true,"href":"https:\/\/stoic-curie.212-227-153-4.plesk.page\/pt\/wp-json\/wp\/v2\/product_cat?post=749849"},{"taxonomy":"product_tag","embeddable":true,"href":"https:\/\/stoic-curie.212-227-153-4.plesk.page\/pt\/wp-json\/wp\/v2\/product_tag?post=749849"}],"curies":[{"name":"wp","href":"https:\/\/api.w.org\/{rel}","templated":true}]}}