{"id":749851,"date":"2025-03-03T22:28:59","date_gmt":"2025-03-03T21:28:59","guid":{"rendered":"https:\/\/stoic-curie.212-227-153-4.plesk.page\/producto\/filtro-de-combustivel-racor-1000ma-10-micron-clear-bowl-heat-shield\/"},"modified":"2026-02-25T00:28:10","modified_gmt":"2026-02-25T00:28:10","slug":"filtro-de-combustivel-racor-1000ma-10-micron-clear-bowl-heat-shield","status":"publish","type":"product","link":"https:\/\/stoic-curie.212-227-153-4.plesk.page\/pt\/product\/filtro-de-combustivel-racor-1000ma-10-micron-clear-bowl-heat-shield\/","title":{"rendered":"Filtro de combust\u00edvel Racor 1000MA (10 Micron \/ Clear Bowl &#038; Heat Shield)"},"content":{"rendered":"<p>Filtro de combust\u00edvel Racor 1000MA (10 Micron \/ Clear Bowl &#038; Heat Shield) &#8211; O filtro de combust\u00edvel diesel Racor 1000MA \u00e9 projetado para proteger os preciosos componentes do motor contra v\u00e1rios contaminantes, como sujeira, ferrugem, algas, asfaltos, vernizes e \u00e1gua. A turbina marinha Racor 1000MA \u00e9 projetada para ser instalada no lado de v\u00e1cuo da bomba de transfer\u00eancia de combust\u00edvel para m\u00e1xima efici\u00eancia. As turbinas Racor funcionam atrav\u00e9s de um processo de tr\u00eas etapas: separa\u00e7\u00e3o, coalesc\u00eancia e filtragem, explicado abaixo. <\/p>\n<p>**Etapa Um: Separa\u00e7\u00e3o:** \u00c0 medida que o combust\u00edvel entra no conjunto do filtro, ele passa pela centr\u00edfuga da turbina e expulsa s\u00f3lidos grandes e gotas de \u00e1gua que caem no fundo do recipiente de coleta. <\/p>\n<p>**Etapa Dois: Coalesc\u00eancia:** Pequenas gotas de \u00e1gua se aglomeram nas laterais da c\u00e2mara e no elemento, e uma vez que se tornam pesadas o suficiente, tamb\u00e9m caem ao fundo do recipiente de coleta. <\/p>\n<p>**Etapa Tr\u00eas: Filtragem:** Algas, ferrugem e sujeira s\u00e3o ent\u00e3o filtradas do combust\u00edvel pelo elemento Aquabloc; como os elementos s\u00e3o imperme\u00e1veis, eles s\u00e3o muito mais eficazes e dur\u00e1veis do que os elementos absorventes de \u00e1gua. <\/p>\n<p>O filtro diesel Racor 1000MA \u00e9 fornecido completo com uma tigela transparente e um elemento de 10 micr\u00f4metros. A turbina tem uma taxa de fluxo m\u00e1xima de 681 LPH atrav\u00e9s de um tamanho de porta de 7\/8&#8243;-14 UNF. Elementos de turbina Racor de reposi\u00e7\u00e3o (s\u00e9rie 2020) est\u00e3o dispon\u00edveis para encomenda com v\u00e1rias classifica\u00e7\u00f5es de micr\u00f4metros. Os elementos de turbina Racor 2020 t\u00eam 110 mm de di\u00e2metro x 249 mm de altura.<\/p>\n","protected":false},"excerpt":{"rendered":"<p>Filtro de combust\u00edvel Racor 1000MA (10 Micron \/ Clear Bowl &#038; Heat Shield) &#8211; O filtro de combust\u00edvel diesel Racor<\/p>\n","protected":false},"featured_media":5944869,"comment_status":"open","ping_status":"closed","template":"","meta":[],"product_brand":[3247],"product_cat":[2084],"product_tag":[],"class_list":{"0":"post-749851","1":"product","2":"type-product","3":"status-publish","4":"has-post-thumbnail","6":"product_brand-parker-racor-pt","7":"product_cat-filtros-separadaores-de-agua-e-combustivel","9":"first","10":"instock","11":"shipping-taxable","12":"purchasable","13":"product-type-simple"},"_links":{"self":[{"href":"https:\/\/stoic-curie.212-227-153-4.plesk.page\/pt\/wp-json\/wp\/v2\/product\/749851","targetHints":{"allow":["GET"]}}],"collection":[{"href":"https:\/\/stoic-curie.212-227-153-4.plesk.page\/pt\/wp-json\/wp\/v2\/product"}],"about":[{"href":"https:\/\/stoic-curie.212-227-153-4.plesk.page\/pt\/wp-json\/wp\/v2\/types\/product"}],"replies":[{"embeddable":true,"href":"https:\/\/stoic-curie.212-227-153-4.plesk.page\/pt\/wp-json\/wp\/v2\/comments?post=749851"}],"version-history":[{"count":0,"href":"https:\/\/stoic-curie.212-227-153-4.plesk.page\/pt\/wp-json\/wp\/v2\/product\/749851\/revisions"}],"wp:featuredmedia":[{"embeddable":true,"href":"https:\/\/stoic-curie.212-227-153-4.plesk.page\/pt\/wp-json\/wp\/v2\/media\/5944869"}],"wp:attachment":[{"href":"https:\/\/stoic-curie.212-227-153-4.plesk.page\/pt\/wp-json\/wp\/v2\/media?parent=749851"}],"wp:term":[{"taxonomy":"product_brand","embeddable":true,"href":"https:\/\/stoic-curie.212-227-153-4.plesk.page\/pt\/wp-json\/wp\/v2\/product_brand?post=749851"},{"taxonomy":"product_cat","embeddable":true,"href":"https:\/\/stoic-curie.212-227-153-4.plesk.page\/pt\/wp-json\/wp\/v2\/product_cat?post=749851"},{"taxonomy":"product_tag","embeddable":true,"href":"https:\/\/stoic-curie.212-227-153-4.plesk.page\/pt\/wp-json\/wp\/v2\/product_tag?post=749851"}],"curies":[{"name":"wp","href":"https:\/\/api.w.org\/{rel}","templated":true}]}}