{"id":749852,"date":"2025-03-03T22:28:59","date_gmt":"2025-03-03T21:28:59","guid":{"rendered":"https:\/\/stoic-curie.212-227-153-4.plesk.page\/producto\/end-cap-bowman-2679np-22mm-70mm\/"},"modified":"2026-02-25T00:28:10","modified_gmt":"2026-02-25T00:28:10","slug":"end-cap-bowman-2679np-22mm-70mm","status":"publish","type":"product","link":"https:\/\/stoic-curie.212-227-153-4.plesk.page\/pt\/product\/end-cap-bowman-2679np-22mm-70mm\/","title":{"rendered":"End Cap Bowman 2679NP (22mm &#038; 70mm)"},"content":{"rendered":"<p>End Cap Bowman 2679NP (22mm &#038; 70mm) &#8211; <\/p>\n<div class=\"col-24 col-md-15\">\n<p>Tampa de extremidade moldada em borracha de substitui\u00e7\u00e3o da Bowman, projetada para coletores de trocadores de calor marinhos. Voc\u00ea deve notar que suas tampas de extremidade Bowman atuais t\u00eam o n\u00famero da pe\u00e7a gravado nelas para identificar facilmente a substitui\u00e7\u00e3o que precisa. Este \u00e9 o n\u00famero da pe\u00e7a Bowman 2679NP, que \u00e9 uma tampa de extremidade de sa\u00edda de 90 graus.<\/p>\n<p>Essa tampa de trocador de calor \u00e9 adequada para uso com os seguintes trocadores de calor Bowman: BL180, BL250, BL380, BL570, FM160, FM162, FM180, FM240, FM242, FM660, LR250, MB180, MB220, MB300, MB380, MB570, MK130, MK140, ML130, MS130, MS140, PE180, PE250 e VW150.<\/p>\n<p>Substitui: tampa de extremidade Thornycroft 54381596 e Perkins 24860167. Esta tamb\u00e9m \u00e9 a substitui\u00e7\u00e3o mais pr\u00f3xima que temos para a tampa de extremidade Polar Cooler obsoleta A3-642, A3\/642.<\/p>\n<\/div>\n<h3>Especifica\u00e7\u00f5es<\/h3>\n<table class=\"table\">\n<tbody>\n<tr>\n<td><strong>Marca<\/strong><\/td>\n<td>Bowman<\/td>\n<\/tr>\n<tr>\n<td><strong>Entrada Sa\u00edda<\/strong><\/td>\n<td>22mm<\/td>\n<\/tr>\n<tr>\n<td><strong>Pa\u00eds de Origem<\/strong><\/td>\n<td>Reino Unido<\/td>\n<\/tr>\n<tr>\n<td><strong>\u00c2ngulo<\/strong><\/td>\n<td>90 Graus<\/td>\n<\/tr>\n<tr>\n<td><strong>Constru\u00e7\u00e3o<\/strong><\/td>\n<td>Borracha<\/td>\n<\/tr>\n<tr>\n<td><strong>Di\u00e2metro<\/strong><\/td>\n<td>Entrada ID: 70mm, Entrada OD: 80mm. Sa\u00edda ID: 22mm, Sa\u00edda OD: 32mm. Corpo ID: 51mm, Corpo OD: 60mm.<\/td>\n<\/tr>\n<tr>\n<td><strong>Substitui<\/strong><\/td>\n<td>Tampa Final Thornycroft 54381596 &#038; Perkins 24860167. Substitui\u00e7\u00e3o mais pr\u00f3xima para Tampas de Final Polar Cooler: A3-642, A3\/642.<\/td>\n<\/tr>\n<tr>\n<td><strong>Compatibilidade<\/strong><\/td>\n<td>Trocadores de Calor Bowman BL180, BL250, BL380, BL570, FM160, FM162, FM180, FM240, FM242, FM660, LR250, MB180, MB220, MB300, MB380, MB570, MK130, MK140, ML130, MS130, MS140, PE180, PE250, VW150.<\/td>\n<\/tr>\n<\/tbody>\n<\/table>\n","protected":false},"excerpt":{"rendered":"<p>End Cap Bowman 2679NP (22mm &#038; 70mm) &#8211; Tampa de extremidade moldada em borracha de substitui\u00e7\u00e3o da Bowman, projetada para<\/p>\n","protected":false},"featured_media":5944900,"comment_status":"open","ping_status":"closed","template":"","meta":[],"product_brand":[2847],"product_cat":[2077],"product_tag":[],"class_list":{"0":"post-749852","1":"product","2":"type-product","3":"status-publish","4":"has-post-thumbnail","6":"product_brand-bowman-pt","7":"product_cat-permutadores-de-calor-e-arrefecedores-a-oleo","9":"first","10":"instock","11":"shipping-taxable","12":"purchasable","13":"product-type-simple"},"_links":{"self":[{"href":"https:\/\/stoic-curie.212-227-153-4.plesk.page\/pt\/wp-json\/wp\/v2\/product\/749852","targetHints":{"allow":["GET"]}}],"collection":[{"href":"https:\/\/stoic-curie.212-227-153-4.plesk.page\/pt\/wp-json\/wp\/v2\/product"}],"about":[{"href":"https:\/\/stoic-curie.212-227-153-4.plesk.page\/pt\/wp-json\/wp\/v2\/types\/product"}],"replies":[{"embeddable":true,"href":"https:\/\/stoic-curie.212-227-153-4.plesk.page\/pt\/wp-json\/wp\/v2\/comments?post=749852"}],"version-history":[{"count":0,"href":"https:\/\/stoic-curie.212-227-153-4.plesk.page\/pt\/wp-json\/wp\/v2\/product\/749852\/revisions"}],"wp:featuredmedia":[{"embeddable":true,"href":"https:\/\/stoic-curie.212-227-153-4.plesk.page\/pt\/wp-json\/wp\/v2\/media\/5944900"}],"wp:attachment":[{"href":"https:\/\/stoic-curie.212-227-153-4.plesk.page\/pt\/wp-json\/wp\/v2\/media?parent=749852"}],"wp:term":[{"taxonomy":"product_brand","embeddable":true,"href":"https:\/\/stoic-curie.212-227-153-4.plesk.page\/pt\/wp-json\/wp\/v2\/product_brand?post=749852"},{"taxonomy":"product_cat","embeddable":true,"href":"https:\/\/stoic-curie.212-227-153-4.plesk.page\/pt\/wp-json\/wp\/v2\/product_cat?post=749852"},{"taxonomy":"product_tag","embeddable":true,"href":"https:\/\/stoic-curie.212-227-153-4.plesk.page\/pt\/wp-json\/wp\/v2\/product_tag?post=749852"}],"curies":[{"name":"wp","href":"https:\/\/api.w.org\/{rel}","templated":true}]}}