{"id":749856,"date":"2025-03-03T22:29:01","date_gmt":"2025-03-03T21:29:01","guid":{"rendered":"https:\/\/stoic-curie.212-227-153-4.plesk.page\/producto\/end-cap-bowman-3186np-90-degree-28mm-70mm-id\/"},"modified":"2026-02-25T00:28:10","modified_gmt":"2026-02-25T00:28:10","slug":"end-cap-bowman-3186np-90-degree-28mm-70mm-id","status":"publish","type":"product","link":"https:\/\/stoic-curie.212-227-153-4.plesk.page\/pt\/product\/end-cap-bowman-3186np-90-degree-28mm-70mm-id\/","title":{"rendered":"End Cap Bowman 3186NP 90 Degree (28mm &#038; amp; 70mm ID)"},"content":{"rendered":"<p>End Cap Bowman 3186NP 90 Degree (28mm &#038; amp; 70mm ID) &#8211; <\/p>\n<div class=\"col-24 col-md-15\">\n<p>Tampa de extremidade moldada em borracha de substitui\u00e7\u00e3o da Bowman, projetada para manifolds de trocadores de calor marinhos. Voc\u00ea deve notar que suas tampas de extremidade da Bowman atuais t\u00eam seu n\u00famero de pe\u00e7a estampado nelas para identificar facilmente a substitui\u00e7\u00e3o que voc\u00ea precisa. Este \u00e9 o n\u00famero de pe\u00e7a da Bowman 3186NP, que \u00e9 uma tampa de extremidade de sa\u00edda de 90 graus.<\/p>\n<p>Esta tampa de trocador de calor \u00e9 adequada para uso com os seguintes trocadores de calor da Bowman: BL570, FM242, FM300, FM400, FM450, FM452, FM600, FM602, FM662, FM700, GM370, GM550, MB220, MB300, MB380, PE250, PE390, PE580, VW160 e VW240.<\/p>\n<p>Substitui: tampa de extremidade Thornycroft 54384098.<\/p>\n<\/div>\n<h3>Especifica\u00e7\u00f5es<\/h3>\n<table class=\"table\">\n<tbody>\n<tr>\n<td><strong>Marca<\/strong><\/td>\n<td>Bowman<\/td>\n<\/tr>\n<tr>\n<td><strong>Entrada Sa\u00edda<\/strong><\/td>\n<td>28mm<\/td>\n<\/tr>\n<tr>\n<td><strong>Pa\u00eds de origem<\/strong><\/td>\n<td>Reino Unido<\/td>\n<\/tr>\n<tr>\n<td><strong>\u00c2ngulo<\/strong><\/td>\n<td>90 Graus<\/td>\n<\/tr>\n<tr>\n<td><strong>Constru\u00e7\u00e3o<\/strong><\/td>\n<td>Borrachas<\/td>\n<\/tr>\n<tr>\n<td><strong>Di\u00e2metro<\/strong><\/td>\n<td>Entrada ID: 70mm, Entrada OD: 80mm. Sa\u00edda ID: 28mm, Sa\u00edda OD: 38mm. Corpo ID: 51mm, Corpo OD: 60mm.<\/td>\n<\/tr>\n<tr>\n<td><strong>Substitui<\/strong><\/td>\n<td>Tampa de extremidade Thornycroft 54384098.<\/td>\n<\/tr>\n<tr>\n<td><strong>Idoneidade<\/strong><\/td>\n<td>Trocadores de calor Bowman BL570, FM242, FM300, FM400, FM450, FM452, FM600, FM602, FM662, FM700, GM370, GM550, MB220, MB300, MB380, PE250, PE390, PE580, VW160, VW240.<\/td>\n<\/tr>\n<\/tbody>\n<\/table>\n","protected":false},"excerpt":{"rendered":"<p>End Cap Bowman 3186NP 90 Degree (28mm &#038; amp; 70mm ID) &#8211; Tampa de extremidade moldada em borracha de substitui\u00e7\u00e3o<\/p>\n","protected":false},"featured_media":5944904,"comment_status":"open","ping_status":"closed","template":"","meta":[],"product_brand":[2847],"product_cat":[2077],"product_tag":[],"class_list":{"0":"post-749856","1":"product","2":"type-product","3":"status-publish","4":"has-post-thumbnail","6":"product_brand-bowman-pt","7":"product_cat-permutadores-de-calor-e-arrefecedores-a-oleo","9":"first","10":"instock","11":"shipping-taxable","12":"purchasable","13":"product-type-simple"},"_links":{"self":[{"href":"https:\/\/stoic-curie.212-227-153-4.plesk.page\/pt\/wp-json\/wp\/v2\/product\/749856","targetHints":{"allow":["GET"]}}],"collection":[{"href":"https:\/\/stoic-curie.212-227-153-4.plesk.page\/pt\/wp-json\/wp\/v2\/product"}],"about":[{"href":"https:\/\/stoic-curie.212-227-153-4.plesk.page\/pt\/wp-json\/wp\/v2\/types\/product"}],"replies":[{"embeddable":true,"href":"https:\/\/stoic-curie.212-227-153-4.plesk.page\/pt\/wp-json\/wp\/v2\/comments?post=749856"}],"version-history":[{"count":0,"href":"https:\/\/stoic-curie.212-227-153-4.plesk.page\/pt\/wp-json\/wp\/v2\/product\/749856\/revisions"}],"wp:featuredmedia":[{"embeddable":true,"href":"https:\/\/stoic-curie.212-227-153-4.plesk.page\/pt\/wp-json\/wp\/v2\/media\/5944904"}],"wp:attachment":[{"href":"https:\/\/stoic-curie.212-227-153-4.plesk.page\/pt\/wp-json\/wp\/v2\/media?parent=749856"}],"wp:term":[{"taxonomy":"product_brand","embeddable":true,"href":"https:\/\/stoic-curie.212-227-153-4.plesk.page\/pt\/wp-json\/wp\/v2\/product_brand?post=749856"},{"taxonomy":"product_cat","embeddable":true,"href":"https:\/\/stoic-curie.212-227-153-4.plesk.page\/pt\/wp-json\/wp\/v2\/product_cat?post=749856"},{"taxonomy":"product_tag","embeddable":true,"href":"https:\/\/stoic-curie.212-227-153-4.plesk.page\/pt\/wp-json\/wp\/v2\/product_tag?post=749856"}],"curies":[{"name":"wp","href":"https:\/\/api.w.org\/{rel}","templated":true}]}}