{"id":749858,"date":"2025-03-03T22:29:02","date_gmt":"2025-03-03T21:29:02","guid":{"rendered":"https:\/\/stoic-curie.212-227-153-4.plesk.page\/producto\/cap-final-bowman-3192np-28mm-90mm\/"},"modified":"2026-02-25T00:28:10","modified_gmt":"2026-02-25T00:28:10","slug":"cap-final-bowman-3192np-28mm-90mm","status":"publish","type":"product","link":"https:\/\/stoic-curie.212-227-153-4.plesk.page\/pt\/product\/cap-final-bowman-3192np-28mm-90mm\/","title":{"rendered":"Cap final Bowman 3192NP (28mm &#038; 90mm)"},"content":{"rendered":"<p>Cap final Bowman 3192NP (28mm &#038; 90mm) &#8211; <\/p>\n<div class=\"col-24 col-md-15\">\n<p>Tampa de borracha moldada de substitui\u00e7\u00e3o da Bowman, projetada para coletores de trocadores de calor marinhos. Voc\u00ea deve perceber que suas tampas finais atuais da Bowman t\u00eam seu n\u00famero de pe\u00e7a gravado, para que voc\u00ea possa identificar facilmente a substitui\u00e7\u00e3o necess\u00e1ria. Este \u00e9 o n\u00famero de pe\u00e7a da Bowman 3192NP, que \u00e9 uma tampa de extremo de sa\u00edda de 90 graus.<\/p>\n<p>Esta tampa de trocador de calor \u00e9 adequada para uso com os seguintes trocadores de calor da Bowman: FM600-3801, FM660-3360, MB570-3280, FM300-3799, FM402-4091 e LR250-3736KC.<\/p>\n<\/div>\n<h3>Especifica\u00e7\u00f5es<\/h3>\n<table class=\"table\">\n<tbody>\n<tr>\n<td><strong>Marca<\/strong><\/td>\n<td>Bowman<\/td>\n<\/tr>\n<tr>\n<td><strong>Entrada Sa\u00edda<\/strong><\/td>\n<td>28mm<\/td>\n<\/tr>\n<tr>\n<td><strong>Pa\u00eds de Origem<\/strong><\/td>\n<td>Reino Unido<\/td>\n<\/tr>\n<tr>\n<td><strong>\u00c2ngulo<\/strong><\/td>\n<td>90 graus<\/td>\n<\/tr>\n<tr>\n<td><strong>Constru\u00e7\u00e3o<\/strong><\/td>\n<td>Borracha<\/td>\n<\/tr>\n<tr>\n<td><strong>Di\u00e2metro<\/strong><\/td>\n<td>Entrada ID: 90mm, Entrada OD: 103mm. Sa\u00edda ID: 28mm, Sa\u00edda OD: 42mm. Corpo ID: 68mm, Corpo OD: 80mm.<\/td>\n<\/tr>\n<tr>\n<td><strong>Compatibilidade<\/strong><\/td>\n<td>Trocadores de calor Bowman FM600-3801, FM660-3360, MB570-3280, FM300-3799, FM402-4091 &#038; LR250-3736KC.<\/td>\n<\/tr>\n<\/tbody>\n<\/table>\n","protected":false},"excerpt":{"rendered":"<p>Cap final Bowman 3192NP (28mm &#038; 90mm) &#8211; Tampa de borracha moldada de substitui\u00e7\u00e3o da Bowman, projetada para coletores de<\/p>\n","protected":false},"featured_media":5944906,"comment_status":"open","ping_status":"closed","template":"","meta":[],"product_brand":[2847],"product_cat":[2077],"product_tag":[],"class_list":{"0":"post-749858","1":"product","2":"type-product","3":"status-publish","4":"has-post-thumbnail","6":"product_brand-bowman-pt","7":"product_cat-permutadores-de-calor-e-arrefecedores-a-oleo","9":"first","10":"instock","11":"shipping-taxable","12":"purchasable","13":"product-type-simple"},"_links":{"self":[{"href":"https:\/\/stoic-curie.212-227-153-4.plesk.page\/pt\/wp-json\/wp\/v2\/product\/749858","targetHints":{"allow":["GET"]}}],"collection":[{"href":"https:\/\/stoic-curie.212-227-153-4.plesk.page\/pt\/wp-json\/wp\/v2\/product"}],"about":[{"href":"https:\/\/stoic-curie.212-227-153-4.plesk.page\/pt\/wp-json\/wp\/v2\/types\/product"}],"replies":[{"embeddable":true,"href":"https:\/\/stoic-curie.212-227-153-4.plesk.page\/pt\/wp-json\/wp\/v2\/comments?post=749858"}],"version-history":[{"count":0,"href":"https:\/\/stoic-curie.212-227-153-4.plesk.page\/pt\/wp-json\/wp\/v2\/product\/749858\/revisions"}],"wp:featuredmedia":[{"embeddable":true,"href":"https:\/\/stoic-curie.212-227-153-4.plesk.page\/pt\/wp-json\/wp\/v2\/media\/5944906"}],"wp:attachment":[{"href":"https:\/\/stoic-curie.212-227-153-4.plesk.page\/pt\/wp-json\/wp\/v2\/media?parent=749858"}],"wp:term":[{"taxonomy":"product_brand","embeddable":true,"href":"https:\/\/stoic-curie.212-227-153-4.plesk.page\/pt\/wp-json\/wp\/v2\/product_brand?post=749858"},{"taxonomy":"product_cat","embeddable":true,"href":"https:\/\/stoic-curie.212-227-153-4.plesk.page\/pt\/wp-json\/wp\/v2\/product_cat?post=749858"},{"taxonomy":"product_tag","embeddable":true,"href":"https:\/\/stoic-curie.212-227-153-4.plesk.page\/pt\/wp-json\/wp\/v2\/product_tag?post=749858"}],"curies":[{"name":"wp","href":"https:\/\/api.w.org\/{rel}","templated":true}]}}