{"id":749859,"date":"2025-03-03T22:29:02","date_gmt":"2025-03-03T21:29:02","guid":{"rendered":"https:\/\/stoic-curie.212-227-153-4.plesk.page\/producto\/end-cap-bowman-3251np-22mm-70mm\/"},"modified":"2026-02-25T00:28:10","modified_gmt":"2026-02-25T00:28:10","slug":"end-cap-bowman-3251np-22mm-70mm","status":"publish","type":"product","link":"https:\/\/stoic-curie.212-227-153-4.plesk.page\/pt\/product\/end-cap-bowman-3251np-22mm-70mm\/","title":{"rendered":"End Cap Bowman 3251NP (22mm &#038; 70mm)"},"content":{"rendered":"<p>End Cap Bowman 3251NP (22mm &#038; 70mm) &#8211; Tampa de borracha moldada de reposi\u00e7\u00e3o da Bowman, projetada para coletores de trocadores de calor marinhos. Voc\u00ea deve perceber que suas atuais tampas Bowman possuem seu n\u00famero de pe\u00e7a gravado, permitindo identificar facilmente a substitui\u00e7\u00e3o necess\u00e1ria. Este \u00e9 o n\u00famero de pe\u00e7a 3251NP da Bowman, que \u00e9 uma tampa de sa\u00edda reta. Esta tampa de trocador de calor \u00e9 adequada para uso com os seguintes trocadores de calor Bowman: ML120-3992, ML130-3993, BL180-3318, BL250-3325, FM240-3013, FM662-3886 e MK140-3997KC. Pode substituir as tampas Perkins 24865264 e 24860166.<\/p>\n","protected":false},"excerpt":{"rendered":"<p>End Cap Bowman 3251NP (22mm &#038; 70mm) &#8211; Tampa de borracha moldada de reposi\u00e7\u00e3o da Bowman, projetada para coletores de<\/p>\n","protected":false},"featured_media":5944907,"comment_status":"open","ping_status":"closed","template":"","meta":[],"product_brand":[2847],"product_cat":[2077],"product_tag":[],"class_list":{"0":"post-749859","1":"product","2":"type-product","3":"status-publish","4":"has-post-thumbnail","6":"product_brand-bowman-pt","7":"product_cat-permutadores-de-calor-e-arrefecedores-a-oleo","9":"first","10":"instock","11":"shipping-taxable","12":"purchasable","13":"product-type-simple"},"_links":{"self":[{"href":"https:\/\/stoic-curie.212-227-153-4.plesk.page\/pt\/wp-json\/wp\/v2\/product\/749859","targetHints":{"allow":["GET"]}}],"collection":[{"href":"https:\/\/stoic-curie.212-227-153-4.plesk.page\/pt\/wp-json\/wp\/v2\/product"}],"about":[{"href":"https:\/\/stoic-curie.212-227-153-4.plesk.page\/pt\/wp-json\/wp\/v2\/types\/product"}],"replies":[{"embeddable":true,"href":"https:\/\/stoic-curie.212-227-153-4.plesk.page\/pt\/wp-json\/wp\/v2\/comments?post=749859"}],"version-history":[{"count":0,"href":"https:\/\/stoic-curie.212-227-153-4.plesk.page\/pt\/wp-json\/wp\/v2\/product\/749859\/revisions"}],"wp:featuredmedia":[{"embeddable":true,"href":"https:\/\/stoic-curie.212-227-153-4.plesk.page\/pt\/wp-json\/wp\/v2\/media\/5944907"}],"wp:attachment":[{"href":"https:\/\/stoic-curie.212-227-153-4.plesk.page\/pt\/wp-json\/wp\/v2\/media?parent=749859"}],"wp:term":[{"taxonomy":"product_brand","embeddable":true,"href":"https:\/\/stoic-curie.212-227-153-4.plesk.page\/pt\/wp-json\/wp\/v2\/product_brand?post=749859"},{"taxonomy":"product_cat","embeddable":true,"href":"https:\/\/stoic-curie.212-227-153-4.plesk.page\/pt\/wp-json\/wp\/v2\/product_cat?post=749859"},{"taxonomy":"product_tag","embeddable":true,"href":"https:\/\/stoic-curie.212-227-153-4.plesk.page\/pt\/wp-json\/wp\/v2\/product_tag?post=749859"}],"curies":[{"name":"wp","href":"https:\/\/api.w.org\/{rel}","templated":true}]}}