{"id":749860,"date":"2025-03-03T22:29:03","date_gmt":"2025-03-03T21:29:03","guid":{"rendered":"https:\/\/stoic-curie.212-227-153-4.plesk.page\/producto\/end-cap-bowman-3365np-22mm-51mm\/"},"modified":"2026-02-25T00:28:10","modified_gmt":"2026-02-25T00:28:10","slug":"end-cap-bowman-3365np-22mm-51mm","status":"publish","type":"product","link":"https:\/\/stoic-curie.212-227-153-4.plesk.page\/pt\/product\/end-cap-bowman-3365np-22mm-51mm\/","title":{"rendered":"End Cap Bowman 3365NP (22mm &#038; 51mm)"},"content":{"rendered":"<p>End Cap Bowman 3365NP (22mm &#038; 51mm) &#8211; <\/p>\n<div class=\"col-24 col-md-15\">\n<p>Cap\u00f4 de borracha moldada de reposi\u00e7\u00e3o da Bowman, projetado para resfriadores de \u00f3leo marinho e trocadores de calor tubulares. Voc\u00ea deve notar que seus atuais cap\u00f4s de extremidade Bowman t\u00eam seu n\u00famero de pe\u00e7a gravado para identifica\u00e7\u00e3o f\u00e1cil do substituto que voc\u00ea precisa. Este \u00e9 o n\u00famero da pe\u00e7a Bowman 3365NP, que \u00e9 um cap\u00f4 de sa\u00edda reto.<\/p>\n<p>Este cap\u00f4 de trocador de calor \u00e9 adequado para uso com os seguintes resfriadores de \u00f3leo Bowman: DC60 &#8211; XAA, DC90 &#8211; XAA, DC120 &#8211; XAA, DC60 &#8211; YAA, DC90 &#8211; YAA e DC120 &#8211; YAA.<\/p>\n<p>Pode substituir: PRM MT4695, Thornycroft 54010191 e Polar A3-607.<\/p>\n<\/div>\n","protected":false},"excerpt":{"rendered":"<p>End Cap Bowman 3365NP (22mm &#038; 51mm) &#8211; Cap\u00f4 de borracha moldada de reposi\u00e7\u00e3o da Bowman, projetado para resfriadores de<\/p>\n","protected":false},"featured_media":5944908,"comment_status":"open","ping_status":"closed","template":"","meta":[],"product_brand":[2847],"product_cat":[2077],"product_tag":[],"class_list":{"0":"post-749860","1":"product","2":"type-product","3":"status-publish","4":"has-post-thumbnail","6":"product_brand-bowman-pt","7":"product_cat-permutadores-de-calor-e-arrefecedores-a-oleo","9":"first","10":"instock","11":"shipping-taxable","12":"purchasable","13":"product-type-simple"},"_links":{"self":[{"href":"https:\/\/stoic-curie.212-227-153-4.plesk.page\/pt\/wp-json\/wp\/v2\/product\/749860","targetHints":{"allow":["GET"]}}],"collection":[{"href":"https:\/\/stoic-curie.212-227-153-4.plesk.page\/pt\/wp-json\/wp\/v2\/product"}],"about":[{"href":"https:\/\/stoic-curie.212-227-153-4.plesk.page\/pt\/wp-json\/wp\/v2\/types\/product"}],"replies":[{"embeddable":true,"href":"https:\/\/stoic-curie.212-227-153-4.plesk.page\/pt\/wp-json\/wp\/v2\/comments?post=749860"}],"version-history":[{"count":0,"href":"https:\/\/stoic-curie.212-227-153-4.plesk.page\/pt\/wp-json\/wp\/v2\/product\/749860\/revisions"}],"wp:featuredmedia":[{"embeddable":true,"href":"https:\/\/stoic-curie.212-227-153-4.plesk.page\/pt\/wp-json\/wp\/v2\/media\/5944908"}],"wp:attachment":[{"href":"https:\/\/stoic-curie.212-227-153-4.plesk.page\/pt\/wp-json\/wp\/v2\/media?parent=749860"}],"wp:term":[{"taxonomy":"product_brand","embeddable":true,"href":"https:\/\/stoic-curie.212-227-153-4.plesk.page\/pt\/wp-json\/wp\/v2\/product_brand?post=749860"},{"taxonomy":"product_cat","embeddable":true,"href":"https:\/\/stoic-curie.212-227-153-4.plesk.page\/pt\/wp-json\/wp\/v2\/product_cat?post=749860"},{"taxonomy":"product_tag","embeddable":true,"href":"https:\/\/stoic-curie.212-227-153-4.plesk.page\/pt\/wp-json\/wp\/v2\/product_tag?post=749860"}],"curies":[{"name":"wp","href":"https:\/\/api.w.org\/{rel}","templated":true}]}}