{"id":749863,"date":"2025-03-03T22:29:04","date_gmt":"2025-03-03T21:29:04","guid":{"rendered":"https:\/\/stoic-curie.212-227-153-4.plesk.page\/producto\/end-cap-bowman-3419np-51mm-70mm\/"},"modified":"2026-02-25T00:28:10","modified_gmt":"2026-02-25T00:28:10","slug":"end-cap-bowman-3419np-51mm-70mm","status":"publish","type":"product","link":"https:\/\/stoic-curie.212-227-153-4.plesk.page\/pt\/product\/end-cap-bowman-3419np-51mm-70mm\/","title":{"rendered":"End Cap Bowman 3419NP (51mm &#038; 70mm)"},"content":{"rendered":"<p>End Cap Bowman 3419NP (51mm &#038; 70mm) &#8211; <\/p>\n<div class=\"col-24 col-md-15\">\n<p>O cap\u00f4 moldado em borracha de substitui\u00e7\u00e3o da Bowman \u00e9 projetado para coletores de trocadores de calor resfriados por quilha. Voc\u00ea deve encontrar que suas tampas de extremidade atuais da Bowman t\u00eam o n\u00famero da pe\u00e7a embutido nelas para identificar facilmente a substitui\u00e7\u00e3o necess\u00e1ria. Este \u00e9 o n\u00famero da pe\u00e7a 3419NP da Bowman, que \u00e9 um cap\u00f4.<\/p>\n<p>Este cap\u00f4 para trocadores de calor \u00e9 adequado para uso com os seguintes trocadores de calor Bowman: BL180, BL250, BL380, BL570, FM160, FM162, FM180, FM240, FM242, FM300, FM400, FM450, FM452, FM600, FM602, FM660, FM662, GM370, GM550, LR250, MB180, MB220, MB300, MB380, MB570, MK130, MK140, ML120, ML130, MS130, MS140, PE180, PE250, PE390, PE580, VW150, VW160 e VW240.<\/p>\n<p>Substitui Thornycroft 54382778.<\/p>\n<\/div>\n<h3>Especifica\u00e7\u00f5es<\/h3>\n<table class=\"table\">\n<tbody>\n<tr>\n<td><strong>Marca<\/strong><\/td>\n<td>Bowman<\/td>\n<\/tr>\n<tr>\n<td><strong>Entrada Sa\u00edda<\/strong><\/td>\n<td>Tampa de Fechamento<\/td>\n<\/tr>\n<tr>\n<td><strong>Pa\u00eds de Origem<\/strong><\/td>\n<td>Reino Unido<\/td>\n<\/tr>\n<tr>\n<td><strong>\u00c2ngulo<\/strong><\/td>\n<td>Reto<\/td>\n<\/tr>\n<tr>\n<td><strong>Constru\u00e7\u00e3o<\/strong><\/td>\n<td>Borracha<\/td>\n<\/tr>\n<tr>\n<td><strong>Di\u00e2metro<\/strong><\/td>\n<td>Entrada ID: 70mm, Entrada OD: 80mm. Corpo ID: 51mm, Corpo OD: 60mm.<\/td>\n<\/tr>\n<tr>\n<td><strong>Substitui<\/strong><\/td>\n<td>Thornycroft 54382778<\/td>\n<\/tr>\n<tr>\n<td><strong>Compatibilidade<\/strong><\/td>\n<td>Bowman Troca de Calor Refrigera\u00e7\u00e3o por Quilha &#8211; Por favor, veja a descri\u00e7\u00e3o para os trocadores de calor com os quais este cap\u00f4 \u00e9 compat\u00edvel.<\/td>\n<\/tr>\n<\/tbody>\n<\/table>\n","protected":false},"excerpt":{"rendered":"<p>End Cap Bowman 3419NP (51mm &#038; 70mm) &#8211; O cap\u00f4 moldado em borracha de substitui\u00e7\u00e3o da Bowman \u00e9 projetado para<\/p>\n","protected":false},"featured_media":5944911,"comment_status":"open","ping_status":"closed","template":"","meta":[],"product_brand":[2847],"product_cat":[2077],"product_tag":[],"class_list":{"0":"post-749863","1":"product","2":"type-product","3":"status-publish","4":"has-post-thumbnail","6":"product_brand-bowman-pt","7":"product_cat-permutadores-de-calor-e-arrefecedores-a-oleo","9":"first","10":"instock","11":"shipping-taxable","12":"purchasable","13":"product-type-simple"},"_links":{"self":[{"href":"https:\/\/stoic-curie.212-227-153-4.plesk.page\/pt\/wp-json\/wp\/v2\/product\/749863","targetHints":{"allow":["GET"]}}],"collection":[{"href":"https:\/\/stoic-curie.212-227-153-4.plesk.page\/pt\/wp-json\/wp\/v2\/product"}],"about":[{"href":"https:\/\/stoic-curie.212-227-153-4.plesk.page\/pt\/wp-json\/wp\/v2\/types\/product"}],"replies":[{"embeddable":true,"href":"https:\/\/stoic-curie.212-227-153-4.plesk.page\/pt\/wp-json\/wp\/v2\/comments?post=749863"}],"version-history":[{"count":0,"href":"https:\/\/stoic-curie.212-227-153-4.plesk.page\/pt\/wp-json\/wp\/v2\/product\/749863\/revisions"}],"wp:featuredmedia":[{"embeddable":true,"href":"https:\/\/stoic-curie.212-227-153-4.plesk.page\/pt\/wp-json\/wp\/v2\/media\/5944911"}],"wp:attachment":[{"href":"https:\/\/stoic-curie.212-227-153-4.plesk.page\/pt\/wp-json\/wp\/v2\/media?parent=749863"}],"wp:term":[{"taxonomy":"product_brand","embeddable":true,"href":"https:\/\/stoic-curie.212-227-153-4.plesk.page\/pt\/wp-json\/wp\/v2\/product_brand?post=749863"},{"taxonomy":"product_cat","embeddable":true,"href":"https:\/\/stoic-curie.212-227-153-4.plesk.page\/pt\/wp-json\/wp\/v2\/product_cat?post=749863"},{"taxonomy":"product_tag","embeddable":true,"href":"https:\/\/stoic-curie.212-227-153-4.plesk.page\/pt\/wp-json\/wp\/v2\/product_tag?post=749863"}],"curies":[{"name":"wp","href":"https:\/\/api.w.org\/{rel}","templated":true}]}}