{"id":749865,"date":"2025-03-03T22:29:05","date_gmt":"2025-03-03T21:29:05","guid":{"rendered":"https:\/\/stoic-curie.212-227-153-4.plesk.page\/producto\/end-cap-bowman-3667np-28mm-70mm\/"},"modified":"2026-02-25T00:28:10","modified_gmt":"2026-02-25T00:28:10","slug":"end-cap-bowman-3667np-28mm-70mm","status":"publish","type":"product","link":"https:\/\/stoic-curie.212-227-153-4.plesk.page\/pt\/product\/end-cap-bowman-3667np-28mm-70mm\/","title":{"rendered":"End Cap Bowman 3667NP (28mm &#038; 70mm)"},"content":{"rendered":"<p>End Cap Bowman 3667NP (28mm &#038; 70mm) &#8211; <\/p>\n<div class=\"col-24 col-md-15\">\n<p>Tampa de borracha moldada de substitui\u00e7\u00e3o da Bowman, projetada para coletores de trocadores de calor marinhos. Voc\u00ea deve notar que suas tampas de Bowman atuais possuem seu n\u00famero de pe\u00e7a estampado nelas para identificar facilmente a substitui\u00e7\u00e3o necess\u00e1ria. Este \u00e9 o n\u00famero de pe\u00e7a 3667NP da Bowman, que \u00e9 uma tampa de sa\u00edda reta.<\/p>\n<p>Esta tampa de trocador de calor \u00e9 adequada para uso com os seguintes trocadores de calor da Bowman: FM160-3120, FM162-3872, ML120-3992KC, MS130-4295KC e MS140-4296KC.<\/p>\n<\/div>\n<h3>Especifica\u00e7\u00f5es<\/h3>\n<table class=\"table\">\n<tbody>\n<tr>\n<td><strong>Marca<\/strong><\/td>\n<td>Bowman<\/td>\n<\/tr>\n<tr>\n<td><strong>Entrada Sa\u00edda<\/strong><\/td>\n<td>28mm<\/td>\n<\/tr>\n<tr>\n<td><strong>Pa\u00eds de origem<\/strong><\/td>\n<td>Reino Unido<\/td>\n<\/tr>\n<tr>\n<td><strong>\u00c2ngulo<\/strong><\/td>\n<td>Reto<\/td>\n<\/tr>\n<tr>\n<td><strong>Constru\u00e7\u00e3o<\/strong><\/td>\n<td>Boracha<\/td>\n<\/tr>\n<tr>\n<td><strong>Di\u00e2metro<\/strong><\/td>\n<td>Entrada ID: 70mm, Entrada OD: 80mm. Sa\u00edda ID: 28mm, Sa\u00edda OD: 38mm. Corpo ID: 51mm, Corpo OD: 60mm.<\/td>\n<\/tr>\n<tr>\n<td><strong>Adequa\u00e7\u00e3o<\/strong><\/td>\n<td>Trocadores de calor da Bowman: FM160-3120, FM162-3872, ML120-3992KC, MS130-4295KC e MS140-4296KC.<\/td>\n<\/tr>\n<\/tbody>\n<\/table>\n","protected":false},"excerpt":{"rendered":"<p>End Cap Bowman 3667NP (28mm &#038; 70mm) &#8211; Tampa de borracha moldada de substitui\u00e7\u00e3o da Bowman, projetada para coletores de<\/p>\n","protected":false},"featured_media":5944913,"comment_status":"open","ping_status":"closed","template":"","meta":[],"product_brand":[2847],"product_cat":[2077],"product_tag":[],"class_list":{"0":"post-749865","1":"product","2":"type-product","3":"status-publish","4":"has-post-thumbnail","6":"product_brand-bowman-pt","7":"product_cat-permutadores-de-calor-e-arrefecedores-a-oleo","9":"first","10":"instock","11":"shipping-taxable","12":"purchasable","13":"product-type-simple"},"_links":{"self":[{"href":"https:\/\/stoic-curie.212-227-153-4.plesk.page\/pt\/wp-json\/wp\/v2\/product\/749865","targetHints":{"allow":["GET"]}}],"collection":[{"href":"https:\/\/stoic-curie.212-227-153-4.plesk.page\/pt\/wp-json\/wp\/v2\/product"}],"about":[{"href":"https:\/\/stoic-curie.212-227-153-4.plesk.page\/pt\/wp-json\/wp\/v2\/types\/product"}],"replies":[{"embeddable":true,"href":"https:\/\/stoic-curie.212-227-153-4.plesk.page\/pt\/wp-json\/wp\/v2\/comments?post=749865"}],"version-history":[{"count":0,"href":"https:\/\/stoic-curie.212-227-153-4.plesk.page\/pt\/wp-json\/wp\/v2\/product\/749865\/revisions"}],"wp:featuredmedia":[{"embeddable":true,"href":"https:\/\/stoic-curie.212-227-153-4.plesk.page\/pt\/wp-json\/wp\/v2\/media\/5944913"}],"wp:attachment":[{"href":"https:\/\/stoic-curie.212-227-153-4.plesk.page\/pt\/wp-json\/wp\/v2\/media?parent=749865"}],"wp:term":[{"taxonomy":"product_brand","embeddable":true,"href":"https:\/\/stoic-curie.212-227-153-4.plesk.page\/pt\/wp-json\/wp\/v2\/product_brand?post=749865"},{"taxonomy":"product_cat","embeddable":true,"href":"https:\/\/stoic-curie.212-227-153-4.plesk.page\/pt\/wp-json\/wp\/v2\/product_cat?post=749865"},{"taxonomy":"product_tag","embeddable":true,"href":"https:\/\/stoic-curie.212-227-153-4.plesk.page\/pt\/wp-json\/wp\/v2\/product_tag?post=749865"}],"curies":[{"name":"wp","href":"https:\/\/api.w.org\/{rel}","templated":true}]}}