{"id":749866,"date":"2025-03-03T22:29:06","date_gmt":"2025-03-03T21:29:06","guid":{"rendered":"https:\/\/stoic-curie.212-227-153-4.plesk.page\/producto\/cap-bowman-final-3716np-90-32-50mm\/"},"modified":"2026-02-25T00:28:10","modified_gmt":"2026-02-25T00:28:10","slug":"cap-bowman-final-3716np-90-32-50mm","status":"publish","type":"product","link":"https:\/\/stoic-curie.212-227-153-4.plesk.page\/pt\/product\/cap-bowman-final-3716np-90-32-50mm\/","title":{"rendered":"Cap Bowman final 3716NP 90\u00b0 (32 \/ 50mm)"},"content":{"rendered":"<p>Cap Bowman final 3716NP 90\u00b0 (32 \/ 50mm) &#8211; <\/p>\n<div class=\"col-24 col-md-15\">\n<p>Tampa de borracha moldada de substitui\u00e7\u00e3o Bowman, projetada para resfriadores de \u00f3leo mar\u00edtimos e trocadores de calor tubulares. Voc\u00ea deve notar que suas tampas finais atuais da Bowman t\u00eam o n\u00famero da pe\u00e7a gravado nelas para identificar facilmente a substitui\u00e7\u00e3o que voc\u00ea precisa. Este \u00e9 o n\u00famero da pe\u00e7a da Bowman 3716NP, que \u00e9 uma tampa de sa\u00edda de 90 graus.<\/p>\n<\/div>\n<h3>Especifica\u00e7\u00f5es<\/h3>\n<table class=\"table\">\n<tbody>\n<tr>\n<td><strong>Marca<\/strong><\/td>\n<td>Bowman<\/td>\n<\/tr>\n<tr>\n<td><strong>Entrada Sa\u00edda<\/strong><\/td>\n<td>32mm<\/td>\n<\/tr>\n<tr>\n<td><strong>Pa\u00eds de origem<\/strong><\/td>\n<td>Reino Unido<\/td>\n<\/tr>\n<tr>\n<td><strong>\u00c2ngulo<\/strong><\/td>\n<td>90 Graus<\/td>\n<\/tr>\n<tr>\n<td><strong>Constru\u00e7\u00e3o<\/strong><\/td>\n<td>Borrego<\/td>\n<\/tr>\n<tr>\n<td><strong>Di\u00e2metro<\/strong><\/td>\n<td>Entrada ID: 50mm, Entrada OD: 60mm. Sa\u00edda ID: 32mm, Sa\u00edda OD: 42mm.<\/td>\n<\/tr>\n<tr>\n<td><strong>Compatibilidade<\/strong><\/td>\n<td>Resfriadores de \u00f3leo mar\u00edtimos &#038; trocadores de calor tubulares.<\/td>\n<\/tr>\n<\/tbody>\n<\/table>\n","protected":false},"excerpt":{"rendered":"<p>Cap Bowman final 3716NP 90\u00b0 (32 \/ 50mm) &#8211; Tampa de borracha moldada de substitui\u00e7\u00e3o Bowman, projetada para resfriadores de<\/p>\n","protected":false},"featured_media":5944914,"comment_status":"open","ping_status":"closed","template":"","meta":[],"product_brand":[2847],"product_cat":[2077],"product_tag":[],"class_list":{"0":"post-749866","1":"product","2":"type-product","3":"status-publish","4":"has-post-thumbnail","6":"product_brand-bowman-pt","7":"product_cat-permutadores-de-calor-e-arrefecedores-a-oleo","9":"first","10":"instock","11":"shipping-taxable","12":"purchasable","13":"product-type-simple"},"_links":{"self":[{"href":"https:\/\/stoic-curie.212-227-153-4.plesk.page\/pt\/wp-json\/wp\/v2\/product\/749866","targetHints":{"allow":["GET"]}}],"collection":[{"href":"https:\/\/stoic-curie.212-227-153-4.plesk.page\/pt\/wp-json\/wp\/v2\/product"}],"about":[{"href":"https:\/\/stoic-curie.212-227-153-4.plesk.page\/pt\/wp-json\/wp\/v2\/types\/product"}],"replies":[{"embeddable":true,"href":"https:\/\/stoic-curie.212-227-153-4.plesk.page\/pt\/wp-json\/wp\/v2\/comments?post=749866"}],"version-history":[{"count":0,"href":"https:\/\/stoic-curie.212-227-153-4.plesk.page\/pt\/wp-json\/wp\/v2\/product\/749866\/revisions"}],"wp:featuredmedia":[{"embeddable":true,"href":"https:\/\/stoic-curie.212-227-153-4.plesk.page\/pt\/wp-json\/wp\/v2\/media\/5944914"}],"wp:attachment":[{"href":"https:\/\/stoic-curie.212-227-153-4.plesk.page\/pt\/wp-json\/wp\/v2\/media?parent=749866"}],"wp:term":[{"taxonomy":"product_brand","embeddable":true,"href":"https:\/\/stoic-curie.212-227-153-4.plesk.page\/pt\/wp-json\/wp\/v2\/product_brand?post=749866"},{"taxonomy":"product_cat","embeddable":true,"href":"https:\/\/stoic-curie.212-227-153-4.plesk.page\/pt\/wp-json\/wp\/v2\/product_cat?post=749866"},{"taxonomy":"product_tag","embeddable":true,"href":"https:\/\/stoic-curie.212-227-153-4.plesk.page\/pt\/wp-json\/wp\/v2\/product_tag?post=749866"}],"curies":[{"name":"wp","href":"https:\/\/api.w.org\/{rel}","templated":true}]}}