{"id":749868,"date":"2025-03-03T22:29:07","date_gmt":"2025-03-03T21:29:07","guid":{"rendered":"https:\/\/stoic-curie.212-227-153-4.plesk.page\/producto\/bowman-dc50-xaa\/"},"modified":"2026-02-25T00:28:10","modified_gmt":"2026-02-25T00:28:10","slug":"bowman-dc50-xaa","status":"publish","type":"product","link":"https:\/\/stoic-curie.212-227-153-4.plesk.page\/pt\/product\/bowman-dc50-xaa\/","title":{"rendered":"Bowman DC50-XAA"},"content":{"rendered":"<p>Bowman DC50-XAA &#8211; <\/p>\n<div class=\"col-24 col-md-15\">\n<p>O trocador de calor de \u00f3leo tubular Bowman DC50-XAA \u00e9 adequado para uso como resfriador de \u00f3leo do motor ou resfriador de \u00f3leo da caixa de c\u00e2mbio.<\/p>\n<\/div>\n<h3>Especifica\u00e7\u00f5es<\/h3>\n<table class=\"table\">\n<tbody>\n<tr>\n<td><strong>Comprimento<\/strong><\/td>\n<td>210mm (incluindo tampas de extremidade), 125mm (excluindo tampas de extremidade)<\/td>\n<\/tr>\n<tr>\n<td><strong>Temperatura de opera\u00e7\u00e3o<\/strong><\/td>\n<td>125\u00b0C M\u00e1ximo<\/td>\n<\/tr>\n<tr>\n<td><strong>Press\u00e3o de trabalho<\/strong><\/td>\n<td>\u00d3leo: 30 bar M\u00e1ximo, \u00c1gua: 2 bar M\u00e1ximo<\/td>\n<\/tr>\n<tr>\n<td><strong>Marca<\/strong><\/td>\n<td>Bowman<\/td>\n<\/tr>\n<tr>\n<td><strong>Pa\u00eds de origem<\/strong><\/td>\n<td>Reino Unido<\/td>\n<\/tr>\n<tr>\n<td><strong>Caixas de c\u00e2mbio que transmitem at\u00e9<\/strong><\/td>\n<td>100HP &#8211; 75kw<\/td>\n<\/tr>\n<tr>\n<td><strong>Conex\u00f5es<\/strong><\/td>\n<td>\u00d3leo: 3\/8&#8243; BSP f\u00eamea, \u00c1gua bruta: 22mm por meio de tampas de borracha neoprene<\/td>\n<\/tr>\n<tr>\n<td><strong>Di\u00e2metro<\/strong><\/td>\n<td>OD: 51mm<\/td>\n<\/tr>\n<tr>\n<td><strong>Para pot\u00eancia m\u00e1xima<\/strong><\/td>\n<td>40HP (30kw)<\/td>\n<\/tr>\n<tr>\n<td><strong>Volume interno de \u00f3leo<\/strong><\/td>\n<td>80ml<\/td>\n<\/tr>\n<tr>\n<td><strong>Volume interno de \u00e1gua<\/strong><\/td>\n<td>160ml<\/td>\n<\/tr>\n<tr>\n<td><strong>Press\u00e3o m\u00e1xima<\/strong><\/td>\n<td>Press\u00e3o de trabalho do \u00f3leo: 435 PSI (30 Bar), Press\u00e3o de trabalho da \u00e1gua: 29 PSI (2 Bar)<\/td>\n<\/tr>\n<tr>\n<td><strong>Modelo<\/strong><\/td>\n<td>DC50<\/td>\n<\/tr>\n<tr>\n<td><strong>Fluxo de \u00e1gua bruta<\/strong><\/td>\n<td>60 LPM m\u00e1ximo<\/td>\n<\/tr>\n<\/tbody>\n<\/table>\n","protected":false},"excerpt":{"rendered":"<p>Bowman DC50-XAA &#8211; O trocador de calor de \u00f3leo tubular Bowman DC50-XAA \u00e9 adequado para uso como resfriador de \u00f3leo<\/p>\n","protected":false},"featured_media":5944916,"comment_status":"open","ping_status":"closed","template":"","meta":[],"product_brand":[2847],"product_cat":[2077],"product_tag":[],"class_list":{"0":"post-749868","1":"product","2":"type-product","3":"status-publish","4":"has-post-thumbnail","6":"product_brand-bowman-pt","7":"product_cat-permutadores-de-calor-e-arrefecedores-a-oleo","9":"first","10":"instock","11":"shipping-taxable","12":"purchasable","13":"product-type-simple"},"_links":{"self":[{"href":"https:\/\/stoic-curie.212-227-153-4.plesk.page\/pt\/wp-json\/wp\/v2\/product\/749868","targetHints":{"allow":["GET"]}}],"collection":[{"href":"https:\/\/stoic-curie.212-227-153-4.plesk.page\/pt\/wp-json\/wp\/v2\/product"}],"about":[{"href":"https:\/\/stoic-curie.212-227-153-4.plesk.page\/pt\/wp-json\/wp\/v2\/types\/product"}],"replies":[{"embeddable":true,"href":"https:\/\/stoic-curie.212-227-153-4.plesk.page\/pt\/wp-json\/wp\/v2\/comments?post=749868"}],"version-history":[{"count":0,"href":"https:\/\/stoic-curie.212-227-153-4.plesk.page\/pt\/wp-json\/wp\/v2\/product\/749868\/revisions"}],"wp:featuredmedia":[{"embeddable":true,"href":"https:\/\/stoic-curie.212-227-153-4.plesk.page\/pt\/wp-json\/wp\/v2\/media\/5944916"}],"wp:attachment":[{"href":"https:\/\/stoic-curie.212-227-153-4.plesk.page\/pt\/wp-json\/wp\/v2\/media?parent=749868"}],"wp:term":[{"taxonomy":"product_brand","embeddable":true,"href":"https:\/\/stoic-curie.212-227-153-4.plesk.page\/pt\/wp-json\/wp\/v2\/product_brand?post=749868"},{"taxonomy":"product_cat","embeddable":true,"href":"https:\/\/stoic-curie.212-227-153-4.plesk.page\/pt\/wp-json\/wp\/v2\/product_cat?post=749868"},{"taxonomy":"product_tag","embeddable":true,"href":"https:\/\/stoic-curie.212-227-153-4.plesk.page\/pt\/wp-json\/wp\/v2\/product_tag?post=749868"}],"curies":[{"name":"wp","href":"https:\/\/api.w.org\/{rel}","templated":true}]}}