{"id":749869,"date":"2025-03-03T22:29:07","date_gmt":"2025-03-03T21:29:07","guid":{"rendered":"https:\/\/stoic-curie.212-227-153-4.plesk.page\/producto\/bowman-dc90-yaa\/"},"modified":"2026-02-25T00:28:10","modified_gmt":"2026-02-25T00:28:10","slug":"bowman-dc90-yaa","status":"publish","type":"product","link":"https:\/\/stoic-curie.212-227-153-4.plesk.page\/pt\/product\/bowman-dc90-yaa\/","title":{"rendered":"Bowman DC90-YAA"},"content":{"rendered":"<p>Bowman DC90-YAA &#8211; <\/p>\n<div class=\"col-24\" col-md-15=\"\">\n<p>O trocador de calor do resfriador de \u00f3leo tubular Bowman DC90-YAA \u00e9 adequado para uso como resfriador de \u00f3leo de motor ou de caixa de c\u00e2mbio. O resfriador de \u00f3leo \u00e9 compat\u00edvel com os seguintes motores: BMC Leyland 498 (3.81), BMC Leyland 698 (5.71), Ford FSD-425-2401E e Mercedes OM617.<\/p>\n<p>O Bowman DC90-YAA pode substituir o resfriador de \u00f3leo Thornycroft 54382296.<\/p>\n<\/div>\n<h3>Especifica\u00e7\u00f5es<\/h3>\n<table class=\"table\">\n<tbody>\n<tr>\n<td><strong>Comprimento<\/strong><\/td>\n<td>314mm (incluindo tampas de extremidade), 235mm (excluindo tampas de extremidade)<\/td>\n<\/tr>\n<tr>\n<td><strong>Temperatura de opera\u00e7\u00e3o<\/strong><\/td>\n<td>125\u00b0C M\u00e1ximo<\/td>\n<\/tr>\n<tr>\n<td><strong>Marca<\/strong><\/td>\n<td>Bowman<\/td>\n<\/tr>\n<tr>\n<td><strong>Pa\u00eds de Origem<\/strong><\/td>\n<td>Reino Unido<\/td>\n<\/tr>\n<tr>\n<td><strong>Caixas de C\u00e2mbio que Transmitem At\u00e9<\/strong><\/td>\n<td>200CV &#8211; 150kw<\/td>\n<\/tr>\n<tr>\n<td><strong>Conex\u00f5es<\/strong><\/td>\n<td>\u00d3leo: 1\/2&#8243; BSP f\u00eamea, \u00c1gua bruta: 22mm atrav\u00e9s de tampas de borracha de neoprene<\/td>\n<\/tr>\n<tr>\n<td><strong>Di\u00e2metro<\/strong><\/td>\n<td>OD: 51mm<\/td>\n<\/tr>\n<tr>\n<td><strong>Para Pot\u00eancia M\u00e1xima<\/strong><\/td>\n<td>80CV (60kw)<\/td>\n<\/tr>\n<tr>\n<td><strong>Volume Interno de \u00d3leo<\/strong><\/td>\n<td>160ml<\/td>\n<\/tr>\n<tr>\n<td><strong>Volume Interno de \u00c1gua<\/strong><\/td>\n<td>240ml<\/td>\n<\/tr>\n<tr>\n<td><strong>Press\u00e3o M\u00e1xima<\/strong><\/td>\n<td>Press\u00e3o m\u00e1xima de trabalho do \u00f3leo: 30 Bar, Press\u00e3o m\u00e1xima de trabalho da \u00e1gua: 2 Bar<\/td>\n<\/tr>\n<tr>\n<td><strong>Modelo<\/strong><\/td>\n<td>DC90<\/td>\n<\/tr>\n<tr>\n<td><strong>Fluxo de \u00c1gua Bruta<\/strong><\/td>\n<td>M\u00e1ximo 60 LPM<\/td>\n<\/tr>\n<tr>\n<td><strong>Substitui<\/strong><\/td>\n<td>Resfriador de \u00f3leo Thornycroft 54382296<\/td>\n<\/tr>\n<tr>\n<td><strong>Compatibilidade<\/strong><\/td>\n<td>BMC Leyland 4\/98 (3.81) &#038; 6\/98 (5.71), Ford FSD425 &#038; 2401E, Mercedes OM617.<\/td>\n<\/tr>\n<\/tbody>\n<\/table>\n","protected":false},"excerpt":{"rendered":"<p>Bowman DC90-YAA &#8211; O trocador de calor do resfriador de \u00f3leo tubular Bowman DC90-YAA \u00e9 adequado para uso como resfriador<\/p>\n","protected":false},"featured_media":5944921,"comment_status":"open","ping_status":"closed","template":"","meta":[],"product_brand":[2847],"product_cat":[2077],"product_tag":[],"class_list":{"0":"post-749869","1":"product","2":"type-product","3":"status-publish","4":"has-post-thumbnail","6":"product_brand-bowman-pt","7":"product_cat-permutadores-de-calor-e-arrefecedores-a-oleo","9":"first","10":"instock","11":"shipping-taxable","12":"purchasable","13":"product-type-simple"},"_links":{"self":[{"href":"https:\/\/stoic-curie.212-227-153-4.plesk.page\/pt\/wp-json\/wp\/v2\/product\/749869","targetHints":{"allow":["GET"]}}],"collection":[{"href":"https:\/\/stoic-curie.212-227-153-4.plesk.page\/pt\/wp-json\/wp\/v2\/product"}],"about":[{"href":"https:\/\/stoic-curie.212-227-153-4.plesk.page\/pt\/wp-json\/wp\/v2\/types\/product"}],"replies":[{"embeddable":true,"href":"https:\/\/stoic-curie.212-227-153-4.plesk.page\/pt\/wp-json\/wp\/v2\/comments?post=749869"}],"version-history":[{"count":0,"href":"https:\/\/stoic-curie.212-227-153-4.plesk.page\/pt\/wp-json\/wp\/v2\/product\/749869\/revisions"}],"wp:featuredmedia":[{"embeddable":true,"href":"https:\/\/stoic-curie.212-227-153-4.plesk.page\/pt\/wp-json\/wp\/v2\/media\/5944921"}],"wp:attachment":[{"href":"https:\/\/stoic-curie.212-227-153-4.plesk.page\/pt\/wp-json\/wp\/v2\/media?parent=749869"}],"wp:term":[{"taxonomy":"product_brand","embeddable":true,"href":"https:\/\/stoic-curie.212-227-153-4.plesk.page\/pt\/wp-json\/wp\/v2\/product_brand?post=749869"},{"taxonomy":"product_cat","embeddable":true,"href":"https:\/\/stoic-curie.212-227-153-4.plesk.page\/pt\/wp-json\/wp\/v2\/product_cat?post=749869"},{"taxonomy":"product_tag","embeddable":true,"href":"https:\/\/stoic-curie.212-227-153-4.plesk.page\/pt\/wp-json\/wp\/v2\/product_tag?post=749869"}],"curies":[{"name":"wp","href":"https:\/\/api.w.org\/{rel}","templated":true}]}}