{"id":749871,"date":"2025-03-03T22:29:08","date_gmt":"2025-03-03T21:29:08","guid":{"rendered":"https:\/\/stoic-curie.212-227-153-4.plesk.page\/producto\/bowman-dc120-yaa\/"},"modified":"2026-02-25T00:28:10","modified_gmt":"2026-02-25T00:28:10","slug":"bowman-dc120-yaa","status":"publish","type":"product","link":"https:\/\/stoic-curie.212-227-153-4.plesk.page\/pt\/product\/bowman-dc120-yaa\/","title":{"rendered":"Bowman DC120-YAA"},"content":{"rendered":"<p>Bowman DC120-YAA &#8211; <\/p>\n<div class=\"col-24\" col-md-15=\"\">\n<p>O trocador de calor do resfriador de \u00f3leo tubular Bowman DC120-YAA \u00e9 adequado para uso como resfriador de \u00f3leo de motor ou resfriador de \u00f3leo de transmiss\u00f5es. Este resfriador de \u00f3leo se adapta aos seguintes motores: Ford FSD425T, Ford 2613, Ford 2614, Ford 2615E, Ford 2654, Ford 2655, Ford 2656 e Ford 2658E.<\/p>\n<\/div>\n<h3>Especifica\u00e7\u00f5es<\/h3>\n<table class=\"table\">\n<tbody>\n<tr>\n<td><strong>Comprimento<\/strong><\/td>\n<td>396 mm (incluindo tampas finais), 320 mm (sem tampas finais)<\/td>\n<\/tr>\n<tr>\n<td><strong>Temperatura de opera\u00e7\u00e3o<\/strong><\/td>\n<td>125\u00b0C<\/td>\n<\/tr>\n<tr>\n<td><strong>Marca<\/strong><\/td>\n<td>Bowman<\/td>\n<\/tr>\n<tr>\n<td><strong>Pa\u00eds de origem<\/strong><\/td>\n<td>Reino Unido<\/td>\n<\/tr>\n<tr>\n<td><strong>Transmiss\u00f5es que transmitem at\u00e9<\/strong><\/td>\n<td>240 HP &#8211; 180 kW<\/td>\n<\/tr>\n<tr>\n<td><strong>Conex\u00f5es<\/strong><\/td>\n<td>\u00d3leo: 1\/2&#8243; BSP f\u00eamea, \u00c1gua bruta: 22 mm atrav\u00e9s de tampas de borracha neoprene (3365NP)<\/td>\n<\/tr>\n<tr>\n<td><strong>Di\u00e2metro<\/strong><\/td>\n<td>OD: 51 mm<\/td>\n<\/tr>\n<tr>\n<td><strong>Para pot\u00eancia m\u00e1xima<\/strong><\/td>\n<td>107 HP (80 kW)<\/td>\n<\/tr>\n<tr>\n<td><strong>Volume interno de \u00f3leo<\/strong><\/td>\n<td>200 ml<\/td>\n<\/tr>\n<tr>\n<td><strong>Volume interno de \u00e1gua<\/strong><\/td>\n<td>325 ml<\/td>\n<\/tr>\n<tr>\n<td><strong>Press\u00e3o m\u00e1xima<\/strong><\/td>\n<td>Press\u00e3o m\u00e1xima de trabalho do \u00f3leo: 30 Bar, Press\u00e3o m\u00e1xima de trabalho da \u00e1gua: 2 Bar<\/td>\n<\/tr>\n<tr>\n<td><strong>Modelo<\/strong><\/td>\n<td>DC120<\/td>\n<\/tr>\n<tr>\n<td><strong>Fluxo de \u00e1gua bruta<\/strong><\/td>\n<td>60 LPM m\u00e1ximo<\/td>\n<\/tr>\n<tr>\n<td><strong>Adequa\u00e7\u00e3o<\/strong><\/td>\n<td>Motores Ford FSD425T, 2613, 2614, 2615E, 2654, 2655, 2656 e 2658E.<\/td>\n<\/tr>\n<\/tbody>\n<\/table>\n","protected":false},"excerpt":{"rendered":"<p>Bowman DC120-YAA &#8211; O trocador de calor do resfriador de \u00f3leo tubular Bowman DC120-YAA \u00e9 adequado para uso como resfriador<\/p>\n","protected":false},"featured_media":5944932,"comment_status":"open","ping_status":"closed","template":"","meta":[],"product_brand":[2847],"product_cat":[2077],"product_tag":[],"class_list":{"0":"post-749871","1":"product","2":"type-product","3":"status-publish","4":"has-post-thumbnail","6":"product_brand-bowman-pt","7":"product_cat-permutadores-de-calor-e-arrefecedores-a-oleo","9":"first","10":"instock","11":"shipping-taxable","12":"purchasable","13":"product-type-simple"},"_links":{"self":[{"href":"https:\/\/stoic-curie.212-227-153-4.plesk.page\/pt\/wp-json\/wp\/v2\/product\/749871","targetHints":{"allow":["GET"]}}],"collection":[{"href":"https:\/\/stoic-curie.212-227-153-4.plesk.page\/pt\/wp-json\/wp\/v2\/product"}],"about":[{"href":"https:\/\/stoic-curie.212-227-153-4.plesk.page\/pt\/wp-json\/wp\/v2\/types\/product"}],"replies":[{"embeddable":true,"href":"https:\/\/stoic-curie.212-227-153-4.plesk.page\/pt\/wp-json\/wp\/v2\/comments?post=749871"}],"version-history":[{"count":0,"href":"https:\/\/stoic-curie.212-227-153-4.plesk.page\/pt\/wp-json\/wp\/v2\/product\/749871\/revisions"}],"wp:featuredmedia":[{"embeddable":true,"href":"https:\/\/stoic-curie.212-227-153-4.plesk.page\/pt\/wp-json\/wp\/v2\/media\/5944932"}],"wp:attachment":[{"href":"https:\/\/stoic-curie.212-227-153-4.plesk.page\/pt\/wp-json\/wp\/v2\/media?parent=749871"}],"wp:term":[{"taxonomy":"product_brand","embeddable":true,"href":"https:\/\/stoic-curie.212-227-153-4.plesk.page\/pt\/wp-json\/wp\/v2\/product_brand?post=749871"},{"taxonomy":"product_cat","embeddable":true,"href":"https:\/\/stoic-curie.212-227-153-4.plesk.page\/pt\/wp-json\/wp\/v2\/product_cat?post=749871"},{"taxonomy":"product_tag","embeddable":true,"href":"https:\/\/stoic-curie.212-227-153-4.plesk.page\/pt\/wp-json\/wp\/v2\/product_tag?post=749871"}],"curies":[{"name":"wp","href":"https:\/\/api.w.org\/{rel}","templated":true}]}}