{"id":749874,"date":"2025-03-03T22:29:10","date_gmt":"2025-03-03T21:29:10","guid":{"rendered":"https:\/\/stoic-curie.212-227-153-4.plesk.page\/producto\/bowman-ec100-890-2\/"},"modified":"2026-02-25T00:28:10","modified_gmt":"2026-02-25T00:28:10","slug":"bowman-ec100-890-2","status":"publish","type":"product","link":"https:\/\/stoic-curie.212-227-153-4.plesk.page\/pt\/product\/bowman-ec100-890-2\/","title":{"rendered":"Bowman EC100-890-2"},"content":{"rendered":"<p>Bowman EC100-890-2 &#8211; <\/p>\n<div class=\"col-24 col-md-15\">\n<p>O trocador de calor de \u00f3leo tubular Bowman EC100-890-2 foi projetado para resfriar o \u00f3leo do motor.<\/p>\n<\/div>\n<h3>Especifica\u00e7\u00f5es<\/h3>\n<table class=\"table\">\n<tbody>\n<tr>\n<td><strong>Comprimento<\/strong><\/td>\n<td>280mm<\/td>\n<\/tr>\n<tr>\n<td><strong>Marca<\/strong><\/td>\n<td>Bowman<\/td>\n<\/tr>\n<tr>\n<td><strong>Pa\u00eds de Origem<\/strong><\/td>\n<td>Reino Unido<\/td>\n<\/tr>\n<tr>\n<td><strong>Conex\u00f5es<\/strong><\/td>\n<td>\u00d3leo: 3\/4&#8243; BSP f\u00eamea, \u00c1gua Bruta: tampas finais retas de lat\u00e3o naval para mangueira de 45mm ID<\/td>\n<\/tr>\n<tr>\n<td><strong>Constru\u00e7\u00e3o<\/strong><\/td>\n<td>Conjunto de tubos de cobre-n\u00edquel com tampas de lat\u00e3o naval<\/td>\n<\/tr>\n<tr>\n<td><strong>Di\u00e2metro<\/strong><\/td>\n<td>OD: 100mm<\/td>\n<\/tr>\n<tr>\n<td><strong>Para pot\u00eancia m\u00e1xima<\/strong><\/td>\n<td>120CV (90kW)<\/td>\n<\/tr>\n<tr>\n<td><strong>Modelo<\/strong><\/td>\n<td>EC100<\/td>\n<\/tr>\n<tr>\n<td><strong>Adequa\u00e7\u00e3o<\/strong><\/td>\n<td>Motores Ford BSD678.<\/td>\n<\/tr>\n<\/tbody>\n<\/table>\n","protected":false},"excerpt":{"rendered":"<p>Bowman EC100-890-2 &#8211; O trocador de calor de \u00f3leo tubular Bowman EC100-890-2 foi projetado para resfriar o \u00f3leo do motor.<\/p>\n","protected":false},"featured_media":5944952,"comment_status":"open","ping_status":"closed","template":"","meta":[],"product_brand":[2847],"product_cat":[2077],"product_tag":[],"class_list":{"0":"post-749874","1":"product","2":"type-product","3":"status-publish","4":"has-post-thumbnail","6":"product_brand-bowman-pt","7":"product_cat-permutadores-de-calor-e-arrefecedores-a-oleo","9":"first","10":"instock","11":"shipping-taxable","12":"purchasable","13":"product-type-simple"},"_links":{"self":[{"href":"https:\/\/stoic-curie.212-227-153-4.plesk.page\/pt\/wp-json\/wp\/v2\/product\/749874","targetHints":{"allow":["GET"]}}],"collection":[{"href":"https:\/\/stoic-curie.212-227-153-4.plesk.page\/pt\/wp-json\/wp\/v2\/product"}],"about":[{"href":"https:\/\/stoic-curie.212-227-153-4.plesk.page\/pt\/wp-json\/wp\/v2\/types\/product"}],"replies":[{"embeddable":true,"href":"https:\/\/stoic-curie.212-227-153-4.plesk.page\/pt\/wp-json\/wp\/v2\/comments?post=749874"}],"version-history":[{"count":0,"href":"https:\/\/stoic-curie.212-227-153-4.plesk.page\/pt\/wp-json\/wp\/v2\/product\/749874\/revisions"}],"wp:featuredmedia":[{"embeddable":true,"href":"https:\/\/stoic-curie.212-227-153-4.plesk.page\/pt\/wp-json\/wp\/v2\/media\/5944952"}],"wp:attachment":[{"href":"https:\/\/stoic-curie.212-227-153-4.plesk.page\/pt\/wp-json\/wp\/v2\/media?parent=749874"}],"wp:term":[{"taxonomy":"product_brand","embeddable":true,"href":"https:\/\/stoic-curie.212-227-153-4.plesk.page\/pt\/wp-json\/wp\/v2\/product_brand?post=749874"},{"taxonomy":"product_cat","embeddable":true,"href":"https:\/\/stoic-curie.212-227-153-4.plesk.page\/pt\/wp-json\/wp\/v2\/product_cat?post=749874"},{"taxonomy":"product_tag","embeddable":true,"href":"https:\/\/stoic-curie.212-227-153-4.plesk.page\/pt\/wp-json\/wp\/v2\/product_tag?post=749874"}],"curies":[{"name":"wp","href":"https:\/\/api.w.org\/{rel}","templated":true}]}}