{"id":749878,"date":"2025-03-03T22:29:12","date_gmt":"2025-03-03T21:29:12","guid":{"rendered":"https:\/\/stoic-curie.212-227-153-4.plesk.page\/producto\/kit-de-junta-de-21430-orbitar-para-motores-marinhos-volvo-penta-md7a-b\/"},"modified":"2026-02-25T00:28:10","modified_gmt":"2026-02-25T00:28:10","slug":"kit-de-junta-de-21430-orbitar-para-motores-marinhos-volvo-penta-md7a-b","status":"publish","type":"product","link":"https:\/\/stoic-curie.212-227-153-4.plesk.page\/pt\/product\/kit-de-junta-de-21430-orbitar-para-motores-marinhos-volvo-penta-md7a-b\/","title":{"rendered":"Kit de junta de 21430 orbitar para motores marinhos Volvo Penta MD7A\/B"},"content":{"rendered":"<p>Kit de junta de 21430 orbitar para motores marinhos Volvo Penta MD7A\/B &#8211; <\/p>\n<div class=\"col-24 col-md-15\">\n<p>O conjunto de juntas de cabe\u00e7ote Orbitrade Marine foi projetado para substituir os n\u00fameros de pe\u00e7a Volvo 876430 e 875613. Este kit de juntas \u00e9 adequado para os motores mar\u00edtimos Volvo Penta MD7A (at\u00e9 MO -35144) e MD7B (at\u00e9 MO -35144).<\/p>\n<p>A junta de cabe\u00e7ote Orbitrade 21430 se encaixa entre o bloco do motor e a cabe\u00e7a do cilindro e \u00e9 projetada para garantir m\u00e1xima compress\u00e3o e prevenir vazamentos de \u00f3leo ou l\u00edquido de resfriamento nos cilindros.<\/p>\n<\/div>\n<h3>Especifica\u00e7\u00f5es<\/h3>\n<table class=\"table\">\n<tbody>\n<tr>\n<td><strong>Marca<\/strong><\/td>\n<td>Orbitrade Marine<\/td>\n<\/tr>\n<tr>\n<td><strong>Substitui<\/strong><\/td>\n<td>Volvo 876430 e 875613<\/td>\n<\/tr>\n<tr>\n<td><strong>Compatibilidade<\/strong><\/td>\n<td>Volvo Penta: MD7A &#038; MD7B (at\u00e9 MO -35144)<\/td>\n<\/tr>\n<\/tbody>\n<\/table>\n","protected":false},"excerpt":{"rendered":"<p>Kit de junta de 21430 orbitar para motores marinhos Volvo Penta MD7A\/B &#8211; O conjunto de juntas de cabe\u00e7ote Orbitrade<\/p>\n","protected":false},"featured_media":5944976,"comment_status":"open","ping_status":"closed","template":"","meta":[],"product_brand":[3227],"product_cat":[2116],"product_tag":[],"class_list":{"0":"post-749878","1":"product","2":"type-product","3":"status-publish","4":"has-post-thumbnail","6":"product_brand-orbitrade-marine-pt","7":"product_cat-pecas-para-motores-volvo-penta","9":"first","10":"instock","11":"shipping-taxable","12":"purchasable","13":"product-type-simple"},"_links":{"self":[{"href":"https:\/\/stoic-curie.212-227-153-4.plesk.page\/pt\/wp-json\/wp\/v2\/product\/749878","targetHints":{"allow":["GET"]}}],"collection":[{"href":"https:\/\/stoic-curie.212-227-153-4.plesk.page\/pt\/wp-json\/wp\/v2\/product"}],"about":[{"href":"https:\/\/stoic-curie.212-227-153-4.plesk.page\/pt\/wp-json\/wp\/v2\/types\/product"}],"replies":[{"embeddable":true,"href":"https:\/\/stoic-curie.212-227-153-4.plesk.page\/pt\/wp-json\/wp\/v2\/comments?post=749878"}],"version-history":[{"count":0,"href":"https:\/\/stoic-curie.212-227-153-4.plesk.page\/pt\/wp-json\/wp\/v2\/product\/749878\/revisions"}],"wp:featuredmedia":[{"embeddable":true,"href":"https:\/\/stoic-curie.212-227-153-4.plesk.page\/pt\/wp-json\/wp\/v2\/media\/5944976"}],"wp:attachment":[{"href":"https:\/\/stoic-curie.212-227-153-4.plesk.page\/pt\/wp-json\/wp\/v2\/media?parent=749878"}],"wp:term":[{"taxonomy":"product_brand","embeddable":true,"href":"https:\/\/stoic-curie.212-227-153-4.plesk.page\/pt\/wp-json\/wp\/v2\/product_brand?post=749878"},{"taxonomy":"product_cat","embeddable":true,"href":"https:\/\/stoic-curie.212-227-153-4.plesk.page\/pt\/wp-json\/wp\/v2\/product_cat?post=749878"},{"taxonomy":"product_tag","embeddable":true,"href":"https:\/\/stoic-curie.212-227-153-4.plesk.page\/pt\/wp-json\/wp\/v2\/product_tag?post=749878"}],"curies":[{"name":"wp","href":"https:\/\/api.w.org\/{rel}","templated":true}]}}