{"id":749879,"date":"2025-03-03T22:29:13","date_gmt":"2025-03-03T21:29:13","guid":{"rendered":"https:\/\/stoic-curie.212-227-153-4.plesk.page\/producto\/jabsco-neoprene-key-drive-pump-impeller-6-laminas-51mm-od-22mm-wide\/"},"modified":"2026-02-25T00:28:10","modified_gmt":"2026-02-25T00:28:10","slug":"jabsco-neoprene-key-drive-pump-impeller-6-laminas-51mm-od-22mm-wide","status":"publish","type":"product","link":"https:\/\/stoic-curie.212-227-153-4.plesk.page\/pt\/product\/jabsco-neoprene-key-drive-pump-impeller-6-laminas-51mm-od-22mm-wide\/","title":{"rendered":"Jabsco Neoprene Key Drive Pump Impeller (6 l\u00e2minas, 51mm OD, 22mm wide)"},"content":{"rendered":"<p>Jabsco Neoprene Key Drive Pump Impeller (6 l\u00e2minas, 51mm OD, 22mm wide) &#8211; O impulsor flex\u00edvel de neoprene Jabsco 22799-0001 possui 6 l\u00e2minas de impuls\u00e3o e um acionamento estriado, adequado para as bombas Jabsco 22790-1001 e 22790-1001. Os impulsores flex\u00edveis de neoprene Jabsco s\u00e3o usados para bombear \u00e1gua doce ou salgada; os impulsores de neoprene s\u00e3o o material mais comumente usado e s\u00e3o adequados para uso onde apenas pequenas quantidades de \u00f3leo ou combust\u00edvel a diesel est\u00e3o presentes. Os impulsores flex\u00edveis Jabsco s\u00e3o submetidos a rigorosos processos de qualidade para garantir desempenho confi\u00e1vel, eficiente e duradouro. Voc\u00ea deve substituir seus impulsores de bomba flex\u00edveis pelo menos uma vez por ano ou antes, dependendo do uso. Quando a instala\u00e7\u00e3o \u00e9 correta, um impulsor pode durar v\u00e1rios anos, mas \u00e9 sempre aconselh\u00e1vel seguir um cronograma de manuten\u00e7\u00e3o preventiva em vez de corretiva. O impulsor flex\u00edvel de neoprene Jabsco 22799-0001 substitui os seguintes impulsores: &#8211; Impulsor Ancor: 50016 &#8211; Impulsores Kohler: 229955 &#038; 250872 &#8211; Impulsor Jabsco: 22799-0001 &#8211; Impulsores Vetus: IMP00101 &#038; 101 &#8211; Impulsores Yanmar: 124223-42091, 124223-42092, 128296-42070 &#038; 128620-42200 &#8211; Impulsor Johnson: 09-827. Este impulsor tem um perfil G.<\/p>\n","protected":false},"excerpt":{"rendered":"<p>Jabsco Neoprene Key Drive Pump Impeller (6 l\u00e2minas, 51mm OD, 22mm wide) &#8211; O impulsor flex\u00edvel de neoprene Jabsco 22799-0001<\/p>\n","protected":false},"featured_media":5944977,"comment_status":"open","ping_status":"closed","template":"","meta":[],"product_brand":[3032],"product_cat":[2103],"product_tag":[],"class_list":{"0":"post-749879","1":"product","2":"type-product","3":"status-publish","4":"has-post-thumbnail","6":"product_brand-jabsco-marine-pt","7":"product_cat-pecas-para-motores-yanmar","9":"first","10":"instock","11":"shipping-taxable","12":"purchasable","13":"product-type-simple"},"_links":{"self":[{"href":"https:\/\/stoic-curie.212-227-153-4.plesk.page\/pt\/wp-json\/wp\/v2\/product\/749879","targetHints":{"allow":["GET"]}}],"collection":[{"href":"https:\/\/stoic-curie.212-227-153-4.plesk.page\/pt\/wp-json\/wp\/v2\/product"}],"about":[{"href":"https:\/\/stoic-curie.212-227-153-4.plesk.page\/pt\/wp-json\/wp\/v2\/types\/product"}],"replies":[{"embeddable":true,"href":"https:\/\/stoic-curie.212-227-153-4.plesk.page\/pt\/wp-json\/wp\/v2\/comments?post=749879"}],"version-history":[{"count":0,"href":"https:\/\/stoic-curie.212-227-153-4.plesk.page\/pt\/wp-json\/wp\/v2\/product\/749879\/revisions"}],"wp:featuredmedia":[{"embeddable":true,"href":"https:\/\/stoic-curie.212-227-153-4.plesk.page\/pt\/wp-json\/wp\/v2\/media\/5944977"}],"wp:attachment":[{"href":"https:\/\/stoic-curie.212-227-153-4.plesk.page\/pt\/wp-json\/wp\/v2\/media?parent=749879"}],"wp:term":[{"taxonomy":"product_brand","embeddable":true,"href":"https:\/\/stoic-curie.212-227-153-4.plesk.page\/pt\/wp-json\/wp\/v2\/product_brand?post=749879"},{"taxonomy":"product_cat","embeddable":true,"href":"https:\/\/stoic-curie.212-227-153-4.plesk.page\/pt\/wp-json\/wp\/v2\/product_cat?post=749879"},{"taxonomy":"product_tag","embeddable":true,"href":"https:\/\/stoic-curie.212-227-153-4.plesk.page\/pt\/wp-json\/wp\/v2\/product_tag?post=749879"}],"curies":[{"name":"wp","href":"https:\/\/api.w.org\/{rel}","templated":true}]}}