{"id":749880,"date":"2025-03-03T22:29:13","date_gmt":"2025-03-03T21:29:13","guid":{"rendered":"https:\/\/stoic-curie.212-227-153-4.plesk.page\/producto\/mangueira-de-combustivel-seaflow-superflex-iso-7840-a1-38mm\/"},"modified":"2026-02-25T00:28:10","modified_gmt":"2026-02-25T00:28:10","slug":"mangueira-de-combustivel-seaflow-superflex-iso-7840-a1-38mm","status":"publish","type":"product","link":"https:\/\/stoic-curie.212-227-153-4.plesk.page\/pt\/product\/mangueira-de-combustivel-seaflow-superflex-iso-7840-a1-38mm\/","title":{"rendered":"Mangueira de combust\u00edvel SeaFlow Superflex ISO 7840 A1 38mm"},"content":{"rendered":"<p>Mangueira de combust\u00edvel SeaFlow Superflex ISO 7840 A1 38mm &#8211; A mangueira de transfer\u00eancia de combust\u00edvel marinho Seaflow superflex \u00e9 adequada para diesel e gasolina sem chumbo. Esta mangueira de combust\u00edvel pode ser utilizada em linhas de abastecimento e retorno de combust\u00edvel, ventila\u00e7\u00e3o de tanques de combust\u00edvel e enchimento de tanques de combust\u00edvel, assim como em outras aplica\u00e7\u00f5es em \u00e1reas com risco de inc\u00eandio. Esta mangueira \u00e9 fabricada especificamente para atender aos requisitos da ISO 7840 A1, o que significa que \u00e9 resistente ao fogo por pelo menos 2 minutos.<\/p>\n<p>Esta mangueira de combust\u00edvel Seaflow apresenta uma capa em borracha sint\u00e9tica preta refor\u00e7ada com t\u00eaxteis e arame de a\u00e7o, que \u00e9 resistente a chamas, abras\u00f5es, oz\u00f4nio, intemp\u00e9ries, calor e \u00f3leo. O tubo interno \u00e9 liso e constru\u00eddo de borracha preta NBR, que aprisiona at\u00e9 50% dos odores de combust\u00edveis. Esta mangueira de combust\u00edvel tamb\u00e9m \u00e9 extremamente flex\u00edvel e leve, permitindo uma instala\u00e7\u00e3o f\u00e1cil.<\/p>\n<p>Esta mangueira de combust\u00edvel Seaflow superflex est\u00e1 dispon\u00edvel em di\u00e2metros internos de 25 mm, 32 mm, 38 mm e 51 mm, e \u00e9 vendida por metro. \u00c9 cortada de um rolo de 20 metros, portanto, pedidos de mais do que isso n\u00e3o ser\u00e3o fornecidos em um \u00fanico comprimento de mangueira. Rolo completo tamb\u00e9m est\u00e1 dispon\u00edvel para compra.<\/p>\n<h3>Especifica\u00e7\u00f5es<\/h3>\n<table class=\"table\">\n<tbody>\n<tr>\n<td><strong>Aprova\u00e7\u00f5es<\/strong><\/td>\n<td>Aprovado pela ISO7840 A1. Aprovado pela CE, RINA e Lloyd&#8217;s.<\/td>\n<\/tr>\n<tr>\n<td><strong>Faixa de Temperatura<\/strong><\/td>\n<td>-20\u00b0C a +100\u00b0C<\/td>\n<\/tr>\n<tr>\n<td><strong>Press\u00e3o de Trabalho<\/strong><\/td>\n<td>36 PSI (2,5 bar)<\/td>\n<\/tr>\n<tr>\n<td><strong>Marca<\/strong><\/td>\n<td>Seaflow<\/td>\n<\/tr>\n<tr>\n<td><strong>Unidade de Venda<\/strong><\/td>\n<td>Por Metro<\/td>\n<\/tr>\n<tr>\n<td><strong>Raio de Curvatura<\/strong><\/td>\n<td>190 mm<\/td>\n<\/tr>\n<tr>\n<td><strong>Press\u00e3o de Estouro<\/strong><\/td>\n<td>145 PSI (10 bar)<\/td>\n<\/tr>\n<tr>\n<td><strong>Constru\u00e7\u00e3o<\/strong><\/td>\n<td>Capa de borracha sint\u00e9tica resistente ao fogo com tubo interno de borracha NBR lisa. O tubo \u00e9 refor\u00e7ado com fios de a\u00e7o e fios sint\u00e9ticos.<\/td>\n<\/tr>\n<tr>\n<td><strong>Di\u00e2metro<\/strong><\/td>\n<td>38 mm (1-1\/2&#8243;) ID, 50 mm OD<\/td>\n<\/tr>\n<tr>\n<td><strong>V\u00e1cuo<\/strong><\/td>\n<td>11 PSI (0,8 bar)<\/td>\n<\/tr>\n<\/tbody>\n<\/table>\n","protected":false},"excerpt":{"rendered":"<p>Mangueira de combust\u00edvel SeaFlow Superflex ISO 7840 A1 38mm &#8211; A mangueira de transfer\u00eancia de combust\u00edvel marinho Seaflow superflex \u00e9<\/p>\n","protected":false},"featured_media":5944978,"comment_status":"open","ping_status":"closed","template":"","meta":[],"product_brand":[3357],"product_cat":[2086],"product_tag":[],"class_list":{"0":"post-749880","1":"product","2":"type-product","3":"status-publish","4":"has-post-thumbnail","6":"product_brand-seaflow-pt","7":"product_cat-mangueira-de-combustivel","9":"first","10":"instock","11":"shipping-taxable","12":"purchasable","13":"product-type-simple"},"_links":{"self":[{"href":"https:\/\/stoic-curie.212-227-153-4.plesk.page\/pt\/wp-json\/wp\/v2\/product\/749880","targetHints":{"allow":["GET"]}}],"collection":[{"href":"https:\/\/stoic-curie.212-227-153-4.plesk.page\/pt\/wp-json\/wp\/v2\/product"}],"about":[{"href":"https:\/\/stoic-curie.212-227-153-4.plesk.page\/pt\/wp-json\/wp\/v2\/types\/product"}],"replies":[{"embeddable":true,"href":"https:\/\/stoic-curie.212-227-153-4.plesk.page\/pt\/wp-json\/wp\/v2\/comments?post=749880"}],"version-history":[{"count":0,"href":"https:\/\/stoic-curie.212-227-153-4.plesk.page\/pt\/wp-json\/wp\/v2\/product\/749880\/revisions"}],"wp:featuredmedia":[{"embeddable":true,"href":"https:\/\/stoic-curie.212-227-153-4.plesk.page\/pt\/wp-json\/wp\/v2\/media\/5944978"}],"wp:attachment":[{"href":"https:\/\/stoic-curie.212-227-153-4.plesk.page\/pt\/wp-json\/wp\/v2\/media?parent=749880"}],"wp:term":[{"taxonomy":"product_brand","embeddable":true,"href":"https:\/\/stoic-curie.212-227-153-4.plesk.page\/pt\/wp-json\/wp\/v2\/product_brand?post=749880"},{"taxonomy":"product_cat","embeddable":true,"href":"https:\/\/stoic-curie.212-227-153-4.plesk.page\/pt\/wp-json\/wp\/v2\/product_cat?post=749880"},{"taxonomy":"product_tag","embeddable":true,"href":"https:\/\/stoic-curie.212-227-153-4.plesk.page\/pt\/wp-json\/wp\/v2\/product_tag?post=749880"}],"curies":[{"name":"wp","href":"https:\/\/api.w.org\/{rel}","templated":true}]}}