{"id":749882,"date":"2025-03-03T22:29:14","date_gmt":"2025-03-03T21:29:14","guid":{"rendered":"https:\/\/stoic-curie.212-227-153-4.plesk.page\/producto\/saida-do-tanque-de-aco-inoxidavel-roca-mangueira-de-16mm-angular\/"},"modified":"2026-02-25T00:28:10","modified_gmt":"2026-02-25T00:28:10","slug":"saida-do-tanque-de-aco-inoxidavel-roca-mangueira-de-16mm-angular","status":"publish","type":"product","link":"https:\/\/stoic-curie.212-227-153-4.plesk.page\/pt\/product\/saida-do-tanque-de-aco-inoxidavel-roca-mangueira-de-16mm-angular\/","title":{"rendered":"Sa\u00edda do tanque de a\u00e7o inoxid\u00e1vel Roca (mangueira de 16mm \/ angular)"},"content":{"rendered":"<p>Sa\u00edda do tanque de a\u00e7o inoxid\u00e1vel Roca (mangueira de 16mm \/ angular) &#8211; <\/p>\n<div class=\"col-24 col-md-15\">\n<p>O ventilador de tanque com \u00e2ngulo Roca, fabricado em a\u00e7o inoxid\u00e1vel 316, conta com uma tela retardante de chama intercambi\u00e1vel e um protetor contra respingos ajust\u00e1vel. Este ventilador de tanque Roca \u00e9 montado na superf\u00edcie e tem espa\u00e7o para duas bra\u00e7adeiras.<\/p>\n<\/div>\n<h3>Especifica\u00e7\u00f5es<\/h3>\n<table class=\"table\">\n<tbody>\n<tr>\n<td><strong>Comprimento<\/strong><\/td>\n<td>Conex\u00e3o da mangueira &#8211; 93mm<\/td>\n<\/tr>\n<tr>\n<td><strong>Largura<\/strong><\/td>\n<td>Placa de montagem &#8211; 66mm<\/td>\n<\/tr>\n<tr>\n<td><strong>Marca<\/strong><\/td>\n<td>Roca<\/td>\n<\/tr>\n<tr>\n<td><strong>Dispositivo de bloqueio de chama<\/strong><\/td>\n<td>Sim<\/td>\n<\/tr>\n<tr>\n<td><strong>Constru\u00e7\u00e3o<\/strong><\/td>\n<td>A\u00e7o inoxid\u00e1vel 316<\/td>\n<\/tr>\n<tr>\n<td><strong>Tamanho da mangueira<\/strong><\/td>\n<td>16mm \/ 5\/8&#8243; Mangueira<\/td>\n<\/tr>\n<tr>\n<td><strong>Modelo<\/strong><\/td>\n<td>482000<\/td>\n<\/tr>\n<tr>\n<td><strong>Forma<\/strong><\/td>\n<td>Redonda<\/td>\n<\/tr>\n<\/tbody>\n<\/table>\n","protected":false},"excerpt":{"rendered":"<p>Sa\u00edda do tanque de a\u00e7o inoxid\u00e1vel Roca (mangueira de 16mm \/ angular) &#8211; O ventilador de tanque com \u00e2ngulo Roca,<\/p>\n","protected":false},"featured_media":5944980,"comment_status":"open","ping_status":"closed","template":"","meta":[],"product_brand":[3317],"product_cat":[1986,2087],"product_tag":[],"class_list":{"0":"post-749882","1":"product","2":"type-product","3":"status-publish","4":"has-post-thumbnail","6":"product_brand-roca-marine-pt","7":"product_cat-respiradores","8":"product_cat-tanques-de-combustivel","10":"first","11":"instock","12":"shipping-taxable","13":"purchasable","14":"product-type-simple"},"_links":{"self":[{"href":"https:\/\/stoic-curie.212-227-153-4.plesk.page\/pt\/wp-json\/wp\/v2\/product\/749882","targetHints":{"allow":["GET"]}}],"collection":[{"href":"https:\/\/stoic-curie.212-227-153-4.plesk.page\/pt\/wp-json\/wp\/v2\/product"}],"about":[{"href":"https:\/\/stoic-curie.212-227-153-4.plesk.page\/pt\/wp-json\/wp\/v2\/types\/product"}],"replies":[{"embeddable":true,"href":"https:\/\/stoic-curie.212-227-153-4.plesk.page\/pt\/wp-json\/wp\/v2\/comments?post=749882"}],"version-history":[{"count":0,"href":"https:\/\/stoic-curie.212-227-153-4.plesk.page\/pt\/wp-json\/wp\/v2\/product\/749882\/revisions"}],"wp:featuredmedia":[{"embeddable":true,"href":"https:\/\/stoic-curie.212-227-153-4.plesk.page\/pt\/wp-json\/wp\/v2\/media\/5944980"}],"wp:attachment":[{"href":"https:\/\/stoic-curie.212-227-153-4.plesk.page\/pt\/wp-json\/wp\/v2\/media?parent=749882"}],"wp:term":[{"taxonomy":"product_brand","embeddable":true,"href":"https:\/\/stoic-curie.212-227-153-4.plesk.page\/pt\/wp-json\/wp\/v2\/product_brand?post=749882"},{"taxonomy":"product_cat","embeddable":true,"href":"https:\/\/stoic-curie.212-227-153-4.plesk.page\/pt\/wp-json\/wp\/v2\/product_cat?post=749882"},{"taxonomy":"product_tag","embeddable":true,"href":"https:\/\/stoic-curie.212-227-153-4.plesk.page\/pt\/wp-json\/wp\/v2\/product_tag?post=749882"}],"curies":[{"name":"wp","href":"https:\/\/api.w.org\/{rel}","templated":true}]}}