{"id":749884,"date":"2025-03-03T22:29:15","date_gmt":"2025-03-03T21:29:15","guid":{"rendered":"https:\/\/stoic-curie.212-227-153-4.plesk.page\/producto\/mangueira-de-escape-umida-marinha-de-seaflow-89mm\/"},"modified":"2026-02-25T00:28:10","modified_gmt":"2026-02-25T00:28:10","slug":"mangueira-de-escape-umida-marinha-de-seaflow-89mm","status":"publish","type":"product","link":"https:\/\/stoic-curie.212-227-153-4.plesk.page\/pt\/product\/mangueira-de-escape-umida-marinha-de-seaflow-89mm\/","title":{"rendered":"Mangueira de escape \u00famida marinha de SeaFlow 89mm"},"content":{"rendered":"<p>Mangueira de escape \u00famida marinha de SeaFlow 89mm &#8211; <\/p>\n<div class=\"col-24 col-md-15\">\n<p>A mangueira de escape marinha Seaflow Superflex de 89 mm \u00e9 adequada para a libera\u00e7\u00e3o de gases de escape e para o uso em sistemas de aquecimento e refrigera\u00e7\u00e3o de embarca\u00e7\u00f5es. A mangueira \u00e9 adequada somente para sistemas de escape \u00famido e \u00e9 vendida em metros.<\/p>\n<p>A mangueira de escape marinha \u00e9 robusta e extremamente flex\u00edvel, o que facilita a instala\u00e7\u00e3o.<\/p>\n<p>A mangueira de escape Seaflow est\u00e1 aprovada pelas especifica\u00e7\u00f5es do R.I.N.A. e da LLOYD&#8217;s.<\/p>\n<p>Essa mangueira pode substituir a mangueira de escape marinha Volvo Penta 1140667.<\/p>\n<p><style id=\"1\" name=\"Bold\" type=\"2\"><![CDATA[Constru\u00e7\u00e3o da Mangueira de Escape Marinha Seaflow]]><\/style>\n<\/p>\n<p>O tubo interno da mangueira \u00e9 feito de borracha NBR preta, resistente a \u00f3leo, combust\u00edvel, \u00e1gua do mar e queima de g\u00e1s. A cobertura \u00e9 feita de borracha NBR\/CR preta, resistente \u00e0 abras\u00e3o, oz\u00f4nio, condi\u00e7\u00f5es clim\u00e1ticas, calor e \u00f3leo. A mangueira de admiss\u00e3o possui refor\u00e7os de tecido sint\u00e9tico e um refor\u00e7o espiral de arame de a\u00e7o. A superf\u00edcie \u00e9 ondulada com um acabamento de tecido e impressa com as palavras &#8220;EUROCORD MARINGAS \/ HD &#8211; R.I.N.A. No&#8230; SAE J 2006:03 &#8211; CERTIFICADO APROVADO PELA LLOYDS&#8230; NR. 02\/00029&#8221;.<\/p>\n<p>A mangueira de escape marinha Seaflow Superflex \u00e9 vendida em metros e cortada na extens\u00e3o total solicitada. Tamb\u00e9m vendemos pe\u00e7as de mangueira Seaflow separadas (sujeito \u00e0 disponibilidade) e bobinas de 10 m que oferecem economia adicional.<\/p>\n<p>Essa mangueira de escape est\u00e1 dispon\u00edvel em v\u00e1rios tamanhos de di\u00e2metro interno, variando de 19 mm a 203 mm, para se adequar ao seu sistema de escape.<\/p>\n<\/div>\n<h3>Especifica\u00e7\u00f5es<\/h3>\n<table class=\"table\">\n<tbody>\n<tr>\n<td><strong>Aprova\u00e7\u00f5es<\/strong><\/td>\n<td>Aprovada de acordo com as especifica\u00e7\u00f5es R.I.N.A. &#038; Lloyd&#8217;s.<\/td>\n<\/tr>\n<tr>\n<td><strong>Faixa de temperatura<\/strong><\/td>\n<td>-30\u00b0C a +100\u00b0C<\/td>\n<\/tr>\n<tr>\n<td><strong>Press\u00e3o de trabalho<\/strong><\/td>\n<td>43,5 PSI (3 bar)<\/td>\n<\/tr>\n<tr>\n<td><strong>Marca<\/strong><\/td>\n<td>Seaflow<\/td>\n<\/tr>\n<tr>\n<td><strong>Unidade de venda<\/strong><\/td>\n<td>Por metro<\/td>\n<\/tr>\n<tr>\n<td><strong>Raio de curvatura<\/strong><\/td>\n<td>360 mm<\/td>\n<\/tr>\n<tr>\n<td><strong>Press\u00e3o de ruptura<\/strong><\/td>\n<td>130 PSI (9 bar)<\/td>\n<\/tr>\n<tr>\n<td><strong>Constru\u00e7\u00e3o<\/strong><\/td>\n<td>Tubo interno de borracha NBR liso com revestimento NBR\/CR. Refor\u00e7os de tecidos sint\u00e9ticos e espiral de a\u00e7o.<\/td>\n<\/tr>\n<tr>\n<td><strong>Di\u00e2metro<\/strong><\/td>\n<td>89mm (3-1\/2&#8243;) ID, 102mm OD<\/td>\n<\/tr>\n<tr>\n<td><strong>Substitui<\/strong><\/td>\n<td>Volvo Penta 1140667<\/td>\n<\/tr>\n<tr>\n<td><strong>Idoneidade<\/strong><\/td>\n<td>Apenas para Sistemas de Escape \u00damido<\/td>\n<\/tr>\n<\/tbody>\n<\/table>\n","protected":false},"excerpt":{"rendered":"<p>Mangueira de escape \u00famida marinha de SeaFlow 89mm &#8211; A mangueira de escape marinha Seaflow Superflex de 89 mm \u00e9<\/p>\n","protected":false},"featured_media":5944985,"comment_status":"open","ping_status":"closed","template":"","meta":[],"product_brand":[3357],"product_cat":[2079],"product_tag":[],"class_list":{"0":"post-749884","1":"product","2":"type-product","3":"status-publish","4":"has-post-thumbnail","6":"product_brand-seaflow-pt","7":"product_cat-mangueiras-de-escape","9":"first","10":"instock","11":"shipping-taxable","12":"purchasable","13":"product-type-simple"},"_links":{"self":[{"href":"https:\/\/stoic-curie.212-227-153-4.plesk.page\/pt\/wp-json\/wp\/v2\/product\/749884","targetHints":{"allow":["GET"]}}],"collection":[{"href":"https:\/\/stoic-curie.212-227-153-4.plesk.page\/pt\/wp-json\/wp\/v2\/product"}],"about":[{"href":"https:\/\/stoic-curie.212-227-153-4.plesk.page\/pt\/wp-json\/wp\/v2\/types\/product"}],"replies":[{"embeddable":true,"href":"https:\/\/stoic-curie.212-227-153-4.plesk.page\/pt\/wp-json\/wp\/v2\/comments?post=749884"}],"version-history":[{"count":0,"href":"https:\/\/stoic-curie.212-227-153-4.plesk.page\/pt\/wp-json\/wp\/v2\/product\/749884\/revisions"}],"wp:featuredmedia":[{"embeddable":true,"href":"https:\/\/stoic-curie.212-227-153-4.plesk.page\/pt\/wp-json\/wp\/v2\/media\/5944985"}],"wp:attachment":[{"href":"https:\/\/stoic-curie.212-227-153-4.plesk.page\/pt\/wp-json\/wp\/v2\/media?parent=749884"}],"wp:term":[{"taxonomy":"product_brand","embeddable":true,"href":"https:\/\/stoic-curie.212-227-153-4.plesk.page\/pt\/wp-json\/wp\/v2\/product_brand?post=749884"},{"taxonomy":"product_cat","embeddable":true,"href":"https:\/\/stoic-curie.212-227-153-4.plesk.page\/pt\/wp-json\/wp\/v2\/product_cat?post=749884"},{"taxonomy":"product_tag","embeddable":true,"href":"https:\/\/stoic-curie.212-227-153-4.plesk.page\/pt\/wp-json\/wp\/v2\/product_tag?post=749884"}],"curies":[{"name":"wp","href":"https:\/\/api.w.org\/{rel}","templated":true}]}}