{"id":749885,"date":"2025-03-03T22:29:15","date_gmt":"2025-03-03T21:29:15","guid":{"rendered":"https:\/\/stoic-curie.212-227-153-4.plesk.page\/producto\/mangueira-de-escape-umida-marinha-de-seaflow-102mm\/"},"modified":"2026-02-25T00:28:10","modified_gmt":"2026-02-25T00:28:10","slug":"mangueira-de-escape-umida-marinha-de-seaflow-102mm","status":"publish","type":"product","link":"https:\/\/stoic-curie.212-227-153-4.plesk.page\/pt\/product\/mangueira-de-escape-umida-marinha-de-seaflow-102mm\/","title":{"rendered":"Mangueira de escape \u00famida marinha de SeaFlow 102mm"},"content":{"rendered":"<p>Mangueira de escape \u00famida marinha de SeaFlow 102mm &#8211; <\/p>\n<div class=\"col-24 col-md-15\">\n<p>A mangueira de escape marinho Seaflow Superflex de 102 mm \u00e9 adequada para descarregar gases de escape e para os sistemas de aquecimento e resfriamento das embarca\u00e7\u00f5es. A mangueira de escape marinho Seaflow \u00e9 adequada apenas para sistemas de escape \u00famidos e \u00e9 vendida por metro.<\/p>\n<p>A mangueira de escape marinho n\u00e3o \u00e9 apenas resistente, mas tamb\u00e9m extremamente flex\u00edvel, o que facilita ao m\u00e1ximo a instala\u00e7\u00e3o.<\/p>\n<p>A mangueira de escape Seaflow \u00e9 aprovada de acordo com as especifica\u00e7\u00f5es da R.I.N.A. e da LLOYD&#8217;s.<\/p>\n<p>Esta mangueira de escape pode substituir a mangueira de escape \u00famido marinho Volvo Penta 1140668.<\/p>\n<p><style id=\"1\" name=\"Bold\" type=\"2\"><![CDATA[Constru\u00e7\u00e3o da Mangueira de Escape Marinho Seaflow]]><\/style>\n<\/p>\n<p>O tubo interno da mangueira \u00e9 feito de borracha preta NBR, resistente a \u00f3leo, combust\u00edvel, \u00e1gua do mar e gases em combust\u00e3o. A capa \u00e9 feita de borracha preta NBR\/CR, resistente \u00e0 abras\u00e3o, oz\u00f4nio, intemp\u00e9ries, calor e \u00f3leo. A mangueira de entrada possui refor\u00e7os de tecido t\u00eaxtil sint\u00e9tico e uma refor\u00e7o em espiral de cabo de a\u00e7o. A superf\u00edcie da mangueira \u00e9 corrugada com um acabamento de tecido e impressa com o texto de transfer\u00eancia azul &#8220;EUROCORD MARINGAS \/ HD &#8211; R.I.N.A. No&#8230; SAE J 2006:03 &#8211; LLOYDS&#8217; APPROVED CERT&#8230; NR. 02\/00029&#8221;.<\/p>\n<p>A mangueira de escape marinho Seaflow Superflex \u00e9 vendida por metro e cortada para o comprimento total encomendado. Tamb\u00e9m vendemos mangueira de escape marinho Seaflow em peda\u00e7os separados (sujeito \u00e0 disponibilidade), rolos de 10 m e rolos completos de 20 m que incluem economias adicionais.<\/p>\n<p>Esta mangueira de escape marinho Seaflow est\u00e1 dispon\u00edvel em v\u00e1rios tamanhos de di\u00e2metro interno, variando de 19 mm a 203 mm para se ajustar ao seu sistema de escape.<\/p>\n<\/p><\/div>\n<h3>Especifica\u00e7\u00f5es<\/h3>\n<table class=\"table\">\n<tbody>\n<tr>\n<td><strong>Aprova\u00e7\u00f5es<\/strong><\/td>\n<td>Aprovado de acordo com as especifica\u00e7\u00f5es da R.I.N.A. &#038; da LLOYD&#8217;s.<\/td>\n<\/tr>\n<tr>\n<td><strong>Faixa de Temperatura<\/strong><\/td>\n<td>-30\u00b0C a +100\u00b0C<\/td>\n<\/tr>\n<tr>\n<td><strong>Press\u00e3o de Trabalho<\/strong><\/td>\n<td>43,5 PSI (3 bar)<\/td>\n<\/tr>\n<tr>\n<td><strong>Marca<\/strong><\/td>\n<td>Seaflow<\/td>\n<\/tr>\n<tr>\n<td><strong>Unidade de Venda<\/strong><\/td>\n<td>Por Metro<\/td>\n<\/tr>\n<tr>\n<td><strong>Raio de Curvatura<\/strong><\/td>\n<td>400 mm<\/td>\n<\/tr>\n<tr>\n<td><strong>Press\u00e3o de Ruptura<\/strong><\/td>\n<td>130 PSI (9 bar)<\/td>\n<\/tr>\n<tr>\n<td><strong>Konstrukcija<\/strong><\/td>\n<td>Interior de borracha NBR lisa com revestimento NBR\/CR. Refor\u00e7ado com tecidos sint\u00e9ticos e espirais de a\u00e7o.<\/td>\n<\/tr>\n<tr>\n<td><strong>Di\u00e2metro<\/strong><\/td>\n<td>102 mm (4&#8243;) ID, 112 mm OD<\/td>\n<\/tr>\n<tr>\n<td><strong>Substitui<\/strong><\/td>\n<td>Volvo Penta 1140668<\/td>\n<\/tr>\n<tr>\n<td><strong>Compatibilidade<\/strong><\/td>\n<td>Apenas para sistemas de escape \u00famidos<\/td>\n<\/tr>\n<\/tbody>\n<\/table>\n","protected":false},"excerpt":{"rendered":"<p>Mangueira de escape \u00famida marinha de SeaFlow 102mm &#8211; A mangueira de escape marinho Seaflow Superflex de 102 mm \u00e9<\/p>\n","protected":false},"featured_media":5944986,"comment_status":"open","ping_status":"closed","template":"","meta":[],"product_brand":[3357],"product_cat":[2079],"product_tag":[],"class_list":{"0":"post-749885","1":"product","2":"type-product","3":"status-publish","4":"has-post-thumbnail","6":"product_brand-seaflow-pt","7":"product_cat-mangueiras-de-escape","9":"first","10":"instock","11":"shipping-taxable","12":"purchasable","13":"product-type-simple"},"_links":{"self":[{"href":"https:\/\/stoic-curie.212-227-153-4.plesk.page\/pt\/wp-json\/wp\/v2\/product\/749885","targetHints":{"allow":["GET"]}}],"collection":[{"href":"https:\/\/stoic-curie.212-227-153-4.plesk.page\/pt\/wp-json\/wp\/v2\/product"}],"about":[{"href":"https:\/\/stoic-curie.212-227-153-4.plesk.page\/pt\/wp-json\/wp\/v2\/types\/product"}],"replies":[{"embeddable":true,"href":"https:\/\/stoic-curie.212-227-153-4.plesk.page\/pt\/wp-json\/wp\/v2\/comments?post=749885"}],"version-history":[{"count":0,"href":"https:\/\/stoic-curie.212-227-153-4.plesk.page\/pt\/wp-json\/wp\/v2\/product\/749885\/revisions"}],"wp:featuredmedia":[{"embeddable":true,"href":"https:\/\/stoic-curie.212-227-153-4.plesk.page\/pt\/wp-json\/wp\/v2\/media\/5944986"}],"wp:attachment":[{"href":"https:\/\/stoic-curie.212-227-153-4.plesk.page\/pt\/wp-json\/wp\/v2\/media?parent=749885"}],"wp:term":[{"taxonomy":"product_brand","embeddable":true,"href":"https:\/\/stoic-curie.212-227-153-4.plesk.page\/pt\/wp-json\/wp\/v2\/product_brand?post=749885"},{"taxonomy":"product_cat","embeddable":true,"href":"https:\/\/stoic-curie.212-227-153-4.plesk.page\/pt\/wp-json\/wp\/v2\/product_cat?post=749885"},{"taxonomy":"product_tag","embeddable":true,"href":"https:\/\/stoic-curie.212-227-153-4.plesk.page\/pt\/wp-json\/wp\/v2\/product_tag?post=749885"}],"curies":[{"name":"wp","href":"https:\/\/api.w.org\/{rel}","templated":true}]}}