{"id":749886,"date":"2025-03-03T22:29:15","date_gmt":"2025-03-03T21:29:15","guid":{"rendered":"https:\/\/stoic-curie.212-227-153-4.plesk.page\/producto\/mangueira-de-escape-umida-marinha-de-seaflow-110mm\/"},"modified":"2026-02-25T00:28:10","modified_gmt":"2026-02-25T00:28:10","slug":"mangueira-de-escape-umida-marinha-de-seaflow-110mm","status":"publish","type":"product","link":"https:\/\/stoic-curie.212-227-153-4.plesk.page\/pt\/product\/mangueira-de-escape-umida-marinha-de-seaflow-110mm\/","title":{"rendered":"Mangueira de escape \u00famida marinha de SeaFlow 110mm"},"content":{"rendered":"<p>Mangueira de escape \u00famida marinha de SeaFlow 110mm &#8211; A mangueira de escape marinho Seaflow Superflex de 110 mm \u00e9 adequada para a descarga de gases de escape, utilizada no sistema de aquecimento e refrigera\u00e7\u00e3o da embarca\u00e7\u00e3o. A mangueira de escape marinha Seaflow \u00e9 adequada apenas para sistemas de escape \u00famidos e \u00e9 vendida por metro. A mangueira de escape marinha n\u00e3o \u00e9 apenas robusta, mas tamb\u00e9m extremamente flex\u00edvel, facilitando a instala\u00e7\u00e3o o m\u00e1ximo poss\u00edvel. A mangueira de escape Seaflow \u00e9 aprovada segundo as especifica\u00e7\u00f5es da R.I.N.A. e da LLOYD&#8217;s. O tubo interno da mangueira \u00e9 feito de borracha preta NBR, resistente a \u00f3leo, combust\u00edvel, \u00e1gua do mar e combust\u00e3o de g\u00e1s. A cobertura \u00e9 feita de borracha preta NBR\/CR, resistente \u00e0 abras\u00e3o, oz\u00f4nio, intemp\u00e9ries, calor e \u00f3leo. A mangueira de entrada apresenta refor\u00e7os de tecido sint\u00e9tico e um refor\u00e7o espiral de a\u00e7o. A superf\u00edcie da mangueira \u00e9 corrugada com um acabamento em tecido e impressa com as palavras em azul &#8220;EUROCORD MARINGAS \/ HD &#8211; R.I.N.A. No&#8230; SAE J 2006:03 &#8211; LLOYDS&#8217; APPROVED CERT&#8230; NR. 02\/00029&#8221;. A mangueira de escape marinha Seaflow Superflex \u00e9 vendida por metro e cortada na medida total solicitada. N\u00f3s tamb\u00e9m vendemos mangueiras de escape marinhas Seaflow em cortes separados (sujeito \u00e0 disponibilidade) e bobinas de 10 m que oferecem economia adicional. Esta mangueira de escape marinha Seaflow est\u00e1 dispon\u00edvel em v\u00e1rios tamanhos de di\u00e2metro interno entre 19 mm e 203 mm para se ajustar ao seu sistema de escape.<\/p>\n","protected":false},"excerpt":{"rendered":"<p>Mangueira de escape \u00famida marinha de SeaFlow 110mm &#8211; A mangueira de escape marinho Seaflow Superflex de 110 mm \u00e9<\/p>\n","protected":false},"featured_media":5944987,"comment_status":"open","ping_status":"closed","template":"","meta":[],"product_brand":[3357],"product_cat":[2079],"product_tag":[],"class_list":{"0":"post-749886","1":"product","2":"type-product","3":"status-publish","4":"has-post-thumbnail","6":"product_brand-seaflow-pt","7":"product_cat-mangueiras-de-escape","9":"first","10":"instock","11":"shipping-taxable","12":"purchasable","13":"product-type-simple"},"_links":{"self":[{"href":"https:\/\/stoic-curie.212-227-153-4.plesk.page\/pt\/wp-json\/wp\/v2\/product\/749886","targetHints":{"allow":["GET"]}}],"collection":[{"href":"https:\/\/stoic-curie.212-227-153-4.plesk.page\/pt\/wp-json\/wp\/v2\/product"}],"about":[{"href":"https:\/\/stoic-curie.212-227-153-4.plesk.page\/pt\/wp-json\/wp\/v2\/types\/product"}],"replies":[{"embeddable":true,"href":"https:\/\/stoic-curie.212-227-153-4.plesk.page\/pt\/wp-json\/wp\/v2\/comments?post=749886"}],"version-history":[{"count":0,"href":"https:\/\/stoic-curie.212-227-153-4.plesk.page\/pt\/wp-json\/wp\/v2\/product\/749886\/revisions"}],"wp:featuredmedia":[{"embeddable":true,"href":"https:\/\/stoic-curie.212-227-153-4.plesk.page\/pt\/wp-json\/wp\/v2\/media\/5944987"}],"wp:attachment":[{"href":"https:\/\/stoic-curie.212-227-153-4.plesk.page\/pt\/wp-json\/wp\/v2\/media?parent=749886"}],"wp:term":[{"taxonomy":"product_brand","embeddable":true,"href":"https:\/\/stoic-curie.212-227-153-4.plesk.page\/pt\/wp-json\/wp\/v2\/product_brand?post=749886"},{"taxonomy":"product_cat","embeddable":true,"href":"https:\/\/stoic-curie.212-227-153-4.plesk.page\/pt\/wp-json\/wp\/v2\/product_cat?post=749886"},{"taxonomy":"product_tag","embeddable":true,"href":"https:\/\/stoic-curie.212-227-153-4.plesk.page\/pt\/wp-json\/wp\/v2\/product_tag?post=749886"}],"curies":[{"name":"wp","href":"https:\/\/api.w.org\/{rel}","templated":true}]}}