{"id":749887,"date":"2025-03-03T22:29:16","date_gmt":"2025-03-03T21:29:16","guid":{"rendered":"https:\/\/stoic-curie.212-227-153-4.plesk.page\/producto\/mangueira-de-escape-umida-marinha-de-seaflow-127mm\/"},"modified":"2026-02-25T00:28:10","modified_gmt":"2026-02-25T00:28:10","slug":"mangueira-de-escape-umida-marinha-de-seaflow-127mm","status":"publish","type":"product","link":"https:\/\/stoic-curie.212-227-153-4.plesk.page\/pt\/product\/mangueira-de-escape-umida-marinha-de-seaflow-127mm\/","title":{"rendered":"Mangueira de escape \u00famida marinha de SeaFlow 127mm"},"content":{"rendered":"<p>Mangueira de escape \u00famida marinha de SeaFlow 127mm &#8211; <\/p>\n<div class=\"col-24 col-md-15\">\n<p>A mangueira de escape marinho Seaflow Superflex de 127 mm \u00e9 adequada para a descarga de gases de escape, utilizando o sistema de aquecimento e refrigera\u00e7\u00e3o do barco. A mangueira de escape marinho Seaflow \u00e9 adequada apenas para sistemas de escape \u00famidos e vendida por metro de mangueira.<\/p>\n<p>A mangueira de escape marinho n\u00e3o \u00e9 apenas resistente, mas tamb\u00e9m extremamente flex\u00edvel para ajudar a tornar a instala\u00e7\u00e3o o mais f\u00e1cil poss\u00edvel.<\/p>\n<p>A mangueira de escape Seaflow \u00e9 aprovada de acordo com as especifica\u00e7\u00f5es da R.I.N.A. e da LLOYD&#8217;s.<\/p>\n<p>Esta mangueira de escape pode substituir a mangueira de escape \u00famido marinho Volvo Penta 1140669.<\/p>\n<p><style id=\"1\" name=\"Bold\" type=\"2\"><![CDATA[Constru\u00e7\u00e3o da Mangueira de Escape Marinho Seaflow]]><\/style>\n<\/p>\n<p>O tubo interno da mangueira \u00e9 feito de borracha preta NBR que \u00e9 resistente a \u00f3leo, combust\u00edvel, \u00e1gua do mar e queima de g\u00e1s. A cobertura \u00e9 feita de borracha preta NBR\/CR que \u00e9 resistente \u00e0 abras\u00e3o, oz\u00f4nio, condi\u00e7\u00f5es clim\u00e1ticas, calor e \u00f3leo. A mangueira de admiss\u00e3o apresenta refor\u00e7os de tecido sint\u00e9tico e refor\u00e7o espiral de a\u00e7o. A superf\u00edcie da mangueira \u00e9 ondulada com um acabamento de tecido e impressa com as palavras &#8220;EUROCORD MARINGAS \/ HD &#8211; R.I.N.A. N\u00ba&#8230; SAE J 2006:03 &#8211; CERTIFICADO APROVADO LLOYDS&#8230; NR. 02\/00029&#8221;.<\/p>\n<p>A mangueira de escape marinho Seaflow Superflex \u00e9 vendida por metro e cortada para o comprimento total solicitado. Tamb\u00e9m vendemos mangueiras de escape marinho Seaflow em cortes separados (sujeito \u00e0 disponibilidade) e bobinas de 10 m que incluem economia adicional.<\/p>\n<p>Esta mangueira de escape marinho Seaflow est\u00e1 dispon\u00edvel em v\u00e1rios tamanhos de di\u00e2metro interno entre 19 mm e 203 mm para se adequar ao seu sistema de escape.<\/p>\n<\/div>\n<h3>Especifica\u00e7\u00f5es<\/h3>\n<table class=\"table\">\n<tbody>\n<tr>\n<td><strong>Aprova\u00e7\u00f5es<\/strong><\/td>\n<td>Aprovada conforme as especifica\u00e7\u00f5es da R.I.N.A. &#038; LLOYD&#8217;s.<\/td>\n<\/tr>\n<tr>\n<td><strong>Faixa de Temperatura<\/strong><\/td>\n<td>-30\u00b0C a +100\u00b0C<\/td>\n<\/tr>\n<tr>\n<td><strong>Press\u00e3o de Trabalho<\/strong><\/td>\n<td>43,5 PSI (3 bar)<\/td>\n<\/tr>\n<tr>\n<td><strong>Marca<\/strong><\/td>\n<td>Seaflow<\/td>\n<\/tr>\n<tr>\n<td><strong>Unidade de Venda<\/strong><\/td>\n<td>Por Metro<\/td>\n<\/tr>\n<tr>\n<td><strong>Raio de Curvatura<\/strong><\/td>\n<td>500 mm<\/td>\n<\/tr>\n<tr>\n<td><strong>Press\u00e3o de Estouro<\/strong><\/td>\n<td>130 PSI (9 bar)<\/td>\n<\/tr>\n<tr>\n<td><strong>Constru\u00e7\u00e3o<\/strong><\/td>\n<td>Tubo liso de borracha NBR com cobertura NBR\/CR. Refor\u00e7ado com tecidos sint\u00e9ticos e espiral de a\u00e7o.<\/td>\n<\/tr>\n<tr>\n<td><strong>Di\u00e2metro<\/strong><\/td>\n<td>127 mm (5&#8243;) ID, 139 mm OD<\/td>\n<\/tr>\n<tr>\n<td><strong>Substitui<\/strong><\/td>\n<td>Volvo Penta 1140669<\/td>\n<\/tr>\n<tr>\n<td><strong>Compatibilidade<\/strong><\/td>\n<td>Apenas para Sistemas de Escape \u00damido<\/td>\n<\/tr>\n<\/tbody>\n<\/table>\n","protected":false},"excerpt":{"rendered":"<p>Mangueira de escape \u00famida marinha de SeaFlow 127mm &#8211; A mangueira de escape marinho Seaflow Superflex de 127 mm \u00e9<\/p>\n","protected":false},"featured_media":5944988,"comment_status":"open","ping_status":"closed","template":"","meta":[],"product_brand":[3357],"product_cat":[2079],"product_tag":[],"class_list":{"0":"post-749887","1":"product","2":"type-product","3":"status-publish","4":"has-post-thumbnail","6":"product_brand-seaflow-pt","7":"product_cat-mangueiras-de-escape","9":"first","10":"instock","11":"shipping-taxable","12":"purchasable","13":"product-type-simple"},"_links":{"self":[{"href":"https:\/\/stoic-curie.212-227-153-4.plesk.page\/pt\/wp-json\/wp\/v2\/product\/749887","targetHints":{"allow":["GET"]}}],"collection":[{"href":"https:\/\/stoic-curie.212-227-153-4.plesk.page\/pt\/wp-json\/wp\/v2\/product"}],"about":[{"href":"https:\/\/stoic-curie.212-227-153-4.plesk.page\/pt\/wp-json\/wp\/v2\/types\/product"}],"replies":[{"embeddable":true,"href":"https:\/\/stoic-curie.212-227-153-4.plesk.page\/pt\/wp-json\/wp\/v2\/comments?post=749887"}],"version-history":[{"count":0,"href":"https:\/\/stoic-curie.212-227-153-4.plesk.page\/pt\/wp-json\/wp\/v2\/product\/749887\/revisions"}],"wp:featuredmedia":[{"embeddable":true,"href":"https:\/\/stoic-curie.212-227-153-4.plesk.page\/pt\/wp-json\/wp\/v2\/media\/5944988"}],"wp:attachment":[{"href":"https:\/\/stoic-curie.212-227-153-4.plesk.page\/pt\/wp-json\/wp\/v2\/media?parent=749887"}],"wp:term":[{"taxonomy":"product_brand","embeddable":true,"href":"https:\/\/stoic-curie.212-227-153-4.plesk.page\/pt\/wp-json\/wp\/v2\/product_brand?post=749887"},{"taxonomy":"product_cat","embeddable":true,"href":"https:\/\/stoic-curie.212-227-153-4.plesk.page\/pt\/wp-json\/wp\/v2\/product_cat?post=749887"},{"taxonomy":"product_tag","embeddable":true,"href":"https:\/\/stoic-curie.212-227-153-4.plesk.page\/pt\/wp-json\/wp\/v2\/product_tag?post=749887"}],"curies":[{"name":"wp","href":"https:\/\/api.w.org\/{rel}","templated":true}]}}