{"id":749888,"date":"2025-03-03T22:29:16","date_gmt":"2025-03-03T21:29:16","guid":{"rendered":"https:\/\/stoic-curie.212-227-153-4.plesk.page\/producto\/mangueira-de-escape-umida-marinha-de-seaflow-152mm\/"},"modified":"2026-02-25T00:28:10","modified_gmt":"2026-02-25T00:28:10","slug":"mangueira-de-escape-umida-marinha-de-seaflow-152mm","status":"publish","type":"product","link":"https:\/\/stoic-curie.212-227-153-4.plesk.page\/pt\/product\/mangueira-de-escape-umida-marinha-de-seaflow-152mm\/","title":{"rendered":"Mangueira de escape \u00famida marinha de SeaFlow 152mm"},"content":{"rendered":"<p>Mangueira de escape \u00famida marinha de SeaFlow 152mm &#8211; <\/p>\n<div class=\"col-24 col-md-15\">\n<p>O mangueira de escape marinho Seaflow Superflex de 152 mm \u00e9 adequada para a descarga de gases de escape, utilizando sistemas de aquecimento e resfriamento da embarca\u00e7\u00e3o. O mangueira de escape marinho Seaflow \u00e9 adequado apenas para sistemas de escape \u00famidos e \u00e9 vendido por metro.<\/p>\n<p>O mangueira de escape marinho \u00e9 n\u00e3o s\u00f3 resistente, mas tamb\u00e9m extremamente flex\u00edvel, facilitando a instala\u00e7\u00e3o.<\/p>\n<p>O mangueira de escape Seaflow est\u00e1 aprovado de acordo com as especifica\u00e7\u00f5es R.I.N.A. e LLOYD&#8217;s.<\/p>\n<p>Esta mangueira de escape pode substituir a mangueira de escape \u00famido marinho da Volvo Penta 1140672.<\/p>\n<p><style id=\"1\" name=\"Bold\" type=\"2\"><![CDATA[Constru\u00e7\u00e3o da Mangueira de Escape Marinho Seaflow]]><\/style>\n<\/p>\n<p>O tubo interno da mangueira \u00e9 feito de borracha preta NBR que \u00e9 resistente a \u00f3leo, combust\u00edvel, \u00e1gua do mar e combust\u00e3o de g\u00e1s. A cobertura \u00e9 feita de borracha NBR\/CR preta que \u00e9 resistente \u00e0 abras\u00e3o, oz\u00f4nio, intemp\u00e9ries, calor e \u00f3leo. A mangueira de aspira\u00e7\u00e3o possui refor\u00e7os de tecido sint\u00e9tico e uma armadura de espiral de arame de a\u00e7o. A superf\u00edcie da mangueira \u00e9 corrugada com acabamento t\u00eaxtil e impressa com a transfer\u00eancia azul com as palavras &#8220;EUROCORD MARINGAS \/ HD &#8211; R.I.N.A. No&#8230; SAE J 2006:03 &#8211; LLOYDS&#8217; APPROVED CERT&#8230; NR. 02\/00029&#8221;.<\/p>\n<p>O mangueira de escape marinho Seaflow Superflex \u00e9 vendido por metro e cortado na extens\u00e3o total encomendada. Tamb\u00e9m vendemos mangueiras de escape marinho Seaflow em cortes separados (sujeito \u00e0 disponibilidade) e bobinas completas de 10 m que incluem economias adicionais.<\/p>\n<p>Esta mangueira de escape marinho Seaflow est\u00e1 dispon\u00edvel em v\u00e1rios tamanhos de di\u00e2metro interno entre 19 mm e 203 mm para se adaptar ao seu sistema de escape.<\/p>\n<\/div>\n<h3>Especifica\u00e7\u00f5es<\/h3>\n<table class=\"table\">\n<tbody>\n<tr>\n<td><strong>Aprova\u00e7\u00f5es<\/strong><\/td>\n<td>Aprovado segundo as especifica\u00e7\u00f5es da R.I.N.A. e LLOYD&#8217;s.<\/td>\n<\/tr>\n<tr>\n<td><strong>Faixa de Temperatura<\/strong><\/td>\n<td>-30\u00b0C a +100\u00b0C<\/td>\n<\/tr>\n<tr>\n<td><strong>Press\u00e3o de Trabalho<\/strong><\/td>\n<td>43,5 PSI (3 bar)<\/td>\n<\/tr>\n<tr>\n<td><strong>Marca<\/strong><\/td>\n<td>Seaflow<\/td>\n<\/tr>\n<tr>\n<td><strong>Unidade de Venda<\/strong><\/td>\n<td>Por metro<\/td>\n<\/tr>\n<tr>\n<td><strong>Raio de Curvatura<\/strong><\/td>\n<td>825 mm<\/td>\n<\/tr>\n<tr>\n<td><strong>Press\u00e3o de Ruptura<\/strong><\/td>\n<td>130 PSI (9 bar)<\/td>\n<\/tr>\n<tr>\n<td><strong>Constru\u00e7\u00e3o<\/strong><\/td>\n<td>Interior de borracha NBR lisa com capa NBR\/CR. Refor\u00e7o de tecidos sint\u00e9ticos e espiral de a\u00e7o.<\/td>\n<\/tr>\n<tr>\n<td><strong>Di\u00e2metro<\/strong><\/td>\n<td>152 mm (6&#8243;) ID, 165 mm OD<\/td>\n<\/tr>\n<tr>\n<td><strong>Substitui<\/strong><\/td>\n<td>Volvo Penta 1140672<\/td>\n<\/tr>\n<tr>\n<td><strong>Compatibilidade<\/strong><\/td>\n<td>Apenas para Sistemas de Escape \u00damidos<\/td>\n<\/tr>\n<\/tbody>\n<\/table>\n","protected":false},"excerpt":{"rendered":"<p>Mangueira de escape \u00famida marinha de SeaFlow 152mm &#8211; O mangueira de escape marinho Seaflow Superflex de 152 mm \u00e9<\/p>\n","protected":false},"featured_media":5944989,"comment_status":"open","ping_status":"closed","template":"","meta":[],"product_brand":[3357],"product_cat":[2079],"product_tag":[],"class_list":{"0":"post-749888","1":"product","2":"type-product","3":"status-publish","4":"has-post-thumbnail","6":"product_brand-seaflow-pt","7":"product_cat-mangueiras-de-escape","9":"first","10":"instock","11":"shipping-taxable","12":"purchasable","13":"product-type-simple"},"_links":{"self":[{"href":"https:\/\/stoic-curie.212-227-153-4.plesk.page\/pt\/wp-json\/wp\/v2\/product\/749888","targetHints":{"allow":["GET"]}}],"collection":[{"href":"https:\/\/stoic-curie.212-227-153-4.plesk.page\/pt\/wp-json\/wp\/v2\/product"}],"about":[{"href":"https:\/\/stoic-curie.212-227-153-4.plesk.page\/pt\/wp-json\/wp\/v2\/types\/product"}],"replies":[{"embeddable":true,"href":"https:\/\/stoic-curie.212-227-153-4.plesk.page\/pt\/wp-json\/wp\/v2\/comments?post=749888"}],"version-history":[{"count":0,"href":"https:\/\/stoic-curie.212-227-153-4.plesk.page\/pt\/wp-json\/wp\/v2\/product\/749888\/revisions"}],"wp:featuredmedia":[{"embeddable":true,"href":"https:\/\/stoic-curie.212-227-153-4.plesk.page\/pt\/wp-json\/wp\/v2\/media\/5944989"}],"wp:attachment":[{"href":"https:\/\/stoic-curie.212-227-153-4.plesk.page\/pt\/wp-json\/wp\/v2\/media?parent=749888"}],"wp:term":[{"taxonomy":"product_brand","embeddable":true,"href":"https:\/\/stoic-curie.212-227-153-4.plesk.page\/pt\/wp-json\/wp\/v2\/product_brand?post=749888"},{"taxonomy":"product_cat","embeddable":true,"href":"https:\/\/stoic-curie.212-227-153-4.plesk.page\/pt\/wp-json\/wp\/v2\/product_cat?post=749888"},{"taxonomy":"product_tag","embeddable":true,"href":"https:\/\/stoic-curie.212-227-153-4.plesk.page\/pt\/wp-json\/wp\/v2\/product_tag?post=749888"}],"curies":[{"name":"wp","href":"https:\/\/api.w.org\/{rel}","templated":true}]}}