{"id":749889,"date":"2025-03-03T22:29:16","date_gmt":"2025-03-03T21:29:16","guid":{"rendered":"https:\/\/stoic-curie.212-227-153-4.plesk.page\/producto\/valvula-de-porta-t-de-aco-inoxidavel-do-seaflow-portas-femininas-bsp-de-3-4\/"},"modified":"2026-02-25T00:28:10","modified_gmt":"2026-02-25T00:28:10","slug":"valvula-de-porta-t-de-aco-inoxidavel-do-seaflow-portas-femininas-bsp-de-3-4","status":"publish","type":"product","link":"https:\/\/stoic-curie.212-227-153-4.plesk.page\/pt\/product\/valvula-de-porta-t-de-aco-inoxidavel-do-seaflow-portas-femininas-bsp-de-3-4\/","title":{"rendered":"V\u00e1lvula de porta T de a\u00e7o inoxid\u00e1vel do SeaFlow (portas femininas BSP de 3\/4&#8243;"},"content":{"rendered":"<p>V\u00e1lvula de porta T de a\u00e7o inoxid\u00e1vel do SeaFlow (portas femininas BSP de 3\/4&#8243; &#8211; Esta v\u00e1lvula de porta T de a\u00e7o inoxid\u00e1vel 316 \u00e9 ideal para instala\u00e7\u00f5es onde v\u00e1rias linhas s\u00e3o necess\u00e1rias a partir de um tanque. Adequada para aplica\u00e7\u00f5es de diesel e gasolina. A configura\u00e7\u00e3o do porta T permite que um porta f\u00eamea roscada sirva como entrada e dois portas f\u00eameas roscadas como sa\u00edda, que podem ser abertas como &#8211; uma sa\u00edda ativa ou ambas as sa\u00eddas ativas. Tamb\u00e9m fornecemos conex\u00f5es de compress\u00e3o, terminais de mangueira e acess\u00f3rios para completar sua instala\u00e7\u00e3o.<\/p>\n","protected":false},"excerpt":{"rendered":"<p>V\u00e1lvula de porta T de a\u00e7o inoxid\u00e1vel do SeaFlow (portas femininas BSP de 3\/4&#8243; &#8211; Esta v\u00e1lvula de porta T<\/p>\n","protected":false},"featured_media":5944992,"comment_status":"open","ping_status":"closed","template":"","meta":[],"product_brand":[3357],"product_cat":[1952,1957],"product_tag":[],"class_list":{"0":"post-749889","1":"product","2":"type-product","3":"status-publish","4":"has-post-thumbnail","6":"product_brand-seaflow-pt","7":"product_cat-acessorios-para-tubagens-em-aco-inoxidavel","8":"product_cat-valvulas-maritimas","10":"first","11":"instock","12":"shipping-taxable","13":"purchasable","14":"product-type-simple"},"_links":{"self":[{"href":"https:\/\/stoic-curie.212-227-153-4.plesk.page\/pt\/wp-json\/wp\/v2\/product\/749889","targetHints":{"allow":["GET"]}}],"collection":[{"href":"https:\/\/stoic-curie.212-227-153-4.plesk.page\/pt\/wp-json\/wp\/v2\/product"}],"about":[{"href":"https:\/\/stoic-curie.212-227-153-4.plesk.page\/pt\/wp-json\/wp\/v2\/types\/product"}],"replies":[{"embeddable":true,"href":"https:\/\/stoic-curie.212-227-153-4.plesk.page\/pt\/wp-json\/wp\/v2\/comments?post=749889"}],"version-history":[{"count":0,"href":"https:\/\/stoic-curie.212-227-153-4.plesk.page\/pt\/wp-json\/wp\/v2\/product\/749889\/revisions"}],"wp:featuredmedia":[{"embeddable":true,"href":"https:\/\/stoic-curie.212-227-153-4.plesk.page\/pt\/wp-json\/wp\/v2\/media\/5944992"}],"wp:attachment":[{"href":"https:\/\/stoic-curie.212-227-153-4.plesk.page\/pt\/wp-json\/wp\/v2\/media?parent=749889"}],"wp:term":[{"taxonomy":"product_brand","embeddable":true,"href":"https:\/\/stoic-curie.212-227-153-4.plesk.page\/pt\/wp-json\/wp\/v2\/product_brand?post=749889"},{"taxonomy":"product_cat","embeddable":true,"href":"https:\/\/stoic-curie.212-227-153-4.plesk.page\/pt\/wp-json\/wp\/v2\/product_cat?post=749889"},{"taxonomy":"product_tag","embeddable":true,"href":"https:\/\/stoic-curie.212-227-153-4.plesk.page\/pt\/wp-json\/wp\/v2\/product_tag?post=749889"}],"curies":[{"name":"wp","href":"https:\/\/api.w.org\/{rel}","templated":true}]}}