{"id":749890,"date":"2025-03-03T22:29:16","date_gmt":"2025-03-03T21:29:16","guid":{"rendered":"https:\/\/stoic-curie.212-227-153-4.plesk.page\/producto\/johnson-mc97-pump-impeller-para-modelos-de-bomba-johnson-f5-12-laminas\/"},"modified":"2026-02-25T00:28:10","modified_gmt":"2026-02-25T00:28:10","slug":"johnson-mc97-pump-impeller-para-modelos-de-bomba-johnson-f5-12-laminas","status":"publish","type":"product","link":"https:\/\/stoic-curie.212-227-153-4.plesk.page\/pt\/product\/johnson-mc97-pump-impeller-para-modelos-de-bomba-johnson-f5-12-laminas\/","title":{"rendered":"Johnson MC97 Pump Impeller para Modelos de Bomba Johnson F5 (12 L\u00e2minas)"},"content":{"rendered":"<p>Johnson MC97 Pump Impeller para Modelos de Bomba Johnson F5 (12 L\u00e2minas) &#8211; <\/p>\n<div class=\"col-24 col-md-15\">\n<p>O verdadeiro impulsor flex\u00edvel Johnson MC97 \u00e9 adequado para tarefas gerais de bombeamento de \u00e1gua, como refrigera\u00e7\u00e3o de motores, transfer\u00eancia de \u00e1gua, limpeza e bombeamento de \u00e1gua de por\u00e3o. O impulsor flex\u00edvel Johnson foi projetado para ser instalado em alguns dos modelos da linha F5 da Johnson Pumps, que se adequam \u00e0s dimens\u00f5es do impulsor listadas abaixo.<\/p>\n<p>O MC97 foi desenvolvido para atender \u00e0s novas regulamenta\u00e7\u00f5es ambientais para processos de fabrica\u00e7\u00e3o de borracha e ir\u00e1 substituir a mistura de impulsor de neoprene regular da Johnson. O desenvolvimento do MC97 tamb\u00e9m resultou em uma vida \u00fatil prolongada do impulsor em compara\u00e7\u00e3o com os impulsores de neoprene.<\/p>\n<p>O impulsor flex\u00edvel Johnson possui doze l\u00e2minas e \u00e9 fornecido completo com juntas, O-ring, gel lubrificante e manual de instru\u00e7\u00f5es para auxiliar na instala\u00e7\u00e3o do impulsor na bomba de impulsor flex\u00edvel.<\/p>\n<p>O Johnson 09-1027B-1 pode ser usado para substituir o impulsor flex\u00edvel Jabsco 1210-0001 na Europa e nos EUA. Para aplica\u00e7\u00f5es que cont\u00eam diesel ou \u00f3leos leves, utilize o impulsor nitr\u00edlico Johnson 09-1027B-9.<\/p>\n<p>Recomenda-se fortemente garantir que voc\u00ea use um impulsor original da bomba para sua bomba de impulsor flex\u00edvel, pois isso garantir\u00e1 que a qualidade atenda aos requisitos de desempenho e dimens\u00f5es para cada tipo de bomba. Os impulsores da Johnson Pump s\u00e3o fabricados em r\u00edgida conformidade com as especifica\u00e7\u00f5es da bomba estabelecidas pelos fabricantes de motores.<\/p>\n<\/div>\n<h3>Especifica\u00e7\u00f5es<\/h3>\n<table class=\"table\">\n<tbody>\n<tr>\n<td><strong>Marca<\/strong><\/td>\n<td>Johnson<\/td>\n<\/tr>\n<tr>\n<td><strong>Di\u00e2metro do eixo do impulsor<\/strong><\/td>\n<td>16mm<\/td>\n<\/tr>\n<tr>\n<td><strong>N\u00famero de l\u00e2minas do impulsor<\/strong><\/td>\n<td>12<\/td>\n<\/tr>\n<tr>\n<td><strong>Constru\u00e7\u00e3o<\/strong><\/td>\n<td>MC97<\/td>\n<\/tr>\n<tr>\n<td><strong>Di\u00e2metro<\/strong><\/td>\n<td>57.1mm, ID: 16mm<\/td>\n<\/tr>\n<tr>\n<td><strong>Tipo de acionamento<\/strong><\/td>\n<td>Acionamento por estrias<\/td>\n<\/tr>\n<tr>\n<td><strong>Modelo<\/strong><\/td>\n<td>09-1027B-1<\/td>\n<\/tr>\n<tr>\n<td><strong>Substitui<\/strong><\/td>\n<td>Impulsores: Jabsco 1210-0001, Volvo 3855546, 825940, 860203 &#038; 875811, Yanmar 129470-42530 &#038; 129470-42530, Onan 132-0162, Perkins 0460038<\/td>\n<\/tr>\n<tr>\n<td><strong>Compatibilidade<\/strong><\/td>\n<td>Algumas bombas F5 da Johnson<\/td>\n<\/tr>\n<tr>\n<td><strong>Profundidade<\/strong><\/td>\n<td>31.5mm (1-1\/4&#8243;)<\/td>\n<\/tr>\n<\/tbody>\n<\/table>\n","protected":false},"excerpt":{"rendered":"<p>Johnson MC97 Pump Impeller para Modelos de Bomba Johnson F5 (12 L\u00e2minas) &#8211; O verdadeiro impulsor flex\u00edvel Johnson MC97 \u00e9<\/p>\n","protected":false},"featured_media":5945010,"comment_status":"open","ping_status":"closed","template":"","meta":[],"product_brand":[3047],"product_cat":[2096],"product_tag":[],"class_list":{"0":"post-749890","1":"product","2":"type-product","3":"status-publish","4":"has-post-thumbnail","6":"product_brand-johnson-marine-pt","7":"product_cat-bombas-de-arrefecimento-do-motor","9":"first","10":"instock","11":"shipping-taxable","12":"purchasable","13":"product-type-simple"},"_links":{"self":[{"href":"https:\/\/stoic-curie.212-227-153-4.plesk.page\/pt\/wp-json\/wp\/v2\/product\/749890","targetHints":{"allow":["GET"]}}],"collection":[{"href":"https:\/\/stoic-curie.212-227-153-4.plesk.page\/pt\/wp-json\/wp\/v2\/product"}],"about":[{"href":"https:\/\/stoic-curie.212-227-153-4.plesk.page\/pt\/wp-json\/wp\/v2\/types\/product"}],"replies":[{"embeddable":true,"href":"https:\/\/stoic-curie.212-227-153-4.plesk.page\/pt\/wp-json\/wp\/v2\/comments?post=749890"}],"version-history":[{"count":0,"href":"https:\/\/stoic-curie.212-227-153-4.plesk.page\/pt\/wp-json\/wp\/v2\/product\/749890\/revisions"}],"wp:featuredmedia":[{"embeddable":true,"href":"https:\/\/stoic-curie.212-227-153-4.plesk.page\/pt\/wp-json\/wp\/v2\/media\/5945010"}],"wp:attachment":[{"href":"https:\/\/stoic-curie.212-227-153-4.plesk.page\/pt\/wp-json\/wp\/v2\/media?parent=749890"}],"wp:term":[{"taxonomy":"product_brand","embeddable":true,"href":"https:\/\/stoic-curie.212-227-153-4.plesk.page\/pt\/wp-json\/wp\/v2\/product_brand?post=749890"},{"taxonomy":"product_cat","embeddable":true,"href":"https:\/\/stoic-curie.212-227-153-4.plesk.page\/pt\/wp-json\/wp\/v2\/product_cat?post=749890"},{"taxonomy":"product_tag","embeddable":true,"href":"https:\/\/stoic-curie.212-227-153-4.plesk.page\/pt\/wp-json\/wp\/v2\/product_tag?post=749890"}],"curies":[{"name":"wp","href":"https:\/\/api.w.org\/{rel}","templated":true}]}}