{"id":749891,"date":"2025-03-03T22:29:17","date_gmt":"2025-03-03T21:29:17","guid":{"rendered":"https:\/\/stoic-curie.212-227-153-4.plesk.page\/producto\/impulsor-johnson-09-814b\/"},"modified":"2026-02-25T00:28:10","modified_gmt":"2026-02-25T00:28:10","slug":"impulsor-johnson-09-814b","status":"publish","type":"product","link":"https:\/\/stoic-curie.212-227-153-4.plesk.page\/pt\/product\/impulsor-johnson-09-814b\/","title":{"rendered":"Impulsor Johnson 09-814B"},"content":{"rendered":"<p>Impulsor Johnson 09-814B &#8211; O genu\u00edno impulsor flex\u00edvel de neopreno Johnson \u00e9 adequado para fun\u00e7\u00f5es gerais de bombeamento de \u00e1gua, como arrefecimento do motor, transfer\u00eancia de \u00e1gua, limpeza e bombeamento de \u00e1gua de por\u00e3o. O impulsor flex\u00edvel Johnson \u00e9 projetado para ser instalado em alguns modelos da linha F9 das bombas Johnson, que se ajustam \u00e0s dimens\u00f5es do impulsor listadas abaixo. O impulsor flex\u00edvel Johnson possui doze l\u00e2minas e \u00e9 fornecido completo com gel de lubrifica\u00e7\u00e3o e um manual de instru\u00e7\u00f5es para facilitar a instala\u00e7\u00e3o do impulsor na bomba de impulsor flex\u00edvel. O Johnson 09-814B pode ser usado para substituir os impulsores flex\u00edveis Jabsco 21676-0001 Europa e 17936-0001 EUA, bem como Orbitrade 15814 e Volvo Penta 875814. Recomenda-se fortemente garantir que voc\u00ea use um impulsor original para sua bomba de impulsor flex\u00edvel, pois isso garantir\u00e1 que a qualidade atenda aos requisitos de desempenho e dimens\u00e3o para cada tipo de bomba. Os impulsores da Johnson Pump s\u00e3o fabricados em estrita conformidade com as especifica\u00e7\u00f5es da bomba estabelecidas pelos fabricantes de motores. Este impulsor Johnson tamb\u00e9m pode ser utilizado como alternativa aos seguintes impulsores: Jabsco 17936-0001, Jabsco 21676-0001, Orbitrade 15814, Volvo Penta 875814.<\/p>\n","protected":false},"excerpt":{"rendered":"<p>Impulsor Johnson 09-814B &#8211; O genu\u00edno impulsor flex\u00edvel de neopreno Johnson \u00e9 adequado para fun\u00e7\u00f5es gerais de bombeamento de \u00e1gua,<\/p>\n","protected":false},"featured_media":5945011,"comment_status":"open","ping_status":"closed","template":"","meta":[],"product_brand":[3047],"product_cat":[2096],"product_tag":[],"class_list":{"0":"post-749891","1":"product","2":"type-product","3":"status-publish","4":"has-post-thumbnail","6":"product_brand-johnson-marine-pt","7":"product_cat-bombas-de-arrefecimento-do-motor","9":"first","10":"instock","11":"shipping-taxable","12":"purchasable","13":"product-type-simple"},"_links":{"self":[{"href":"https:\/\/stoic-curie.212-227-153-4.plesk.page\/pt\/wp-json\/wp\/v2\/product\/749891","targetHints":{"allow":["GET"]}}],"collection":[{"href":"https:\/\/stoic-curie.212-227-153-4.plesk.page\/pt\/wp-json\/wp\/v2\/product"}],"about":[{"href":"https:\/\/stoic-curie.212-227-153-4.plesk.page\/pt\/wp-json\/wp\/v2\/types\/product"}],"replies":[{"embeddable":true,"href":"https:\/\/stoic-curie.212-227-153-4.plesk.page\/pt\/wp-json\/wp\/v2\/comments?post=749891"}],"version-history":[{"count":0,"href":"https:\/\/stoic-curie.212-227-153-4.plesk.page\/pt\/wp-json\/wp\/v2\/product\/749891\/revisions"}],"wp:featuredmedia":[{"embeddable":true,"href":"https:\/\/stoic-curie.212-227-153-4.plesk.page\/pt\/wp-json\/wp\/v2\/media\/5945011"}],"wp:attachment":[{"href":"https:\/\/stoic-curie.212-227-153-4.plesk.page\/pt\/wp-json\/wp\/v2\/media?parent=749891"}],"wp:term":[{"taxonomy":"product_brand","embeddable":true,"href":"https:\/\/stoic-curie.212-227-153-4.plesk.page\/pt\/wp-json\/wp\/v2\/product_brand?post=749891"},{"taxonomy":"product_cat","embeddable":true,"href":"https:\/\/stoic-curie.212-227-153-4.plesk.page\/pt\/wp-json\/wp\/v2\/product_cat?post=749891"},{"taxonomy":"product_tag","embeddable":true,"href":"https:\/\/stoic-curie.212-227-153-4.plesk.page\/pt\/wp-json\/wp\/v2\/product_tag?post=749891"}],"curies":[{"name":"wp","href":"https:\/\/api.w.org\/{rel}","templated":true}]}}