{"id":749892,"date":"2025-03-03T22:29:17","date_gmt":"2025-03-03T21:29:17","guid":{"rendered":"https:\/\/stoic-curie.212-227-153-4.plesk.page\/producto\/impulsor-de-neoprene-johnson-09-821bt-1\/"},"modified":"2026-02-25T00:28:10","modified_gmt":"2026-02-25T00:28:10","slug":"impulsor-de-neoprene-johnson-09-821bt-1","status":"publish","type":"product","link":"https:\/\/stoic-curie.212-227-153-4.plesk.page\/pt\/product\/impulsor-de-neoprene-johnson-09-821bt-1\/","title":{"rendered":"Impulsor de neoprene Johnson 09-821BT-1"},"content":{"rendered":"<p>Impulsor de neoprene Johnson 09-821BT-1 &#8211; <\/p>\n<div class=\"col-24 col-md-15\">\n<p>O impulsor flex\u00edvel de neoprene Johnson \u00e9 adequado para trabalhos gerais de bombeamento de \u00e1gua, como refrigera\u00e7\u00e3o de motores, transfer\u00eancia de \u00e1gua, limpeza e bombeamento de \u00e1gua da sentina. O impulsor flex\u00edvel da Johnson foi projetado para ser instalado em alguns modelos da linha F75 das Bombas Johnson que se adequam \u00e0s dimens\u00f5es do impulsor especificadas abaixo.<\/p>\n<p>O impulsor de bomba flex\u00edvel Johnson possui oito l\u00e2minas e \u00e9 fornecido completo com gel de lubrifica\u00e7\u00e3o e um manual de instru\u00e7\u00f5es para facilitar a instala\u00e7\u00e3o do impulsor na bomba com impulsor flex\u00edvel.<\/p>\n<p>\u00c9 altamente recomend\u00e1vel garantir que voc\u00ea use um impulsor de bomba original para sua bomba de impulsor flex\u00edvel, pois isso garantir\u00e1 que a qualidade atenda aos requisitos de desempenho e dimens\u00e3o de cada tipo de bomba. Os impulsores da Johnson Pump s\u00e3o fabricados em estrita conformidade com as especifica\u00e7\u00f5es da bomba definidas pelos fabricantes de motores.<\/p>\n<\/div>\n<h3>Especifica\u00e7\u00f5es<\/h3>\n<table class=\"table\">\n<tbody>\n<tr>\n<td><strong>Marca<\/strong><\/td>\n<td>Johnson<\/td>\n<\/tr>\n<tr>\n<td><strong>Di\u00e2metro do eixo do impulsor<\/strong><\/td>\n<td>25,4 mm<\/td>\n<\/tr>\n<tr>\n<td><strong>N\u00famero de l\u00e2minas do impulsor<\/strong><\/td>\n<td>12<\/td>\n<\/tr>\n<tr>\n<td><strong>Constru\u00e7\u00e3o<\/strong><\/td>\n<td>Neoprene<\/td>\n<\/tr>\n<tr>\n<td><strong>Di\u00e2metro<\/strong><\/td>\n<td>65 mm, eixo 25,4 mm<\/td>\n<\/tr>\n<tr>\n<td><strong>Tipo de acionamento<\/strong><\/td>\n<td>Acionamento spline<\/td>\n<\/tr>\n<tr>\n<td><strong>Modelo<\/strong><\/td>\n<td>09-821B<\/td>\n<\/tr>\n<tr>\n<td><strong>Compatibilidade<\/strong><\/td>\n<td>Bombas Johnson F75<\/td>\n<\/tr>\n<tr>\n<td><strong>Profundidade<\/strong><\/td>\n<td>80 mm (3-1\/8&#8243;)<\/td>\n<\/tr>\n<\/tbody>\n<\/table>\n","protected":false},"excerpt":{"rendered":"<p>Impulsor de neoprene Johnson 09-821BT-1 &#8211; O impulsor flex\u00edvel de neoprene Johnson \u00e9 adequado para trabalhos gerais de bombeamento de<\/p>\n","protected":false},"featured_media":5945012,"comment_status":"open","ping_status":"closed","template":"","meta":[],"product_brand":[3047],"product_cat":[2096],"product_tag":[],"class_list":{"0":"post-749892","1":"product","2":"type-product","3":"status-publish","4":"has-post-thumbnail","6":"product_brand-johnson-marine-pt","7":"product_cat-bombas-de-arrefecimento-do-motor","9":"first","10":"instock","11":"shipping-taxable","12":"purchasable","13":"product-type-simple"},"_links":{"self":[{"href":"https:\/\/stoic-curie.212-227-153-4.plesk.page\/pt\/wp-json\/wp\/v2\/product\/749892","targetHints":{"allow":["GET"]}}],"collection":[{"href":"https:\/\/stoic-curie.212-227-153-4.plesk.page\/pt\/wp-json\/wp\/v2\/product"}],"about":[{"href":"https:\/\/stoic-curie.212-227-153-4.plesk.page\/pt\/wp-json\/wp\/v2\/types\/product"}],"replies":[{"embeddable":true,"href":"https:\/\/stoic-curie.212-227-153-4.plesk.page\/pt\/wp-json\/wp\/v2\/comments?post=749892"}],"version-history":[{"count":0,"href":"https:\/\/stoic-curie.212-227-153-4.plesk.page\/pt\/wp-json\/wp\/v2\/product\/749892\/revisions"}],"wp:featuredmedia":[{"embeddable":true,"href":"https:\/\/stoic-curie.212-227-153-4.plesk.page\/pt\/wp-json\/wp\/v2\/media\/5945012"}],"wp:attachment":[{"href":"https:\/\/stoic-curie.212-227-153-4.plesk.page\/pt\/wp-json\/wp\/v2\/media?parent=749892"}],"wp:term":[{"taxonomy":"product_brand","embeddable":true,"href":"https:\/\/stoic-curie.212-227-153-4.plesk.page\/pt\/wp-json\/wp\/v2\/product_brand?post=749892"},{"taxonomy":"product_cat","embeddable":true,"href":"https:\/\/stoic-curie.212-227-153-4.plesk.page\/pt\/wp-json\/wp\/v2\/product_cat?post=749892"},{"taxonomy":"product_tag","embeddable":true,"href":"https:\/\/stoic-curie.212-227-153-4.plesk.page\/pt\/wp-json\/wp\/v2\/product_tag?post=749892"}],"curies":[{"name":"wp","href":"https:\/\/api.w.org\/{rel}","templated":true}]}}